{"id":5,"date":"2024-08-07T12:20:09","date_gmt":"2024-08-07T12:20:09","guid":{"rendered":"https:\/\/99bitcoins.com\/fr\/?page_id=5"},"modified":"2025-04-08T09:00:09","modified_gmt":"2025-04-08T09:00:09","slug":"home","status":"publish","type":"page","link":"https:\/\/99bitcoins.com\/fr\/","title":{"rendered":"Home | 99Bitcoins France"},"content":{"rendered":"[bitcoin-course]\n[bitcoin-course-text]\n<h2>Cours Gratuits sur le Bitcoin<\/h2>\n<ul>\n<li>Appr\u00e9ci\u00e9 par plus de 100 000 \u00e9tudiants.<\/li>\n<li>Un email par jour, pendant 7 jours cons\u00e9cutifs.<\/li>\n<li>Court et \u00e9ducatif, garanti !<\/li>\n<\/ul>\n<p>Not\u00e9 <b>Excellent<\/b> sur <a class=\"trustpilot-reviews__link\" href=\"https:\/\/fr.trustpilot.com\/review\/99bitcoins.com\" rel=\"nofollow\" target=\"_blank\"><b>Trustpilot<\/b><\/a> avec plus de 750 avis<\/p>\n[\/bitcoin-course-text]\n[bitcoin-course-form title=\u00a0\u00bbTout ce que vous devez savoir sur le Bitcoin.<br class=\"hidden-md\" \/>Commencez maintenant.\u00a0\u00bb name-text=\u00a0\u00bbVotre nom\u00a0\u00bb email-text=\u00a0\u00bbVotre email\u00a0\u00bb button-text=\u00a0\u00bbJE M&rsquo;INSCRIS !\u00a0\u00bb notice-text=\u00a0\u00bbNous d\u00e9testons le spam autant que vous. Vous pouvez vous d\u00e9sinscrire en un clic.\u00a0\u00bb recaptcha-text=\u00a0\u00bbCe site est prot\u00e9g\u00e9 par reCAPTCHA et les <a href=\"https:\/\/policies.google.com\/privacy\" target=\"_blank\" rel=\"nofollow noopener\">r\u00e8gles de confidentialit\u00e9<\/a> et les <a href=\"https:\/\/policies.google.com\/terms\" rel=\"nofollow\" target=\"_blank\">conditions d&rsquo;utilisation<\/a> de Google s&rsquo;appliquent.\u00a0\u00bb][\/bitcoin-course-form]\n[\/bitcoin-course]\n[bitcoin-search-block title=\u00a0\u00bbQue souhaitez-vous apprendre sur le Bitcoin ?\u00a0\u00bb placeholder=\u00a0\u00bbTapez ici pour rechercher\u00a0\u00bb button-text=&rsquo;Rechercher&rsquo;]\n\n\t<div id=\"get_started\" class=\"section pt-1\/25\">\n\t\t<div class=\"started\">\n\t\t\t<h1 class=\"text-center pb-1\/25\">Guides, Avis et Tutoriels sur le Bitcoin pour les D\u00e9butants<\/h1>\n\t\t\t<div class=\"started__list\">\n\t\t\t\t<div class=\"ast-row\">\n\t\t\t\t\t\n\t<a href=\"\/fr\/crypto-monnaie\/\" class=\"ast-col-md-4\">\n\t\t<div class=\"text-center started__list-item\">\n\t\t\t<img decoding=\"async\" loading=\"lazy\" width=\"163\" height=\"145\"\n\t\t\t\t src=\"https:\/\/99bitcoins.com\/wp-content\/uploads\/2024\/05\/started-icon-1.svg\" alt=\"\">\n\t\t\t<h2>La crypto-monnaie en bref<\/h2>\n\t\t\t<p>Suivez le guide du d\u00e9butant pour tout savoir sur la crypto-monnaie en 2024.<\/p>\n\t\t<\/div>\n\t<\/a>\n\t\n\t<a href=\"\/fr\/crypto-monnaie\/gagner-crypto-gratuit\/\" class=\"ast-col-md-4\">\n\t\t<div class=\"text-center started__list-item\">\n\t\t\t<img decoding=\"async\" loading=\"lazy\" width=\"163\" height=\"145\"\n\t\t\t\t src=\"https:\/\/99bitcoins.com\/wp-content\/uploads\/2024\/05\/started-icon-2.svg\" alt=\"\">\n\t\t\t<h2>Gagnez des bitcoins gratuits<\/h2>\n\t\t\t<p>Voici les m\u00e9thodes faciles pour obtenir des bitcoins et autres cryptos gratuitement.<\/p>\n\t\t<\/div>\n\t<\/a>\n\t\n\t<a href=\"\/fr\/crypto-monnaie\/nouvelle-crypto\/\" class=\"ast-col-md-4\">\n\t\t<div class=\"text-center started__list-item\">\n\t\t\t<img decoding=\"async\" loading=\"lazy\" width=\"163\" height=\"145\"\n\t\t\t\t src=\"https:\/\/99bitcoins.com\/wp-content\/uploads\/2024\/05\/started-icon-3.svg\" alt=\"\">\n\t\t\t<h2>Les nouvelles cryptos promettteuses<\/h2>\n\t\t\t<p>D\u00e9couvrez les nouveaux projets crypto en vedette \u00e0 ajouter \u00e0 votre portefeuille d\u00e8s maintenant pour prendre une longueur d'avance.<\/p>\n\t\t<\/div>\n\t<\/a>\n\t\n\t\t\t\t<\/div>\n\t\t\t<\/div>\n\t\t<\/div>\n\t<\/div>\n\n\t\n\t<div id=\"search_crypto_news\" class=\"search_crypto_news section\">\n\t\t<h2 class=\"text-center\">Guides les Plus Populaires :<\/h2>\n\t\t<div class=\"news__list\">\n\t\t\t\n[popular-read-item post-id=416 image=\u00a0\u00bbhttps:\/\/99bitcoins.com\/fr\/wp-content\/uploads\/sites\/4\/2024\/08\/crypto-ai-1-300&#215;171.png\u00a0\u00bb title=\u00a0\u00bbLes meilleures cryptos IA\u00a0\u00bb url=\u00a0\u00bb\/fr\/crypto-monnaie\/crypto-ia\/\u00a0\u00bb]L\u2019intelligence artificielle a connu ces derniers mois une progression ph\u00e9nom\u00e9nale. L\u2019av\u00e8nement d\u2019outils comme ChatGPT ou MidJourney l\u2019a rendue accessible au grand public, suscitant un vif engouement. Tous les secteurs sont d\u00e9sormais concern\u00e9s par le d\u00e9veloppement de l\u2019IA, et les cryptomonnaies ne font pas exception. Les projets de crypto IA sont aujourd\u2019hui nombreuses, et constituent l\u2019un des investissements les plus prometteurs du march\u00e9.<br \/>\n[\/popular-read-item]\n[popular-read-item post-id=416 image=\u00a0\u00bbhttps:\/\/99bitcoins.com\/fr\/wp-content\/uploads\/sites\/4\/2024\/08\/nouvelle-crypto-1-300&#215;171.png\u00a0\u00bb title=\u00a0\u00bbLes meilleures cryptos en pr\u00e9vente\u00a0\u00bb url=\u00a0\u00bb\/fr\/crypto-monnaie\/prevente-crypto\/\u00a0\u00bb]Trouver la meilleure pr\u00e9vente crypto est de moins en moins facile. Pour cause, leur nombre augmente de jour en jour. Alors que de plus en plus de projets crypto \u00e9mergent, il est alors int\u00e9ressant de pouvoir garder une longueur d\u2019avance sur l\u2019industrie. Cela permet non seulement de trouver des perles rares, mais aussi de s\u2019offrir une exposition au march\u00e9 \u00e0 laquelle les autres investisseurs n\u2019auront pas forc\u00e9ment pens\u00e9.[\/popular-read-item]\n[popular-read-item post-id=6014 image=\u00a0\u00bbhttps:\/\/99bitcoins.com\/fr\/wp-content\/uploads\/sites\/4\/2024\/08\/0_1-1-300&#215;171.png\u00a0\u00bb title=\u00a0\u00bbLes meilleurs memecoins\u00a0\u00bb url=\u00a0\u00bb\/fr\/crypto-monnaie\/crypto-meme\/\u00a0\u00bb]R\u00e9cemment, on a vu les meme coins exploser, avec en chef de file Pepe ($PEPE). D\u2019autres tokens, qu\u2019ils soient confirm\u00e9s comme Shiba Inu, ou tout juste lanc\u00e9s comme Book of Meme, ont aussi connu des hausse spectaculaires de leur valeur. Voici le top des 10 meilleures cryptos meme dans lesquelles investir en ce moment.[\/popular-read-item]\n[popular-read-item post-id=6014 image=\u00a0\u00bbhttps:\/\/99bitcoins.com\/fr\/wp-content\/uploads\/sites\/4\/2024\/08\/Capture-decran-2024-08-20-120954-300&#215;166.png\u00a0\u00bb title=\u00a0\u00bbLes meilleures cryptos play-to-earn\u00a0\u00bb url=\u00a0\u00bb\/fr\/crypto-monnaie\/play-to-earn\/\u00a0\u00bb]L\u2019\u00e9cosyst\u00e8me du Web3 et des applications d\u00e9centralis\u00e9es est en plein d\u00e9veloppement depuis quelques ann\u00e9es et un nouveau ph\u00e9nom\u00e8ne attire tant les investisseurs que les joueurs : le Play to Earn. Bas\u00e9 sur un nouveau syst\u00e8me \u00e9conomique gr\u00e2ce \u00e0 la technologie de blockchain, ces jeux permettent tout simplement de gagner des r\u00e9compenses avec une r\u00e9elle valeur en jouant.[\/popular-read-item]\n[popular-read-item post-id=35469 image=\u00a0\u00bbhttps:\/\/99bitcoins.com\/fr\/wp-content\/uploads\/sites\/4\/2024\/08\/crypto-hp-1-300&#215;171.png\u00a0\u00bb title=\u00a0\u00bbLes meilleures nouvelles cryptos\u00a0\u00bb url=\u00a0\u00bb\/fr\/crypto-monnaie\/nouvelle-crypto\/\u00a0\u00bb]Trouver une nouvelle crypto monnaie o\u00f9 investir peut s\u2019apparenter \u00e0 une t\u00e2che d\u00e9courageante. En effet, de nouveaux projets sortent tous les jours et faire le tri ressemble \u00e0 un travail de titan. N\u00e9anmoins, si la recherche est bien men\u00e9e, vous pourrez engranger des gains significatifs. Voyons quelle d\u00e9marche adopter pour trouver ces nouvelles p\u00e9pites.[\/popular-read-item]\n[popular-read-item post-id=16071 image=\u00a0\u00bbhttps:\/\/99bitcoins.com\/fr\/wp-content\/uploads\/sites\/4\/2024\/08\/guerre-bitcoin-1-300&#215;171.png\u00a0\u00bb title=\u00a0\u00bbLes cryptos au potentiel x1000&Prime; url=\u00a0\u00bb\/fr\/crypto-monnaie\/crypto-x1000\/\u00a0\u00bb]Les crypto-monnaies sont en constante \u00e9volution, avec certaines d\u2019entre elles offrant des opportunit\u00e9s de gains extraordinaires. Parmi elles, quelques-unes ont le potentiel de voir leur valeur multipli\u00e9e par 1000. Souvent, ces opportunit\u00e9s se cr\u00e9ent au lancement des projets lors d\u2019ICO ou de pr\u00e9ventes. Plus de risque certes, mais des gains potentiels plus \u00e9lev\u00e9s. Cet article explore les 10 cryptos qui pourraient r\u00e9aliser cette performance.[\/popular-read-item]\n\t\t<\/div>\n\t<\/div>\n\t\n<p><span style=\"font-weight: 400\">[latest-news title=\u00a0\u00bbDerni\u00e8res Actualit\u00e9s\u00a0\u00bb button-title=\u00a0\u00bbVOIR TOUTES LES ACTUALITES\u00a0\u00bb count=\u00a0\u00bb4&Prime; category=\u00a0\u00bbactu\u00a0\u00bb button-url=\u00a0\u00bbhttps:\/\/99bitcoins.com\/fr\/actu\/\u00a0\u00bb text-empty-news=\u00a0\u00bbIl n&rsquo;y a pas de nouvelles r\u00e9centes\u00a0\u00bb]<\/span><\/p>\n","protected":false},"excerpt":{"rendered":"<p>[bitcoin-course] [bitcoin-course-text] Cours Gratuits sur le Bitcoin Appr\u00e9ci\u00e9 par plus de 100 000 \u00e9tudiants. Un email par jour, pendant 7 jours cons\u00e9cutifs. Court et \u00e9ducatif, garanti ! Not\u00e9 Excellent sur Trustpilot avec plus de 750 avis [\/bitcoin-course-text] [bitcoin-course-form title=\u00a0\u00bbTout ce que vous devez savoir sur le Bitcoin.Commencez maintenant.\u00a0\u00bb name-text=\u00a0\u00bbVotre nom\u00a0\u00bb email-text=\u00a0\u00bbVotre email\u00a0\u00bb button-text=\u00a0\u00bbJE M&rsquo;INSCRIS !\u00a0\u00bb..<\/p>\n","protected":false},"author":135871,"featured_media":1367,"parent":0,"menu_order":0,"comment_status":"closed","ping_status":"closed","template":"front-page.php","meta":{"_acf_changed":false,"inline_featured_image":false,"footnotes":""},"class_list":["post-5","page","type-page","status-publish","has-post-thumbnail","hentry"],"acf":[],"yoast_head":"<!-- This site is optimized with the Yoast SEO plugin v27.4 - https:\/\/yoast.com\/product\/yoast-seo-wordpress\/ -->\n<title>Bienvenue sur 99Bitcoins France<\/title>\n<meta name=\"description\" content=\"Retrouvez sur notre site toute l&#039;actualit\u00e9 sur le Bitcoin, les altcoins, les pr\u00e9ventes crypto monnaies et le web3 dans son ensemble.\" \/>\n<meta name=\"robots\" content=\"index, follow, max-snippet:-1, max-image-preview:large, max-video-preview:-1\" \/>\n<link rel=\"canonical\" href=\"https:\/\/99bitcoins.com\/fr\/\" \/>\n<meta property=\"og:locale\" content=\"fr_FR\" \/>\n<meta property=\"og:type\" content=\"article\" \/>\n<meta property=\"og:title\" content=\"Bienvenue sur 99Bitcoins France\" \/>\n<meta property=\"og:description\" content=\"Retrouvez sur notre site toute l&#039;actualit\u00e9 sur le Bitcoin, les altcoins, les pr\u00e9ventes crypto monnaies et le web3 dans son ensemble.\" \/>\n<meta property=\"og:url\" content=\"https:\/\/99bitcoins.com\/fr\/\" \/>\n<meta property=\"og:site_name\" content=\"99bitcoins FR\" \/>\n<meta property=\"article:modified_time\" content=\"2025-04-08T09:00:09+00:00\" \/>\n<meta property=\"og:image\" content=\"https:\/\/99bitcoins.com\/fr\/wp-content\/uploads\/sites\/4\/2024\/11\/Featured-Image-in-box.png\" \/>\n\t<meta property=\"og:image:width\" content=\"1200\" \/>\n\t<meta property=\"og:image:height\" content=\"628\" \/>\n\t<meta property=\"og:image:type\" content=\"image\/png\" \/>\n<meta name=\"twitter:card\" content=\"summary_large_image\" \/>\n<meta name=\"twitter:label1\" content=\"Est. reading time\" \/>\n\t<meta name=\"twitter:data1\" content=\"4 minutes\" \/>\n<script type=\"application\/ld+json\" class=\"yoast-schema-graph\">{\"@context\":\"https:\\\/\\\/schema.org\",\"@graph\":[{\"@type\":\"WebPage\",\"@id\":\"https:\\\/\\\/99bitcoins.com\\\/fr\\\/\",\"url\":\"https:\\\/\\\/99bitcoins.com\\\/fr\\\/\",\"name\":\"Bienvenue sur 99Bitcoins France\",\"isPartOf\":{\"@id\":\"https:\\\/\\\/99bitcoins.com\\\/fr\\\/#website\"},\"primaryImageOfPage\":{\"@id\":\"https:\\\/\\\/99bitcoins.com\\\/fr\\\/#primaryimage\"},\"image\":{\"@id\":\"https:\\\/\\\/99bitcoins.com\\\/fr\\\/#primaryimage\"},\"thumbnailUrl\":\"https:\\\/\\\/99bitcoins.com\\\/fr\\\/wp-content\\\/uploads\\\/sites\\\/4\\\/2024\\\/11\\\/Featured-Image-in-box.png\",\"datePublished\":\"2024-08-07T12:20:09+00:00\",\"dateModified\":\"2025-04-08T09:00:09+00:00\",\"description\":\"Retrouvez sur notre site toute l'actualit\u00e9 sur le Bitcoin, les altcoins, les pr\u00e9ventes crypto monnaies et le web3 dans son ensemble.\",\"breadcrumb\":{\"@id\":\"https:\\\/\\\/99bitcoins.com\\\/fr\\\/#breadcrumb\"},\"inLanguage\":\"fr-FR\",\"potentialAction\":[{\"@type\":\"ReadAction\",\"target\":[\"https:\\\/\\\/99bitcoins.com\\\/fr\\\/\"]}]},{\"@type\":\"ImageObject\",\"inLanguage\":\"fr-FR\",\"@id\":\"https:\\\/\\\/99bitcoins.com\\\/fr\\\/#primaryimage\",\"url\":\"https:\\\/\\\/99bitcoins.com\\\/fr\\\/wp-content\\\/uploads\\\/sites\\\/4\\\/2024\\\/11\\\/Featured-Image-in-box.png\",\"contentUrl\":\"https:\\\/\\\/99bitcoins.com\\\/fr\\\/wp-content\\\/uploads\\\/sites\\\/4\\\/2024\\\/11\\\/Featured-Image-in-box.png\",\"width\":1200,\"height\":628},{\"@type\":\"BreadcrumbList\",\"@id\":\"https:\\\/\\\/99bitcoins.com\\\/fr\\\/#breadcrumb\",\"itemListElement\":[{\"@type\":\"ListItem\",\"position\":1,\"name\":\"Home\",\"item\":\"https:\\\/\\\/99bitcoins.com\\\/fr\\\/\"},{\"@type\":\"ListItem\",\"position\":2,\"name\":\"Home | 99Bitcoins France\"}]},{\"@type\":\"WebSite\",\"@id\":\"https:\\\/\\\/99bitcoins.com\\\/fr\\\/#website\",\"url\":\"https:\\\/\\\/99bitcoins.com\\\/fr\\\/\",\"name\":\"99bitcoins FR\",\"description\":\"\",\"publisher\":{\"@id\":\"https:\\\/\\\/99bitcoins.com\\\/fr\\\/#organization\"},\"potentialAction\":[{\"@type\":\"SearchAction\",\"target\":{\"@type\":\"EntryPoint\",\"urlTemplate\":\"https:\\\/\\\/99bitcoins.com\\\/fr\\\/?s={search_term_string}\"},\"query-input\":{\"@type\":\"PropertyValueSpecification\",\"valueRequired\":true,\"valueName\":\"search_term_string\"}}],\"inLanguage\":\"fr-FR\"},{\"@type\":\"Organization\",\"@id\":\"https:\\\/\\\/99bitcoins.com\\\/fr\\\/#organization\",\"name\":\"99bitcoins\",\"alternateName\":\"99bitcoins\",\"url\":\"https:\\\/\\\/99bitcoins.com\\\/fr\\\/\",\"logo\":{\"@type\":\"ImageObject\",\"inLanguage\":\"fr-FR\",\"@id\":\"https:\\\/\\\/99bitcoins.com\\\/fr\\\/#\\\/schema\\\/logo\\\/image\\\/\",\"url\":\"https:\\\/\\\/99bitcoins.com\\\/fr\\\/wp-content\\\/uploads\\\/sites\\\/4\\\/2024\\\/10\\\/99bitcoins-logo.svg\",\"contentUrl\":\"https:\\\/\\\/99bitcoins.com\\\/fr\\\/wp-content\\\/uploads\\\/sites\\\/4\\\/2024\\\/10\\\/99bitcoins-logo.svg\",\"width\":201,\"height\":43,\"caption\":\"99bitcoins\"},\"image\":{\"@id\":\"https:\\\/\\\/99bitcoins.com\\\/fr\\\/#\\\/schema\\\/logo\\\/image\\\/\"}}]}<\/script>\n<!-- \/ Yoast SEO plugin. -->","yoast_head_json":{"title":"Bienvenue sur 99Bitcoins France","description":"Retrouvez sur notre site toute l'actualit\u00e9 sur le Bitcoin, les altcoins, les pr\u00e9ventes crypto monnaies et le web3 dans son ensemble.","robots":{"index":"index","follow":"follow","max-snippet":"max-snippet:-1","max-image-preview":"max-image-preview:large","max-video-preview":"max-video-preview:-1"},"canonical":"https:\/\/99bitcoins.com\/fr\/","og_locale":"fr_FR","og_type":"article","og_title":"Bienvenue sur 99Bitcoins France","og_description":"Retrouvez sur notre site toute l'actualit\u00e9 sur le Bitcoin, les altcoins, les pr\u00e9ventes crypto monnaies et le web3 dans son ensemble.","og_url":"https:\/\/99bitcoins.com\/fr\/","og_site_name":"99bitcoins FR","article_modified_time":"2025-04-08T09:00:09+00:00","og_image":[{"width":1200,"height":628,"url":"https:\/\/99bitcoins.com\/fr\/wp-content\/uploads\/sites\/4\/2024\/11\/Featured-Image-in-box.png","type":"image\/png"}],"twitter_card":"summary_large_image","twitter_misc":{"Est. reading time":"4 minutes"},"schema":{"@context":"https:\/\/schema.org","@graph":[{"@type":"WebPage","@id":"https:\/\/99bitcoins.com\/fr\/","url":"https:\/\/99bitcoins.com\/fr\/","name":"Bienvenue sur 99Bitcoins France","isPartOf":{"@id":"https:\/\/99bitcoins.com\/fr\/#website"},"primaryImageOfPage":{"@id":"https:\/\/99bitcoins.com\/fr\/#primaryimage"},"image":{"@id":"https:\/\/99bitcoins.com\/fr\/#primaryimage"},"thumbnailUrl":"https:\/\/99bitcoins.com\/fr\/wp-content\/uploads\/sites\/4\/2024\/11\/Featured-Image-in-box.png","datePublished":"2024-08-07T12:20:09+00:00","dateModified":"2025-04-08T09:00:09+00:00","description":"Retrouvez sur notre site toute l'actualit\u00e9 sur le Bitcoin, les altcoins, les pr\u00e9ventes crypto monnaies et le web3 dans son ensemble.","breadcrumb":{"@id":"https:\/\/99bitcoins.com\/fr\/#breadcrumb"},"inLanguage":"fr-FR","potentialAction":[{"@type":"ReadAction","target":["https:\/\/99bitcoins.com\/fr\/"]}]},{"@type":"ImageObject","inLanguage":"fr-FR","@id":"https:\/\/99bitcoins.com\/fr\/#primaryimage","url":"https:\/\/99bitcoins.com\/fr\/wp-content\/uploads\/sites\/4\/2024\/11\/Featured-Image-in-box.png","contentUrl":"https:\/\/99bitcoins.com\/fr\/wp-content\/uploads\/sites\/4\/2024\/11\/Featured-Image-in-box.png","width":1200,"height":628},{"@type":"BreadcrumbList","@id":"https:\/\/99bitcoins.com\/fr\/#breadcrumb","itemListElement":[{"@type":"ListItem","position":1,"name":"Home","item":"https:\/\/99bitcoins.com\/fr\/"},{"@type":"ListItem","position":2,"name":"Home | 99Bitcoins France"}]},{"@type":"WebSite","@id":"https:\/\/99bitcoins.com\/fr\/#website","url":"https:\/\/99bitcoins.com\/fr\/","name":"99bitcoins FR","description":"","publisher":{"@id":"https:\/\/99bitcoins.com\/fr\/#organization"},"potentialAction":[{"@type":"SearchAction","target":{"@type":"EntryPoint","urlTemplate":"https:\/\/99bitcoins.com\/fr\/?s={search_term_string}"},"query-input":{"@type":"PropertyValueSpecification","valueRequired":true,"valueName":"search_term_string"}}],"inLanguage":"fr-FR"},{"@type":"Organization","@id":"https:\/\/99bitcoins.com\/fr\/#organization","name":"99bitcoins","alternateName":"99bitcoins","url":"https:\/\/99bitcoins.com\/fr\/","logo":{"@type":"ImageObject","inLanguage":"fr-FR","@id":"https:\/\/99bitcoins.com\/fr\/#\/schema\/logo\/image\/","url":"https:\/\/99bitcoins.com\/fr\/wp-content\/uploads\/sites\/4\/2024\/10\/99bitcoins-logo.svg","contentUrl":"https:\/\/99bitcoins.com\/fr\/wp-content\/uploads\/sites\/4\/2024\/10\/99bitcoins-logo.svg","width":201,"height":43,"caption":"99bitcoins"},"image":{"@id":"https:\/\/99bitcoins.com\/fr\/#\/schema\/logo\/image\/"}}]}},"_links":{"self":[{"href":"https:\/\/99bitcoins.com\/fr\/wp-json\/wp\/v2\/pages\/5","targetHints":{"allow":["GET"]}}],"collection":[{"href":"https:\/\/99bitcoins.com\/fr\/wp-json\/wp\/v2\/pages"}],"about":[{"href":"https:\/\/99bitcoins.com\/fr\/wp-json\/wp\/v2\/types\/page"}],"author":[{"embeddable":true,"href":"https:\/\/99bitcoins.com\/fr\/wp-json\/wp\/v2\/users\/135871"}],"replies":[{"embeddable":true,"href":"https:\/\/99bitcoins.com\/fr\/wp-json\/wp\/v2\/comments?post=5"}],"version-history":[{"count":5,"href":"https:\/\/99bitcoins.com\/fr\/wp-json\/wp\/v2\/pages\/5\/revisions"}],"predecessor-version":[{"id":30668,"href":"https:\/\/99bitcoins.com\/fr\/wp-json\/wp\/v2\/pages\/5\/revisions\/30668"}],"wp:featuredmedia":[{"embeddable":true,"href":"https:\/\/99bitcoins.com\/fr\/wp-json\/wp\/v2\/media\/1367"}],"wp:attachment":[{"href":"https:\/\/99bitcoins.com\/fr\/wp-json\/wp\/v2\/media?parent=5"}],"curies":[{"name":"wp","href":"https:\/\/api.w.org\/{rel}","templated":true}]}}