{"id":8384,"date":"2024-12-11T11:24:02","date_gmt":"2024-12-11T11:24:02","guid":{"rendered":"https:\/\/99bitcoins.com\/es\/?page_id=8384"},"modified":"2025-02-24T05:16:27","modified_gmt":"2025-02-24T05:16:27","slug":"donde-encontrar-cajeros-bitcoin","status":"publish","type":"page","link":"https:\/\/99bitcoins.com\/es\/guias\/donde-encontrar-cajeros-bitcoin\/","title":{"rendered":"\u00bfD\u00f3nde encontrar cajeros de Bitcoin? Visita los m\u00e1s cercanos a tu ubicaci\u00f3n"},"content":{"rendered":"<p>En pleno 2026 y en la era de las criptomonedas, los cajeros autom\u00e1ticos de Bitcoin (Bitcoin ATMs o BTMs) se han convertido en una herramienta esencial para quienes buscan comprar o vender criptomonedas de forma r\u00e1pida y segura.<\/p>\n<p>Ya sea que est\u00e9s viajando o simplemente quieras encontrar el cajero m\u00e1s cercano, en este art\u00edculo te mostramos <strong>d\u00f3nde encontrar cajeros de Bitcoin<\/strong> para que puedas localizarlos f\u00e1cilmente. Tambi\u00e9n te explicamos todo lo que necesitas saber para utilizarlos.<\/p>\n<h2>\u00bfQu\u00e9 es un cajero de Bitcoin?<\/h2>\n<p><img decoding=\"async\" class=\"alignnone wp-image-8446 size-full\" src=\"https:\/\/99bitcoins.com\/es\/wp-content\/uploads\/sites\/5\/2024\/12\/cajero-bitcoin.jpg\" alt=\"cajero bitcoin\" width=\"1200\" height=\"800\" srcset=\"https:\/\/99bitcoins.com\/es\/wp-content\/uploads\/sites\/5\/2024\/12\/cajero-bitcoin.jpg 1200w, https:\/\/99bitcoins.com\/es\/wp-content\/uploads\/sites\/5\/2024\/12\/cajero-bitcoin-300x200.jpg 300w, https:\/\/99bitcoins.com\/es\/wp-content\/uploads\/sites\/5\/2024\/12\/cajero-bitcoin-768x512.jpg 768w\" sizes=\"(max-width: 1200px) 100vw, 1200px\" \/><\/p>\n<p><strong>Un cajero de Bitcoin es un dispositivo dise\u00f1ado para facilitar la <a href=\"https:\/\/99bitcoins.com\/es\/comprar-bitcoin\/\">compra o venta de Bitcoin<\/a><\/strong> (y, en algunos casos, otras criptomonedas como ETH, USDT o XMR) utilizando efectivo o tarjetas. Aunque funcionan de manera similar a los cajeros autom\u00e1ticos tradicionales, su prop\u00f3sito es interactuar con la blockchain en lugar de una cuenta bancaria.<\/p>\n<p>Estos cajeros ofrecen transacciones r\u00e1pidas, ideales para quienes necesitan Bitcoin de forma inmediata. Adem\u00e1s, en ciertos casos permiten operar con un nivel de privacidad mayor al de las plataformas online. <strong>Los encontrar\u00e1s en ubicaciones como centros comerciales, estaciones de servicio y tiendas o locales propios<\/strong>, lo que los hace f\u00e1cilmente accesibles.<\/p>\n<p><strong>Sigue leyendo:\u00a0<a href=\"https:\/\/99bitcoins.com\/es\/comprar-bitcoin\/efectivo\/\">Comprar Bitcoin con efectivo<\/a><\/strong><\/p>\n<h2>\u00bfC\u00f3mo encontrar un cajero de Bitcoin cercano?<\/h2>\n<p>Con la creciente adopci\u00f3n de BTC, cada vez es m\u00e1s f\u00e1cil encontrar cajeros autom\u00e1ticos en diversas ciudades del mundo. Por suerte, existen plataformas especializadas como <a class=\"general-link\" href=\"https:\/\/coinatmradar.com\/\" target=\"_blank\" rel=\"nofollow noopener\">CoinATMRadar<\/a> que pueden ayudarte a buscar cajeros de Bitcoin en cualquier parte del mundo.<\/p>\n<p>Hay cajeros en las principales ciudades de Espa\u00f1a, como Barcelona, Madrid, Valencia, Palma de Mallorca o Sevilla.<\/p>\n<p>Los cajeros permiten, aunque cada vez menos en la UE, <strong><a href=\"https:\/\/99bitcoins.com\/es\/comprar-bitcoin\/sin-kyc\/\">comprar Bitcoin sin KYC<\/a>\u00a0<\/strong>y hacerlo de una manera c\u00f3moda y directa, sin curva de aprendizaje y sin tener que usar sitios online ni registrarse en ninguna parte con la correspondiente compartici\u00f3n de datos personales.<\/p>\n<h2>Aspectos importantes a considerar al usar un cajero de Bitcoin<\/h2>\n<p>Antes de utilizar un cajero, es fundamental conocer ciertos detalles. Por ejemplo, <strong>las tarifas suelen ser m\u00e1s altas en comparaci\u00f3n con los exchanges online<\/strong>, pero a cambio obtienes rapidez y comodidad. Tambi\u00e9n es com\u00fan encontrar <strong>l\u00edmites diarios para las transacciones<\/strong>, por lo que es recomendable verificar esta informaci\u00f3n con antelaci\u00f3n.<\/p>\n<ul>\n<li>En <strong>Espa\u00f1a<\/strong>, se suele aplicar una comisi\u00f3n de entre el 7% y el 12% para estas operaciones de cajero de Bitcoin.<\/li>\n<li>Los l\u00edmites para operar son de <strong>990 euros al d\u00eda<\/strong> como m\u00e1ximo, aunque en septiembre de 2025 eso cambiar\u00e1 ya que tendr\u00e1s que identificarte incluso por debajo de ese importe.<\/li>\n<\/ul>\n<p><strong>Con la normativa MiCA de la UE, todos los cajeros de Bitcoin en Espa\u00f1a exigen una identificaci\u00f3n desde el 1 de septiembre de 2025<\/strong> para procesar las transacciones, con indiferencia del importe. De marzo a septiembre de 2025, s\u00f3lo ser\u00e1 necesario para transacciones superiores a los 990 euros diarios. Tambi\u00e9n se ha finalizado la opci\u00f3n de hacer hasta 15 operaciones de 999 euros al d\u00eda como m\u00e1ximo.<\/p>\n<p>dependiendo de la ubicaci\u00f3n y las regulaciones locales. Otros, en cambio, permiten operar de forma an\u00f3nima, lo cual es una ventaja para quienes priorizan la privacidad.<\/p>\n<p><strong>Sigue leyendo: <a href=\"https:\/\/99bitcoins.com\/es\/comprar-bitcoin\/tarjeta-de-credito\/\">comprar Bitcoin con tarjeta de cr\u00e9dito<\/a><\/strong><\/p>\n<h2>\u00bfQu\u00e9 criptomonedas puedo comprar en un cajero de Bitcoin?<\/h2>\n<p>Aunque estos dispositivos est\u00e1n dise\u00f1ados principalmente para Bitcoin, cada vez m\u00e1s cajeros soportan una variedad de criptomonedas como Ethereum, Litecoin, Monero o incluso stablecoins como el USDT. Sin embargo, la disponibilidad de estas opciones var\u00eda seg\u00fan el operador del cajero.<\/p>\n<h2>Conclusi\u00f3n<\/h2>\n<p>Los cajeros de Bitcoin son una excelente herramienta para quienes buscan interactuar con criptomonedas de forma r\u00e1pida y accesible. Tanto si necesitas comprar Bitcoin mientras viajas o quieras vender de forma directa, estos dispositivos ofrecen una soluci\u00f3n pr\u00e1ctica para tus necesidades.<\/p>\n","protected":false},"excerpt":{"rendered":"<p>En pleno y en la era de las criptomonedas, los cajeros autom\u00e1ticos de Bitcoin (Bitcoin ATMs o BTMs) se han convertido en una herramienta esencial para quienes buscan comprar o vender criptomonedas de forma r\u00e1pida y segura. Ya sea que est\u00e9s viajando o simplemente quieras encontrar el cajero m\u00e1s cercano, en este art\u00edculo te mostramos..<\/p>\n","protected":false},"author":135943,"featured_media":8445,"parent":9662,"menu_order":0,"comment_status":"closed","ping_status":"closed","template":"","meta":{"_acf_changed":false,"inline_featured_image":false,"footnotes":""},"class_list":["post-8384","page","type-page","status-publish","has-post-thumbnail","hentry"],"acf":[],"yoast_head":"<!-- This site is optimized with the Yoast SEO plugin v27.2 - https:\/\/yoast.com\/product\/yoast-seo-wordpress\/ -->\n<title>\u00bfD\u00f3nde encontrar cajeros de Bitcoin cercanos a tu ubicaci\u00f3n?<\/title>\n<meta name=\"description\" content=\"Descubre los cajeros de Bitcoin m\u00e1s cercanos a tu localizaci\u00f3n. Lee acerca de su funcionamiento y c\u00f3mo usarlos: l\u00edmites e identificaci\u00f3n.\" \/>\n<meta name=\"robots\" content=\"index, follow, max-snippet:-1, max-image-preview:large, max-video-preview:-1\" \/>\n<link rel=\"canonical\" href=\"https:\/\/99bitcoins.com\/es\/guias\/donde-encontrar-cajeros-bitcoin\/\" \/>\n<meta property=\"og:locale\" content=\"es_ES\" \/>\n<meta property=\"og:type\" content=\"article\" \/>\n<meta property=\"og:title\" content=\"\u00bfD\u00f3nde encontrar cajeros de Bitcoin cercanos a tu ubicaci\u00f3n?\" \/>\n<meta property=\"og:description\" content=\"Descubre los cajeros de Bitcoin m\u00e1s cercanos a tu localizaci\u00f3n. Lee acerca de su funcionamiento y c\u00f3mo usarlos: l\u00edmites e identificaci\u00f3n.\" \/>\n<meta property=\"og:url\" content=\"https:\/\/99bitcoins.com\/es\/guias\/donde-encontrar-cajeros-bitcoin\/\" \/>\n<meta property=\"og:site_name\" content=\"99bitcoins ES\" \/>\n<meta property=\"article:modified_time\" content=\"2025-02-24T05:16:27+00:00\" \/>\n<meta property=\"og:image\" content=\"https:\/\/99bitcoins.com\/es\/wp-content\/uploads\/sites\/5\/2024\/12\/donde-encontrar-cajeros-bitcoin.jpg\" \/>\n\t<meta property=\"og:image:width\" content=\"1024\" \/>\n\t<meta property=\"og:image:height\" content=\"1024\" \/>\n\t<meta property=\"og:image:type\" content=\"image\/jpeg\" \/>\n<meta name=\"twitter:card\" content=\"summary_large_image\" \/>\n<meta name=\"twitter:label1\" content=\"Est. reading time\" \/>\n\t<meta name=\"twitter:data1\" content=\"4 minutos\" \/>\n<script type=\"application\/ld+json\" class=\"yoast-schema-graph\">{\"@context\":\"https:\/\/schema.org\",\"@graph\":[{\"@type\":\"WebPage\",\"@id\":\"https:\/\/99bitcoins.com\/es\/guias\/donde-encontrar-cajeros-bitcoin\/\",\"url\":\"https:\/\/99bitcoins.com\/es\/guias\/donde-encontrar-cajeros-bitcoin\/\",\"name\":\"\u00bfD\u00f3nde encontrar cajeros de Bitcoin cercanos a tu ubicaci\u00f3n?\",\"isPartOf\":{\"@id\":\"https:\/\/99bitcoins.com\/es\/#website\"},\"primaryImageOfPage\":{\"@id\":\"https:\/\/99bitcoins.com\/es\/guias\/donde-encontrar-cajeros-bitcoin\/#primaryimage\"},\"image\":{\"@id\":\"https:\/\/99bitcoins.com\/es\/guias\/donde-encontrar-cajeros-bitcoin\/#primaryimage\"},\"thumbnailUrl\":\"https:\/\/99bitcoins.com\/es\/wp-content\/uploads\/sites\/5\/2024\/12\/donde-encontrar-cajeros-bitcoin.jpg\",\"datePublished\":\"2024-12-11T11:24:02+00:00\",\"dateModified\":\"2025-02-24T05:16:27+00:00\",\"description\":\"Descubre los cajeros de Bitcoin m\u00e1s cercanos a tu localizaci\u00f3n. Lee acerca de su funcionamiento y c\u00f3mo usarlos: l\u00edmites e identificaci\u00f3n.\",\"breadcrumb\":{\"@id\":\"https:\/\/99bitcoins.com\/es\/guias\/donde-encontrar-cajeros-bitcoin\/#breadcrumb\"},\"inLanguage\":\"es\",\"potentialAction\":[{\"@type\":\"ReadAction\",\"target\":[\"https:\/\/99bitcoins.com\/es\/guias\/donde-encontrar-cajeros-bitcoin\/\"]}]},{\"@type\":\"ImageObject\",\"inLanguage\":\"es\",\"@id\":\"https:\/\/99bitcoins.com\/es\/guias\/donde-encontrar-cajeros-bitcoin\/#primaryimage\",\"url\":\"https:\/\/99bitcoins.com\/es\/wp-content\/uploads\/sites\/5\/2024\/12\/donde-encontrar-cajeros-bitcoin.jpg\",\"contentUrl\":\"https:\/\/99bitcoins.com\/es\/wp-content\/uploads\/sites\/5\/2024\/12\/donde-encontrar-cajeros-bitcoin.jpg\",\"width\":1024,\"height\":1024,\"caption\":\"D\u00f3nde encontrar cajeros bitcoin\"},{\"@type\":\"BreadcrumbList\",\"@id\":\"https:\/\/99bitcoins.com\/es\/guias\/donde-encontrar-cajeros-bitcoin\/#breadcrumb\",\"itemListElement\":[{\"@type\":\"ListItem\",\"position\":1,\"name\":\"Home\",\"item\":\"https:\/\/99bitcoins.com\/es\/\"},{\"@type\":\"ListItem\",\"position\":2,\"name\":\"Gu\u00edas Crypto\",\"item\":\"https:\/\/99bitcoins.com\/es\/guias\/\"},{\"@type\":\"ListItem\",\"position\":3,\"name\":\"\u00bfD\u00f3nde encontrar cajeros de Bitcoin? Visita los m\u00e1s cercanos a tu ubicaci\u00f3n\"}]},{\"@type\":\"WebSite\",\"@id\":\"https:\/\/99bitcoins.com\/es\/#website\",\"url\":\"https:\/\/99bitcoins.com\/es\/\",\"name\":\"99bitcoins ES\",\"description\":\"\",\"publisher\":{\"@id\":\"https:\/\/99bitcoins.com\/es\/#organization\"},\"potentialAction\":[{\"@type\":\"SearchAction\",\"target\":{\"@type\":\"EntryPoint\",\"urlTemplate\":\"https:\/\/99bitcoins.com\/es\/?s={search_term_string}\"},\"query-input\":{\"@type\":\"PropertyValueSpecification\",\"valueRequired\":true,\"valueName\":\"search_term_string\"}}],\"inLanguage\":\"es\"},{\"@type\":\"Organization\",\"@id\":\"https:\/\/99bitcoins.com\/es\/#organization\",\"name\":\"99bitcoins\",\"alternateName\":\"99bitcoins\",\"url\":\"https:\/\/99bitcoins.com\/es\/\",\"logo\":{\"@type\":\"ImageObject\",\"inLanguage\":\"es\",\"@id\":\"https:\/\/99bitcoins.com\/es\/#\/schema\/logo\/image\/\",\"url\":\"https:\/\/99bitcoins.com\/es\/wp-content\/uploads\/sites\/5\/2024\/10\/99bitcoins-logo.svg\",\"contentUrl\":\"https:\/\/99bitcoins.com\/es\/wp-content\/uploads\/sites\/5\/2024\/10\/99bitcoins-logo.svg\",\"width\":201,\"height\":43,\"caption\":\"99bitcoins\"},\"image\":{\"@id\":\"https:\/\/99bitcoins.com\/es\/#\/schema\/logo\/image\/\"}}]}<\/script>\n<!-- \/ Yoast SEO plugin. -->","yoast_head_json":{"title":"\u00bfD\u00f3nde encontrar cajeros de Bitcoin cercanos a tu ubicaci\u00f3n?","description":"Descubre los cajeros de Bitcoin m\u00e1s cercanos a tu localizaci\u00f3n. Lee acerca de su funcionamiento y c\u00f3mo usarlos: l\u00edmites e identificaci\u00f3n.","robots":{"index":"index","follow":"follow","max-snippet":"max-snippet:-1","max-image-preview":"max-image-preview:large","max-video-preview":"max-video-preview:-1"},"canonical":"https:\/\/99bitcoins.com\/es\/guias\/donde-encontrar-cajeros-bitcoin\/","og_locale":"es_ES","og_type":"article","og_title":"\u00bfD\u00f3nde encontrar cajeros de Bitcoin cercanos a tu ubicaci\u00f3n?","og_description":"Descubre los cajeros de Bitcoin m\u00e1s cercanos a tu localizaci\u00f3n. Lee acerca de su funcionamiento y c\u00f3mo usarlos: l\u00edmites e identificaci\u00f3n.","og_url":"https:\/\/99bitcoins.com\/es\/guias\/donde-encontrar-cajeros-bitcoin\/","og_site_name":"99bitcoins ES","article_modified_time":"2025-02-24T05:16:27+00:00","og_image":[{"width":1024,"height":1024,"url":"https:\/\/99bitcoins.com\/es\/wp-content\/uploads\/sites\/5\/2024\/12\/donde-encontrar-cajeros-bitcoin.jpg","type":"image\/jpeg"}],"twitter_card":"summary_large_image","twitter_misc":{"Est. reading time":"4 minutos"},"schema":{"@context":"https:\/\/schema.org","@graph":[{"@type":"WebPage","@id":"https:\/\/99bitcoins.com\/es\/guias\/donde-encontrar-cajeros-bitcoin\/","url":"https:\/\/99bitcoins.com\/es\/guias\/donde-encontrar-cajeros-bitcoin\/","name":"\u00bfD\u00f3nde encontrar cajeros de Bitcoin cercanos a tu ubicaci\u00f3n?","isPartOf":{"@id":"https:\/\/99bitcoins.com\/es\/#website"},"primaryImageOfPage":{"@id":"https:\/\/99bitcoins.com\/es\/guias\/donde-encontrar-cajeros-bitcoin\/#primaryimage"},"image":{"@id":"https:\/\/99bitcoins.com\/es\/guias\/donde-encontrar-cajeros-bitcoin\/#primaryimage"},"thumbnailUrl":"https:\/\/99bitcoins.com\/es\/wp-content\/uploads\/sites\/5\/2024\/12\/donde-encontrar-cajeros-bitcoin.jpg","datePublished":"2024-12-11T11:24:02+00:00","dateModified":"2025-02-24T05:16:27+00:00","description":"Descubre los cajeros de Bitcoin m\u00e1s cercanos a tu localizaci\u00f3n. Lee acerca de su funcionamiento y c\u00f3mo usarlos: l\u00edmites e identificaci\u00f3n.","breadcrumb":{"@id":"https:\/\/99bitcoins.com\/es\/guias\/donde-encontrar-cajeros-bitcoin\/#breadcrumb"},"inLanguage":"es","potentialAction":[{"@type":"ReadAction","target":["https:\/\/99bitcoins.com\/es\/guias\/donde-encontrar-cajeros-bitcoin\/"]}]},{"@type":"ImageObject","inLanguage":"es","@id":"https:\/\/99bitcoins.com\/es\/guias\/donde-encontrar-cajeros-bitcoin\/#primaryimage","url":"https:\/\/99bitcoins.com\/es\/wp-content\/uploads\/sites\/5\/2024\/12\/donde-encontrar-cajeros-bitcoin.jpg","contentUrl":"https:\/\/99bitcoins.com\/es\/wp-content\/uploads\/sites\/5\/2024\/12\/donde-encontrar-cajeros-bitcoin.jpg","width":1024,"height":1024,"caption":"D\u00f3nde encontrar cajeros bitcoin"},{"@type":"BreadcrumbList","@id":"https:\/\/99bitcoins.com\/es\/guias\/donde-encontrar-cajeros-bitcoin\/#breadcrumb","itemListElement":[{"@type":"ListItem","position":1,"name":"Home","item":"https:\/\/99bitcoins.com\/es\/"},{"@type":"ListItem","position":2,"name":"Gu\u00edas Crypto","item":"https:\/\/99bitcoins.com\/es\/guias\/"},{"@type":"ListItem","position":3,"name":"\u00bfD\u00f3nde encontrar cajeros de Bitcoin? Visita los m\u00e1s cercanos a tu ubicaci\u00f3n"}]},{"@type":"WebSite","@id":"https:\/\/99bitcoins.com\/es\/#website","url":"https:\/\/99bitcoins.com\/es\/","name":"99bitcoins ES","description":"","publisher":{"@id":"https:\/\/99bitcoins.com\/es\/#organization"},"potentialAction":[{"@type":"SearchAction","target":{"@type":"EntryPoint","urlTemplate":"https:\/\/99bitcoins.com\/es\/?s={search_term_string}"},"query-input":{"@type":"PropertyValueSpecification","valueRequired":true,"valueName":"search_term_string"}}],"inLanguage":"es"},{"@type":"Organization","@id":"https:\/\/99bitcoins.com\/es\/#organization","name":"99bitcoins","alternateName":"99bitcoins","url":"https:\/\/99bitcoins.com\/es\/","logo":{"@type":"ImageObject","inLanguage":"es","@id":"https:\/\/99bitcoins.com\/es\/#\/schema\/logo\/image\/","url":"https:\/\/99bitcoins.com\/es\/wp-content\/uploads\/sites\/5\/2024\/10\/99bitcoins-logo.svg","contentUrl":"https:\/\/99bitcoins.com\/es\/wp-content\/uploads\/sites\/5\/2024\/10\/99bitcoins-logo.svg","width":201,"height":43,"caption":"99bitcoins"},"image":{"@id":"https:\/\/99bitcoins.com\/es\/#\/schema\/logo\/image\/"}}]}},"_links":{"self":[{"href":"https:\/\/99bitcoins.com\/es\/wp-json\/wp\/v2\/pages\/8384","targetHints":{"allow":["GET"]}}],"collection":[{"href":"https:\/\/99bitcoins.com\/es\/wp-json\/wp\/v2\/pages"}],"about":[{"href":"https:\/\/99bitcoins.com\/es\/wp-json\/wp\/v2\/types\/page"}],"author":[{"embeddable":true,"href":"https:\/\/99bitcoins.com\/es\/wp-json\/wp\/v2\/users\/135943"}],"replies":[{"embeddable":true,"href":"https:\/\/99bitcoins.com\/es\/wp-json\/wp\/v2\/comments?post=8384"}],"version-history":[{"count":6,"href":"https:\/\/99bitcoins.com\/es\/wp-json\/wp\/v2\/pages\/8384\/revisions"}],"predecessor-version":[{"id":14387,"href":"https:\/\/99bitcoins.com\/es\/wp-json\/wp\/v2\/pages\/8384\/revisions\/14387"}],"up":[{"embeddable":true,"href":"https:\/\/99bitcoins.com\/es\/wp-json\/wp\/v2\/pages\/9662"}],"wp:featuredmedia":[{"embeddable":true,"href":"https:\/\/99bitcoins.com\/es\/wp-json\/wp\/v2\/media\/8445"}],"wp:attachment":[{"href":"https:\/\/99bitcoins.com\/es\/wp-json\/wp\/v2\/media?parent=8384"}],"curies":[{"name":"wp","href":"https:\/\/api.w.org\/{rel}","templated":true}]}}