{"id":8224,"date":"2024-12-11T02:09:03","date_gmt":"2024-12-11T02:09:03","guid":{"rendered":"https:\/\/99bitcoins.com\/es\/?page_id=8224"},"modified":"2024-12-11T02:09:03","modified_gmt":"2024-12-11T02:09:03","slug":"dex-criptomonedas","status":"publish","type":"page","link":"https:\/\/99bitcoins.com\/es\/glosario-criptomonedas\/dex-criptomonedas\/","title":{"rendered":"\u00bfQu\u00e9 es un DEX? \u00bfC\u00f3mo funciona un exchange descentralizado de criptomonedas?"},"content":{"rendered":"<p>En el sector de las criptomonedas, un <strong>DEX<\/strong> es una plataforma que encarna los principios fundacionales de la cadena de bloques y que se establece como el intermediario casi invisible entre usuarios \u2013a la hora de comprar, vender o intercambiar cripto.<\/p>\n<h2>\u00bfQu\u00e9 es un DEX en criptomonedas?<\/h2>\n<p><strong>DEX<\/strong> proviene de \u00ab<em>Decentralized Exchange<\/em>\u00ab, que traducido al espa\u00f1ol es \u00abexchange descentralizado\u00bb. Un exchange descentralizado (DEX) es un sitio o plataforma para el comercio de criptomonedas en la que los intercambios y otras transacciones se gestionan a trav\u00e9s de contratos inteligentes en lugar de un sistema de comercio centralizado.<\/p>\n<p>La principal diferencia entre los <strong>exchanges DEX<\/strong> y los exchanges centralizados (CEX) es que los exchanges DEX no almacenan los fondos de los usuarios y no controlan las transacciones. Los fondos se transfieren directamente desde el monedero del usuario, que \u00e9ste ha vinculado a la plataforma. Los exchanges descentralizados tambi\u00e9n carecen de un procedimiento de verificaci\u00f3n del usuario \u2013es decir, constituyen <a href=\"https:\/\/99bitcoins.com\/es\/mejores-exchanges-cripto\/exchange-sin-kyc\/\">exchanges sin KYC<\/a>.<\/p>\n<p><img decoding=\"async\" class=\"size-full wp-image-8226 aligncenter\" src=\"https:\/\/99bitcoins.com\/es\/wp-content\/uploads\/sites\/5\/2024\/12\/dex-en-criptomonedas.webp\" alt=\"dex en criptomonedas\" width=\"1200\" height=\"697\" srcset=\"https:\/\/99bitcoins.com\/es\/wp-content\/uploads\/sites\/5\/2024\/12\/dex-en-criptomonedas.webp 1200w, https:\/\/99bitcoins.com\/es\/wp-content\/uploads\/sites\/5\/2024\/12\/dex-en-criptomonedas-300x174.webp 300w, https:\/\/99bitcoins.com\/es\/wp-content\/uploads\/sites\/5\/2024\/12\/dex-en-criptomonedas-768x446.webp 768w\" sizes=\"(max-width: 1200px) 100vw, 1200px\" \/><\/p>\n<p>Las bolsas descentralizadas se han convertido en un componente esencial del campo de las finanzas descentralizadas (DeFi). En la actualidad existen m\u00e1s de 200 DEX que operan en docenas de blockchains.<\/p>\n<p class=\"p1\"><div class=\"su-note\"  style=\"border-color:#d9d9d9;border-radius:3px;-moz-border-radius:3px;-webkit-border-radius:3px;\"><div class=\"su-note-inner su-u-clearfix su-u-trim\" style=\"background-color:#f3f3f3;border-color:#ffffff;color:#333333;border-radius:3px;-moz-border-radius:3px;-webkit-border-radius:3px;\">\n<h2>C\u00f3mo funciona un DEX de criptomonedas<\/h2>\n<p>Un <strong>exchange descentralizado<\/strong>, por su propia naturaleza, no act\u00faa como intermediario en las transacciones y no almacena los fondos ni la informaci\u00f3n personal de sus usuarios. Los clientes suelen identificarse mediante direcciones de blockchain y <a href=\"https:\/\/99bitcoins.com\/es\/mejores-wallets\/wallet-anonima\/\">wallets an\u00f3nimas<\/a> o sin custodia vinculadas a la aplicaci\u00f3n. Los contratos inteligentes se utilizan en las transacciones comerciales y otras acciones.<\/p>\n<p>Adem\u00e1s, las decisiones clave no las toma el equipo de fundadores y desarrolladores, sino la comunidad de titulares de tokens de gesti\u00f3n que votan en la DAO. Eso es as\u00ed, a pesar de que un DEX tiene un desarrollador detr\u00e1s que crea y mantiene los contratos inteligentes y protocolos de aplicaci\u00f3n. Simult\u00e1neamente, el c\u00f3digo fuente de los componentes clave est\u00e1 disponible.<\/p>\n<p>La tecnolog\u00eda \u00ab<em>Automated Market Maker<\/em>\u00bb impuls\u00f3 la popularidad de los exchanges descentralizados (AMM). En lugar del libro de \u00f3rdenes tradicional, emplea las denominadas <em>pools de liquidez<\/em> de pares de activos, cuyos precios se calculan mediante una f\u00f3rmula matem\u00e1tica basada en la proporci\u00f3n de los pares de activos de la <em>pool<\/em>. Esto le permite construir una arquitectura descentralizada y garantizar las transacciones en cadena mediante contratos inteligentes, que son comparables en t\u00e9rminos de velocidad de ejecuci\u00f3n a las plataformas centralizadas. Uniswap fue el primer exchange DEX que us\u00f3 esta innovaci\u00f3n.<\/p>\n<\/div><\/div>\n<h2>Ventajas y desventajas de un DEX<\/h2>\n<p>La mayor\u00eda de las <strong>ventajas<\/strong> de los exchanges DEX de criptomonedas est\u00e1n relacionadas con su arquitectura. He aqu\u00ed algunas de ellas:<\/p>\n<div class=\"su-list\" style=\"margin-left:0px\">\n<ul>\n<li><i class=\"sui sui-check-circle\" style=\"color:#77e31f\"><\/i> Loas DEX tienen una interfaz sencilla, y bastante directa.<\/li>\n<li><i class=\"sui sui-check-circle\" style=\"color:#77e31f\"><\/i> El usuario puede operar con anonimato, ya que el DEX no requiere ni registrarse ni abrir una cuenta, ni mucho menos pasar por un proceso KYC.<\/li>\n<li><i class=\"sui sui-check-circle\" style=\"color:#77e31f\"><\/i> El DEX no almacena los activos de los usuarios, por lo que no son accesibles, ni congelables.<\/li>\n<li><i class=\"sui sui-check-circle\" style=\"color:#77e31f\"><\/i> Se pueden a\u00f1adir nuevos activos en DEX de forma instant\u00e1nea mediante una \u00abpool de liquidez\u00bb.<\/li>\n<li><i class=\"sui sui-check-circle\" style=\"color:#77e31f\"><\/i> El usuario puede ganar retorno pasivo si deposita liquidez para el DEX, en aquellos que lo permiten.<\/li>\n<li><i class=\"sui sui-check-circle\" style=\"color:#77e31f\"><\/i> El control de todo lo que sucede est\u00e1 en manos del usuario.<\/li>\n<\/ul>\n<\/div>\n<p>A nivel de <strong>desventajas<\/strong>, \u00e9stas son las m\u00e1s conocidas:<\/p>\n<div class=\"su-list\" style=\"margin-left:0px\">\n<ul>\n<li><i class=\"sui sui-remove\" style=\"color:#e31f28\"><\/i> Los DEX suelen operar de forma exclusiva en una \u00fanica blockchain, y en algunos casos, operan mediante puentes, con otras redes \u2013pero no siempre.<\/li>\n<li><i class=\"sui sui-remove\" style=\"color:#e31f28\"><\/i> Los exchanges DEX tienen funciones limitadas, sin distintos tipos de \u00f3rdenes, ni apalancamiento.<\/li>\n<li><i class=\"sui sui-remove\" style=\"color:#e31f28\"><\/i> Todas las transacciones son finales, incluso si tienen errores o si son fraudulentas, ya que se registran directamente en la blockchain sin tiempo de espera.<\/li>\n<li><i class=\"sui sui-remove\" style=\"color:#e31f28\"><\/i> La velocidad de las operaciones depende de la liquidez y la velocidad de la cadena de bloques. Un DEX tiene menos liquidez y menos <a href=\"https:\/\/99bitcoins.com\/es\/glosario-criptomonedas\/tvl\/\">valor total bloqueado (TVL)<\/a> que un CEX, por lo que se pueden producir deslizamiento de precios.<\/li>\n<li><i class=\"sui sui-remove\" style=\"color:#e31f28\"><\/i> Las comisiones en un DEX pueden ser muy variables de una plataforma a otra.<\/li>\n<\/ul>\n<\/div>\n<h2>\u00bfCu\u00e1l es la regulaci\u00f3n de un DEX de criptomonedas?<\/h2>\n<p>Un exchange descentralizado opera, a d\u00eda de hoy, en una \u00ab<strong>zona gris<\/strong>\u00bb de la legalidad. Eso es as\u00ed porque la legislaci\u00f3n a\u00fan no tiene en cuenta todos los matices de la arquitectura de estas plataformas, y las autoridades reguladoras no han encontrado formas eficaces de supervisarlas.<\/p>\n<p>Uno de los aspectos m\u00e1s dif\u00edciles de regular los exchanges descentralizados es que no siempre est\u00e1n asociados a entidades jur\u00eddicas concretas y no est\u00e1n sujetas a ninguna jurisdicci\u00f3n. Incluso los creadores de algunas DEX no revelan su identidad, lo que dificulta la identificaci\u00f3n de los responsables en caso de infracci\u00f3n.<\/p>\n<p>\u00c9sa es una de las diferencias clave con los exchanges centralizados o CEX, que cuentan con una empresa detr\u00e1s y con muchas obligaciones a nivel de cumplimiento y transparencia. Por su propia naturaleza, un DEX no es un intermediario financiero y eso le sit\u00faa en ese espacio de \u00abtierra de nadie\u00bb.<\/p>\n<h2>Ejemplos de exchanges descentralizados de criptomonedas<\/h2>\n<p>Hay m\u00e1s de doscientos exchanges de tipo DEX operando ahora mismo en el mercado, ya que su puesta en marcha es relativamente menos compleja que en una bolsa regulada. Por volumen de negociaci\u00f3n, \u00e9stos son los primeros, y cabe puntualizar que los tres con mayor actividad representan un 30% de la cuota de mercado.<\/p>\n<ul>\n<li>Uniswap<\/li>\n<li>Raydium<\/li>\n<li>Aerodrome SlipStream<\/li>\n<li>dYdX v4<\/li>\n<li>SynFutures<\/li>\n<li>Orca<\/li>\n<li>PancakeSwap<\/li>\n<\/ul>\n","protected":false},"excerpt":{"rendered":"<p>En el sector de las criptomonedas, un DEX es una plataforma que encarna los principios fundacionales de la cadena de bloques y que se establece como el intermediario casi invisible entre usuarios \u2013a la hora de comprar, vender o intercambiar cripto. \u00bfQu\u00e9 es un DEX en criptomonedas? DEX proviene de \u00abDecentralized Exchange\u00ab, que traducido al..<\/p>\n","protected":false},"author":135888,"featured_media":8226,"parent":5163,"menu_order":0,"comment_status":"closed","ping_status":"closed","template":"","meta":{"_acf_changed":false,"inline_featured_image":false,"footnotes":""},"class_list":["post-8224","page","type-page","status-publish","has-post-thumbnail","hentry"],"acf":[],"yoast_head":"<!-- This site is optimized with the Yoast SEO plugin v27.2 - https:\/\/yoast.com\/product\/yoast-seo-wordpress\/ -->\n<title>DEX en criptomonedas: \u00bfqu\u00e9 es y qu\u00e9 ventajas aporta?<\/title>\n<meta name=\"description\" content=\"Un exchange descentralizado (DEX) es un sitio o plataforma para el comercio de criptomonedas de forma an\u00f3nima y sin barreras.\" \/>\n<meta name=\"robots\" content=\"index, follow, max-snippet:-1, max-image-preview:large, max-video-preview:-1\" \/>\n<link rel=\"canonical\" href=\"https:\/\/99bitcoins.com\/es\/glosario-criptomonedas\/dex-criptomonedas\/\" \/>\n<meta property=\"og:locale\" content=\"es_ES\" \/>\n<meta property=\"og:type\" content=\"article\" \/>\n<meta property=\"og:title\" content=\"DEX en criptomonedas: \u00bfqu\u00e9 es y qu\u00e9 ventajas aporta?\" \/>\n<meta property=\"og:description\" content=\"Un exchange descentralizado (DEX) es un sitio o plataforma para el comercio de criptomonedas de forma an\u00f3nima y sin barreras.\" \/>\n<meta property=\"og:url\" content=\"https:\/\/99bitcoins.com\/es\/glosario-criptomonedas\/dex-criptomonedas\/\" \/>\n<meta property=\"og:site_name\" content=\"99bitcoins ES\" \/>\n<meta property=\"og:image\" content=\"https:\/\/99bitcoins.com\/es\/wp-content\/uploads\/sites\/5\/2024\/12\/dex-en-criptomonedas.webp\" \/>\n\t<meta property=\"og:image:width\" content=\"1200\" \/>\n\t<meta property=\"og:image:height\" content=\"697\" \/>\n\t<meta property=\"og:image:type\" content=\"image\/webp\" \/>\n<meta name=\"twitter:card\" content=\"summary_large_image\" \/>\n<meta name=\"twitter:label1\" content=\"Est. reading time\" \/>\n\t<meta name=\"twitter:data1\" content=\"5 minutos\" \/>\n<script type=\"application\/ld+json\" class=\"yoast-schema-graph\">{\"@context\":\"https:\/\/schema.org\",\"@graph\":[{\"@type\":\"WebPage\",\"@id\":\"https:\/\/99bitcoins.com\/es\/glosario-criptomonedas\/dex-criptomonedas\/\",\"url\":\"https:\/\/99bitcoins.com\/es\/glosario-criptomonedas\/dex-criptomonedas\/\",\"name\":\"DEX en criptomonedas: \u00bfqu\u00e9 es y qu\u00e9 ventajas aporta?\",\"isPartOf\":{\"@id\":\"https:\/\/99bitcoins.com\/es\/#website\"},\"primaryImageOfPage\":{\"@id\":\"https:\/\/99bitcoins.com\/es\/glosario-criptomonedas\/dex-criptomonedas\/#primaryimage\"},\"image\":{\"@id\":\"https:\/\/99bitcoins.com\/es\/glosario-criptomonedas\/dex-criptomonedas\/#primaryimage\"},\"thumbnailUrl\":\"https:\/\/99bitcoins.com\/es\/wp-content\/uploads\/sites\/5\/2024\/12\/dex-en-criptomonedas.webp\",\"datePublished\":\"2024-12-11T02:09:03+00:00\",\"description\":\"Un exchange descentralizado (DEX) es un sitio o plataforma para el comercio de criptomonedas de forma an\u00f3nima y sin barreras.\",\"breadcrumb\":{\"@id\":\"https:\/\/99bitcoins.com\/es\/glosario-criptomonedas\/dex-criptomonedas\/#breadcrumb\"},\"inLanguage\":\"es\",\"potentialAction\":[{\"@type\":\"ReadAction\",\"target\":[\"https:\/\/99bitcoins.com\/es\/glosario-criptomonedas\/dex-criptomonedas\/\"]}]},{\"@type\":\"ImageObject\",\"inLanguage\":\"es\",\"@id\":\"https:\/\/99bitcoins.com\/es\/glosario-criptomonedas\/dex-criptomonedas\/#primaryimage\",\"url\":\"https:\/\/99bitcoins.com\/es\/wp-content\/uploads\/sites\/5\/2024\/12\/dex-en-criptomonedas.webp\",\"contentUrl\":\"https:\/\/99bitcoins.com\/es\/wp-content\/uploads\/sites\/5\/2024\/12\/dex-en-criptomonedas.webp\",\"width\":1200,\"height\":697,\"caption\":\"dex en criptomonedas\"},{\"@type\":\"BreadcrumbList\",\"@id\":\"https:\/\/99bitcoins.com\/es\/glosario-criptomonedas\/dex-criptomonedas\/#breadcrumb\",\"itemListElement\":[{\"@type\":\"ListItem\",\"position\":1,\"name\":\"Home\",\"item\":\"https:\/\/99bitcoins.com\/es\/\"},{\"@type\":\"ListItem\",\"position\":2,\"name\":\"Glosario de Criptomonedas \u2013 T\u00e9rminos y conceptos de la blockchain de la A a la Z\",\"item\":\"https:\/\/99bitcoins.com\/es\/glosario-criptomonedas\/\"},{\"@type\":\"ListItem\",\"position\":3,\"name\":\"\u00bfQu\u00e9 es un DEX? \u00bfC\u00f3mo funciona un exchange descentralizado de criptomonedas?\"}]},{\"@type\":\"WebSite\",\"@id\":\"https:\/\/99bitcoins.com\/es\/#website\",\"url\":\"https:\/\/99bitcoins.com\/es\/\",\"name\":\"99bitcoins ES\",\"description\":\"\",\"publisher\":{\"@id\":\"https:\/\/99bitcoins.com\/es\/#organization\"},\"potentialAction\":[{\"@type\":\"SearchAction\",\"target\":{\"@type\":\"EntryPoint\",\"urlTemplate\":\"https:\/\/99bitcoins.com\/es\/?s={search_term_string}\"},\"query-input\":{\"@type\":\"PropertyValueSpecification\",\"valueRequired\":true,\"valueName\":\"search_term_string\"}}],\"inLanguage\":\"es\"},{\"@type\":\"Organization\",\"@id\":\"https:\/\/99bitcoins.com\/es\/#organization\",\"name\":\"99bitcoins\",\"alternateName\":\"99bitcoins\",\"url\":\"https:\/\/99bitcoins.com\/es\/\",\"logo\":{\"@type\":\"ImageObject\",\"inLanguage\":\"es\",\"@id\":\"https:\/\/99bitcoins.com\/es\/#\/schema\/logo\/image\/\",\"url\":\"https:\/\/99bitcoins.com\/es\/wp-content\/uploads\/sites\/5\/2024\/10\/99bitcoins-logo.svg\",\"contentUrl\":\"https:\/\/99bitcoins.com\/es\/wp-content\/uploads\/sites\/5\/2024\/10\/99bitcoins-logo.svg\",\"width\":201,\"height\":43,\"caption\":\"99bitcoins\"},\"image\":{\"@id\":\"https:\/\/99bitcoins.com\/es\/#\/schema\/logo\/image\/\"}}]}<\/script>\n<!-- \/ Yoast SEO plugin. -->","yoast_head_json":{"title":"DEX en criptomonedas: \u00bfqu\u00e9 es y qu\u00e9 ventajas aporta?","description":"Un exchange descentralizado (DEX) es un sitio o plataforma para el comercio de criptomonedas de forma an\u00f3nima y sin barreras.","robots":{"index":"index","follow":"follow","max-snippet":"max-snippet:-1","max-image-preview":"max-image-preview:large","max-video-preview":"max-video-preview:-1"},"canonical":"https:\/\/99bitcoins.com\/es\/glosario-criptomonedas\/dex-criptomonedas\/","og_locale":"es_ES","og_type":"article","og_title":"DEX en criptomonedas: \u00bfqu\u00e9 es y qu\u00e9 ventajas aporta?","og_description":"Un exchange descentralizado (DEX) es un sitio o plataforma para el comercio de criptomonedas de forma an\u00f3nima y sin barreras.","og_url":"https:\/\/99bitcoins.com\/es\/glosario-criptomonedas\/dex-criptomonedas\/","og_site_name":"99bitcoins ES","og_image":[{"width":1200,"height":697,"url":"https:\/\/99bitcoins.com\/es\/wp-content\/uploads\/sites\/5\/2024\/12\/dex-en-criptomonedas.webp","type":"image\/webp"}],"twitter_card":"summary_large_image","twitter_misc":{"Est. reading time":"5 minutos"},"schema":{"@context":"https:\/\/schema.org","@graph":[{"@type":"WebPage","@id":"https:\/\/99bitcoins.com\/es\/glosario-criptomonedas\/dex-criptomonedas\/","url":"https:\/\/99bitcoins.com\/es\/glosario-criptomonedas\/dex-criptomonedas\/","name":"DEX en criptomonedas: \u00bfqu\u00e9 es y qu\u00e9 ventajas aporta?","isPartOf":{"@id":"https:\/\/99bitcoins.com\/es\/#website"},"primaryImageOfPage":{"@id":"https:\/\/99bitcoins.com\/es\/glosario-criptomonedas\/dex-criptomonedas\/#primaryimage"},"image":{"@id":"https:\/\/99bitcoins.com\/es\/glosario-criptomonedas\/dex-criptomonedas\/#primaryimage"},"thumbnailUrl":"https:\/\/99bitcoins.com\/es\/wp-content\/uploads\/sites\/5\/2024\/12\/dex-en-criptomonedas.webp","datePublished":"2024-12-11T02:09:03+00:00","description":"Un exchange descentralizado (DEX) es un sitio o plataforma para el comercio de criptomonedas de forma an\u00f3nima y sin barreras.","breadcrumb":{"@id":"https:\/\/99bitcoins.com\/es\/glosario-criptomonedas\/dex-criptomonedas\/#breadcrumb"},"inLanguage":"es","potentialAction":[{"@type":"ReadAction","target":["https:\/\/99bitcoins.com\/es\/glosario-criptomonedas\/dex-criptomonedas\/"]}]},{"@type":"ImageObject","inLanguage":"es","@id":"https:\/\/99bitcoins.com\/es\/glosario-criptomonedas\/dex-criptomonedas\/#primaryimage","url":"https:\/\/99bitcoins.com\/es\/wp-content\/uploads\/sites\/5\/2024\/12\/dex-en-criptomonedas.webp","contentUrl":"https:\/\/99bitcoins.com\/es\/wp-content\/uploads\/sites\/5\/2024\/12\/dex-en-criptomonedas.webp","width":1200,"height":697,"caption":"dex en criptomonedas"},{"@type":"BreadcrumbList","@id":"https:\/\/99bitcoins.com\/es\/glosario-criptomonedas\/dex-criptomonedas\/#breadcrumb","itemListElement":[{"@type":"ListItem","position":1,"name":"Home","item":"https:\/\/99bitcoins.com\/es\/"},{"@type":"ListItem","position":2,"name":"Glosario de Criptomonedas \u2013 T\u00e9rminos y conceptos de la blockchain de la A a la Z","item":"https:\/\/99bitcoins.com\/es\/glosario-criptomonedas\/"},{"@type":"ListItem","position":3,"name":"\u00bfQu\u00e9 es un DEX? \u00bfC\u00f3mo funciona un exchange descentralizado de criptomonedas?"}]},{"@type":"WebSite","@id":"https:\/\/99bitcoins.com\/es\/#website","url":"https:\/\/99bitcoins.com\/es\/","name":"99bitcoins ES","description":"","publisher":{"@id":"https:\/\/99bitcoins.com\/es\/#organization"},"potentialAction":[{"@type":"SearchAction","target":{"@type":"EntryPoint","urlTemplate":"https:\/\/99bitcoins.com\/es\/?s={search_term_string}"},"query-input":{"@type":"PropertyValueSpecification","valueRequired":true,"valueName":"search_term_string"}}],"inLanguage":"es"},{"@type":"Organization","@id":"https:\/\/99bitcoins.com\/es\/#organization","name":"99bitcoins","alternateName":"99bitcoins","url":"https:\/\/99bitcoins.com\/es\/","logo":{"@type":"ImageObject","inLanguage":"es","@id":"https:\/\/99bitcoins.com\/es\/#\/schema\/logo\/image\/","url":"https:\/\/99bitcoins.com\/es\/wp-content\/uploads\/sites\/5\/2024\/10\/99bitcoins-logo.svg","contentUrl":"https:\/\/99bitcoins.com\/es\/wp-content\/uploads\/sites\/5\/2024\/10\/99bitcoins-logo.svg","width":201,"height":43,"caption":"99bitcoins"},"image":{"@id":"https:\/\/99bitcoins.com\/es\/#\/schema\/logo\/image\/"}}]}},"_links":{"self":[{"href":"https:\/\/99bitcoins.com\/es\/wp-json\/wp\/v2\/pages\/8224","targetHints":{"allow":["GET"]}}],"collection":[{"href":"https:\/\/99bitcoins.com\/es\/wp-json\/wp\/v2\/pages"}],"about":[{"href":"https:\/\/99bitcoins.com\/es\/wp-json\/wp\/v2\/types\/page"}],"author":[{"embeddable":true,"href":"https:\/\/99bitcoins.com\/es\/wp-json\/wp\/v2\/users\/135888"}],"replies":[{"embeddable":true,"href":"https:\/\/99bitcoins.com\/es\/wp-json\/wp\/v2\/comments?post=8224"}],"version-history":[{"count":5,"href":"https:\/\/99bitcoins.com\/es\/wp-json\/wp\/v2\/pages\/8224\/revisions"}],"predecessor-version":[{"id":26376,"href":"https:\/\/99bitcoins.com\/es\/wp-json\/wp\/v2\/pages\/8224\/revisions\/26376"}],"up":[{"embeddable":true,"href":"https:\/\/99bitcoins.com\/es\/wp-json\/wp\/v2\/pages\/5163"}],"wp:featuredmedia":[{"embeddable":true,"href":"https:\/\/99bitcoins.com\/es\/wp-json\/wp\/v2\/media\/8226"}],"wp:attachment":[{"href":"https:\/\/99bitcoins.com\/es\/wp-json\/wp\/v2\/media?parent=8224"}],"curies":[{"name":"wp","href":"https:\/\/api.w.org\/{rel}","templated":true}]}}