{"id":8161,"date":"2024-12-10T07:57:30","date_gmt":"2024-12-10T07:57:30","guid":{"rendered":"https:\/\/99bitcoins.com\/es\/?page_id=8161"},"modified":"2024-12-10T07:57:30","modified_gmt":"2024-12-10T07:57:30","slug":"apalancamiento-criptomonedas","status":"publish","type":"page","link":"https:\/\/99bitcoins.com\/es\/glosario-criptomonedas\/apalancamiento-criptomonedas\/","title":{"rendered":"\u00bfQu\u00e9 es el apalancamiento con criptomonedas?"},"content":{"rendered":"<p>El <strong>apalancamiento<\/strong> puede ser un concepto que induce a confusi\u00f3n, en especial en un mercado vol\u00e1til como el de las criptomonedas y tambi\u00e9n en otros activos. Como tal, es una de las figuras m\u00e1s presentes en el mundo del trading, en la pr\u00e1ctica totalidad de sus opciones y variaciones.<\/p>\n<h2>\u00bfQu\u00e9 es el apalancamiento con criptomonedas?<\/h2>\n<p>El <strong>apalancamiento con criptomonedas<\/strong> es una de las estrategias m\u00e1s utilizadas al operar con estos activos digitales en un mercado abierto, para aquellos que buscan maximizar el rendimiento de una inversi\u00f3n.<\/p>\n<p>Consiste en una t\u00e9cnica que permite a los operadores aumentar su exposici\u00f3n al mercado, <strong>magnificando potencialmente los beneficios \u2013aunque tambi\u00e9n se multiplica el potencial del riesgo<\/strong>. El apalancamiento en criptodivisas consiste en pedir dinero prestado a un br\u00f3ker o intermediario para aumentar el potencial de negociaci\u00f3n de un capital inicial.<\/p>\n<p><img decoding=\"async\" class=\"size-full wp-image-8164 aligncenter\" src=\"https:\/\/99bitcoins.com\/es\/wp-content\/uploads\/sites\/5\/2024\/12\/apalancamiento.webp\" alt=\"apalancamiento en criptomonedas\" width=\"1200\" height=\"675\" srcset=\"https:\/\/99bitcoins.com\/es\/wp-content\/uploads\/sites\/5\/2024\/12\/apalancamiento.webp 1200w, https:\/\/99bitcoins.com\/es\/wp-content\/uploads\/sites\/5\/2024\/12\/apalancamiento-300x169.webp 300w, https:\/\/99bitcoins.com\/es\/wp-content\/uploads\/sites\/5\/2024\/12\/apalancamiento-768x432.webp 768w\" sizes=\"(max-width: 1200px) 100vw, 1200px\" \/><\/p>\n<p>Esta idea, que viene del ingl\u00e9s \u00ab<em>leverage<\/em>\u00ab, es un t\u00e9rmino que <strong>se representa con una proporci\u00f3n<\/strong>. Por ejemplo, lo habitual es que vaya de 2X a 100X, aunque hay plataformas que pueden llegar hasta 1000X. Al final, es la cifra por la que se multiplica la inversi\u00f3n inicial. Un apalancamiento con criptomonedas de 10X implica que puedes establecer una posici\u00f3n de trading que valga hasta diez veces la inversi\u00f3n inicial.<\/p>\n<p>Muchos <a href=\"https:\/\/99bitcoins.com\/es\/mejores-exchanges-cripto\/\"><strong>exchanges de criptomonedas<\/strong><\/a> ofrecen la posibilidad de operar con apalancamiento. Es una opci\u00f3n no obligatoria, ya que se puede hacer trading sin apalancamiento, por el capital invertido inicial sin m\u00e1s. Por eso, es importante evaluar cada plataforma, sus opciones,\u00a0la interfaz de usuario, las caracter\u00edsticas de seguridad y los pares de operaciones disponibles.<\/p>\n<h2>Estrategias de trading con apalancamiento en criptomonedas<\/h2>\n<p>Al usar apalancamiento en las criptomonedas, se abren varias opciones para operar:<\/p>\n<h3>Posiciones largas y cortas<\/h3>\n<p>Una posici\u00f3n larga espera que una criptomoneda suba de valor, por lo que el precio de venta ser\u00e1 mayor que el de compra. En una posici\u00f3n corta, en cambio, se espera comprarla por un valor m\u00e1s bajo que el que tiene hoy. La diferencia entre ambos precios es la ganancia. El apalancamiento permite aprovechar tanto las subidas como las ca\u00eddas del mercado.<\/p>\n<h3>La ratio de apalancamiento<\/h3>\n<p>El apalancamiento aparece como una ratio 1:10, 1:20 o 1:50. Eso indica cu\u00e1nto dinero o margen necesitas para lo que te preste el br\u00f3ker. Una ratio de 1:20 implica que por cada d\u00f3lar de tu margen propio, puedes operar con 20 d\u00f3lares del br\u00f3ker.<\/p>\n<h3>La gesti\u00f3n del margen<\/h3>\n<p>Las llamadas de margen son advertencias de que tu margen no cumple con el requisito para mantener una posici\u00f3n apalancada abierta. Esto puede deberse a las p\u00e9rdidas no realizadas en tus posiciones abiertas. Ante esta situaci\u00f3n, el trader debe: a\u00f1adir m\u00e1s fondos, para suplir los requisitos, o bien cerrar posiciones, para cortar las posibles p\u00e9rdidas antes de que aumenten m\u00e1s.<\/p>\n<p>Hay br\u00f3kers que ofrecen margen aislado (relacionado con una sola posici\u00f3n apalancada, por lo que s\u00f3lo se pierde el de \u00e9sa), o bien margen cruzado (que se asigna a todas las posiciones, y el margen busca fondos en otras operaciones para cubrir el d\u00e9ficit).<\/p>\n<h3>El tipo de precio<\/h3>\n<p>Un br\u00f3ker permite elegir un mecanismo de referencia de precios para las \u00f3rdenes apalancadas. Eso est\u00e1 pensado para que los usuarios puedan ser m\u00e1s precisos al establecer \u00f3rdenes espec\u00edficas. Hay diferencias entre los tipos de precios y tambi\u00e9n entre br\u00f3kers. Hay tres tipos de precios: \u00ablast traded price\u00bb, que es el \u00faltimo precio negociado en dicho exchange para ese activo; el \u00abprecio \u00edndice\u00bb que es el precio medio derivado de los mercados al contado y <a href=\"https:\/\/99bitcoins.com\/es\/glosario-criptomonedas\/otc\/\">OTC<\/a>; y el \u00abprecio de mercado\u00bb que es el precio de un futuro menos la base.<\/p>\n<h2>La gesti\u00f3n del riesgo en el apalancamiento en criptomonedas<\/h2>\n<p>Uno de los fundamentos del apalancamiento es entender sus riesgos, las p\u00e9rdidas potenciales y c\u00f3mo mitigarlas de manera met\u00f3dica. Estos son algunos de los mecanismos destinados a las operaciones con criptomonedas en mercados de br\u00f3keres:<\/p>\n<p class=\"p1\"><div class=\"su-note\"  style=\"border-color:#d9d9d9;border-radius:3px;-moz-border-radius:3px;-webkit-border-radius:3px;\"><div class=\"su-note-inner su-u-clearfix su-u-trim\" style=\"background-color:#f3f3f3;border-color:#ffffff;color:#333333;border-radius:3px;-moz-border-radius:3px;-webkit-border-radius:3px;\">\n<ul>\n<li><strong>\u00d3rdenes de Stop Loss<\/strong>, que act\u00faan como una red de seguridad ya que limitan las p\u00e9rdidas al cerrar las operaciones si el mercado alcanza un cierto nivel de precios.<\/li>\n<li><strong>\u00d3rdenes de Take Profit<\/strong>, para cerrar posiciones cuando llegan a un nivel de ganancias concreto. Fijar un l\u00edmite de ganancias sirve para asegurarlas antes de que un cambio de mercado las volatilice.<\/li>\n<li><strong>Cuenta demo<\/strong>, que sirve para practicar y familiarizarte con las operaciones con apalancamiento en crypto. Sirve para practicar, ganar confianza y experiencia sin poner en riesgo el dinero real.<\/li>\n<li><strong>Ratios bajas al principio<\/strong>, que sirven para experimentar y entender las mec\u00e1nicas sin comprometer un margen de fondos elevado.<\/li>\n<li><strong>Delimitar el tiempo de las posiciones<\/strong>, para reducir las posibilidades de que el mercado cambie de forma repentina.<\/li>\n<li><strong>Mantener a raya las emociones<\/strong>, como el <a href=\"https:\/\/99bitcoins.com\/es\/glosario-criptomonedas\/fomo\/\">FOMO<\/a>, a la hora de decidir las posiciones en corto o en largo.<\/li>\n<\/ul>\n<\/div><\/div>\n<h2>Ventajas y desventajas del apalancamiento en criptomonedas<\/h2>\n<p>A nivel de ventajas, la principal de todas ellas es que el apalancamiento permite a los operadores controlar una posici\u00f3n de mayor tama\u00f1o con un capital m\u00e1s reducido. Como resultado, las operaciones rentables pueden producir mayores beneficios en comparaci\u00f3n con las operaciones con s\u00f3lo el capital disponible.<\/p>\n<p>Al mismo tiempo, el apalancamiento con criptomonedas habilita a una mayor exposici\u00f3n al mercado. Se puede acceder a movimientos m\u00e1s amplios del mercado con una inversi\u00f3n inicial menor. Tambi\u00e9n a una mayor variedad de mercados e instrumentos, lo que abre nuevas oportunidades de negociaci\u00f3n.<\/p>\n<p>Sin embargo, hay varios riesgos que cabe destacar:<\/p>\n<ul>\n<li>El apalancamiento puede aumentar mucho las ganancias, pero tambi\u00e9n <strong>puede aumentar mucho las p\u00e9rdidas<\/strong>. Los traders que operan apalancados pueden perder mucho dinero muy r\u00e1pidamente, tal vez m\u00e1s de lo que invirtieron de forma inicial.<\/li>\n<li>En las posiciones apalancadas, una ca\u00edda del valor de mercado de un activo<strong> puede dar lugar a un ajuste de m\u00e1rgenes<\/strong>, lo que obliga al operador a depositar m\u00e1s fondos o arriesgarse a que la posici\u00f3n o los fondos iniciales se cierren por la fuerza.<\/li>\n<li>Las participaciones apalancadas tienen m\u00e1s probabilidades de sufrir eventos de <strong>liquidaci\u00f3n<\/strong> cuando hay una gran volatilidad en el mercado, lo que puede provocar r\u00e1pidas fluctuaciones de precios.<\/li>\n<\/ul>\n<p>Las operaciones de apalancamiento son complejas y requieren conocimientos profundos de la gesti\u00f3n de riesgos y las finanzas. A los nuevos traders, una posici\u00f3n apalancada puede resultarles demasiado compleja, incluso cuando la monitorizan desde una <a href=\"https:\/\/99bitcoins.com\/es\/mejores-exchanges-cripto\/app-criptomonedas\/\">app crypto<\/a> espec\u00edfica.<\/p>\n","protected":false},"excerpt":{"rendered":"<p>El apalancamiento puede ser un concepto que induce a confusi\u00f3n, en especial en un mercado vol\u00e1til como el de las criptomonedas y tambi\u00e9n en otros activos. Como tal, es una de las figuras m\u00e1s presentes en el mundo del trading, en la pr\u00e1ctica totalidad de sus opciones y variaciones. \u00bfQu\u00e9 es el apalancamiento con criptomonedas?..<\/p>\n","protected":false},"author":135886,"featured_media":8164,"parent":5163,"menu_order":0,"comment_status":"closed","ping_status":"closed","template":"","meta":{"_acf_changed":false,"inline_featured_image":false,"footnotes":""},"class_list":["post-8161","page","type-page","status-publish","has-post-thumbnail","hentry"],"acf":[],"yoast_head":"<!-- This site is optimized with the Yoast SEO plugin v27.4 - https:\/\/yoast.com\/product\/yoast-seo-wordpress\/ -->\n<title>\u00bfQu\u00e9 es el apalancamiento con criptomonedas?: qu\u00e9 es y c\u00f3mo usarlo<\/title>\n<meta name=\"description\" content=\"El apalancamiento con criptomonedas es una de las estrategias m\u00e1s utilizadas al operar con estos activos digitales en un mercado abierto.\" \/>\n<meta name=\"robots\" content=\"index, follow, max-snippet:-1, max-image-preview:large, max-video-preview:-1\" \/>\n<link rel=\"canonical\" href=\"https:\/\/99bitcoins.com\/es\/glosario-criptomonedas\/apalancamiento-criptomonedas\/\" \/>\n<meta property=\"og:locale\" content=\"es_ES\" \/>\n<meta property=\"og:type\" content=\"article\" \/>\n<meta property=\"og:title\" content=\"\u00bfQu\u00e9 es el apalancamiento con criptomonedas?: qu\u00e9 es y c\u00f3mo usarlo\" \/>\n<meta property=\"og:description\" content=\"El apalancamiento con criptomonedas es una de las estrategias m\u00e1s utilizadas al operar con estos activos digitales en un mercado abierto.\" \/>\n<meta property=\"og:url\" content=\"https:\/\/99bitcoins.com\/es\/glosario-criptomonedas\/apalancamiento-criptomonedas\/\" \/>\n<meta property=\"og:site_name\" content=\"99bitcoins ES\" \/>\n<meta property=\"og:image\" content=\"https:\/\/99bitcoins.com\/es\/wp-content\/uploads\/sites\/5\/2024\/12\/apalancamiento.webp\" \/>\n\t<meta property=\"og:image:width\" content=\"1200\" \/>\n\t<meta property=\"og:image:height\" content=\"675\" \/>\n\t<meta property=\"og:image:type\" content=\"image\/webp\" \/>\n<meta name=\"twitter:card\" content=\"summary_large_image\" \/>\n<meta name=\"twitter:label1\" content=\"Est. reading time\" \/>\n\t<meta name=\"twitter:data1\" content=\"6 minutos\" \/>\n<script type=\"application\/ld+json\" class=\"yoast-schema-graph\">{\"@context\":\"https:\\\/\\\/schema.org\",\"@graph\":[{\"@type\":\"WebPage\",\"@id\":\"https:\\\/\\\/99bitcoins.com\\\/es\\\/glosario-criptomonedas\\\/apalancamiento-criptomonedas\\\/\",\"url\":\"https:\\\/\\\/99bitcoins.com\\\/es\\\/glosario-criptomonedas\\\/apalancamiento-criptomonedas\\\/\",\"name\":\"\u00bfQu\u00e9 es el apalancamiento con criptomonedas?: qu\u00e9 es y c\u00f3mo usarlo\",\"isPartOf\":{\"@id\":\"https:\\\/\\\/99bitcoins.com\\\/es\\\/#website\"},\"primaryImageOfPage\":{\"@id\":\"https:\\\/\\\/99bitcoins.com\\\/es\\\/glosario-criptomonedas\\\/apalancamiento-criptomonedas\\\/#primaryimage\"},\"image\":{\"@id\":\"https:\\\/\\\/99bitcoins.com\\\/es\\\/glosario-criptomonedas\\\/apalancamiento-criptomonedas\\\/#primaryimage\"},\"thumbnailUrl\":\"https:\\\/\\\/99bitcoins.com\\\/es\\\/wp-content\\\/uploads\\\/sites\\\/5\\\/2024\\\/12\\\/apalancamiento.webp\",\"datePublished\":\"2024-12-10T07:57:30+00:00\",\"description\":\"El apalancamiento con criptomonedas es una de las estrategias m\u00e1s utilizadas al operar con estos activos digitales en un mercado abierto.\",\"breadcrumb\":{\"@id\":\"https:\\\/\\\/99bitcoins.com\\\/es\\\/glosario-criptomonedas\\\/apalancamiento-criptomonedas\\\/#breadcrumb\"},\"inLanguage\":\"es\",\"potentialAction\":[{\"@type\":\"ReadAction\",\"target\":[\"https:\\\/\\\/99bitcoins.com\\\/es\\\/glosario-criptomonedas\\\/apalancamiento-criptomonedas\\\/\"]}]},{\"@type\":\"ImageObject\",\"inLanguage\":\"es\",\"@id\":\"https:\\\/\\\/99bitcoins.com\\\/es\\\/glosario-criptomonedas\\\/apalancamiento-criptomonedas\\\/#primaryimage\",\"url\":\"https:\\\/\\\/99bitcoins.com\\\/es\\\/wp-content\\\/uploads\\\/sites\\\/5\\\/2024\\\/12\\\/apalancamiento.webp\",\"contentUrl\":\"https:\\\/\\\/99bitcoins.com\\\/es\\\/wp-content\\\/uploads\\\/sites\\\/5\\\/2024\\\/12\\\/apalancamiento.webp\",\"width\":1200,\"height\":675,\"caption\":\"apalancamiento en criptomonedas\"},{\"@type\":\"BreadcrumbList\",\"@id\":\"https:\\\/\\\/99bitcoins.com\\\/es\\\/glosario-criptomonedas\\\/apalancamiento-criptomonedas\\\/#breadcrumb\",\"itemListElement\":[{\"@type\":\"ListItem\",\"position\":1,\"name\":\"Home\",\"item\":\"https:\\\/\\\/99bitcoins.com\\\/es\\\/\"},{\"@type\":\"ListItem\",\"position\":2,\"name\":\"Glosario de Criptomonedas \u2013 T\u00e9rminos y conceptos de la blockchain de la A a la Z\",\"item\":\"https:\\\/\\\/99bitcoins.com\\\/es\\\/glosario-criptomonedas\\\/\"},{\"@type\":\"ListItem\",\"position\":3,\"name\":\"\u00bfQu\u00e9 es el apalancamiento con criptomonedas?\"}]},{\"@type\":\"WebSite\",\"@id\":\"https:\\\/\\\/99bitcoins.com\\\/es\\\/#website\",\"url\":\"https:\\\/\\\/99bitcoins.com\\\/es\\\/\",\"name\":\"99bitcoins ES\",\"description\":\"\",\"publisher\":{\"@id\":\"https:\\\/\\\/99bitcoins.com\\\/es\\\/#organization\"},\"potentialAction\":[{\"@type\":\"SearchAction\",\"target\":{\"@type\":\"EntryPoint\",\"urlTemplate\":\"https:\\\/\\\/99bitcoins.com\\\/es\\\/?s={search_term_string}\"},\"query-input\":{\"@type\":\"PropertyValueSpecification\",\"valueRequired\":true,\"valueName\":\"search_term_string\"}}],\"inLanguage\":\"es\"},{\"@type\":\"Organization\",\"@id\":\"https:\\\/\\\/99bitcoins.com\\\/es\\\/#organization\",\"name\":\"99bitcoins\",\"alternateName\":\"99bitcoins\",\"url\":\"https:\\\/\\\/99bitcoins.com\\\/es\\\/\",\"logo\":{\"@type\":\"ImageObject\",\"inLanguage\":\"es\",\"@id\":\"https:\\\/\\\/99bitcoins.com\\\/es\\\/#\\\/schema\\\/logo\\\/image\\\/\",\"url\":\"https:\\\/\\\/99bitcoins.com\\\/es\\\/wp-content\\\/uploads\\\/sites\\\/5\\\/2024\\\/10\\\/99bitcoins-logo.svg\",\"contentUrl\":\"https:\\\/\\\/99bitcoins.com\\\/es\\\/wp-content\\\/uploads\\\/sites\\\/5\\\/2024\\\/10\\\/99bitcoins-logo.svg\",\"width\":201,\"height\":43,\"caption\":\"99bitcoins\"},\"image\":{\"@id\":\"https:\\\/\\\/99bitcoins.com\\\/es\\\/#\\\/schema\\\/logo\\\/image\\\/\"}}]}<\/script>\n<!-- \/ Yoast SEO plugin. -->","yoast_head_json":{"title":"\u00bfQu\u00e9 es el apalancamiento con criptomonedas?: qu\u00e9 es y c\u00f3mo usarlo","description":"El apalancamiento con criptomonedas es una de las estrategias m\u00e1s utilizadas al operar con estos activos digitales en un mercado abierto.","robots":{"index":"index","follow":"follow","max-snippet":"max-snippet:-1","max-image-preview":"max-image-preview:large","max-video-preview":"max-video-preview:-1"},"canonical":"https:\/\/99bitcoins.com\/es\/glosario-criptomonedas\/apalancamiento-criptomonedas\/","og_locale":"es_ES","og_type":"article","og_title":"\u00bfQu\u00e9 es el apalancamiento con criptomonedas?: qu\u00e9 es y c\u00f3mo usarlo","og_description":"El apalancamiento con criptomonedas es una de las estrategias m\u00e1s utilizadas al operar con estos activos digitales en un mercado abierto.","og_url":"https:\/\/99bitcoins.com\/es\/glosario-criptomonedas\/apalancamiento-criptomonedas\/","og_site_name":"99bitcoins ES","og_image":[{"width":1200,"height":675,"url":"https:\/\/99bitcoins.com\/es\/wp-content\/uploads\/sites\/5\/2024\/12\/apalancamiento.webp","type":"image\/webp"}],"twitter_card":"summary_large_image","twitter_misc":{"Est. reading time":"6 minutos"},"schema":{"@context":"https:\/\/schema.org","@graph":[{"@type":"WebPage","@id":"https:\/\/99bitcoins.com\/es\/glosario-criptomonedas\/apalancamiento-criptomonedas\/","url":"https:\/\/99bitcoins.com\/es\/glosario-criptomonedas\/apalancamiento-criptomonedas\/","name":"\u00bfQu\u00e9 es el apalancamiento con criptomonedas?: qu\u00e9 es y c\u00f3mo usarlo","isPartOf":{"@id":"https:\/\/99bitcoins.com\/es\/#website"},"primaryImageOfPage":{"@id":"https:\/\/99bitcoins.com\/es\/glosario-criptomonedas\/apalancamiento-criptomonedas\/#primaryimage"},"image":{"@id":"https:\/\/99bitcoins.com\/es\/glosario-criptomonedas\/apalancamiento-criptomonedas\/#primaryimage"},"thumbnailUrl":"https:\/\/99bitcoins.com\/es\/wp-content\/uploads\/sites\/5\/2024\/12\/apalancamiento.webp","datePublished":"2024-12-10T07:57:30+00:00","description":"El apalancamiento con criptomonedas es una de las estrategias m\u00e1s utilizadas al operar con estos activos digitales en un mercado abierto.","breadcrumb":{"@id":"https:\/\/99bitcoins.com\/es\/glosario-criptomonedas\/apalancamiento-criptomonedas\/#breadcrumb"},"inLanguage":"es","potentialAction":[{"@type":"ReadAction","target":["https:\/\/99bitcoins.com\/es\/glosario-criptomonedas\/apalancamiento-criptomonedas\/"]}]},{"@type":"ImageObject","inLanguage":"es","@id":"https:\/\/99bitcoins.com\/es\/glosario-criptomonedas\/apalancamiento-criptomonedas\/#primaryimage","url":"https:\/\/99bitcoins.com\/es\/wp-content\/uploads\/sites\/5\/2024\/12\/apalancamiento.webp","contentUrl":"https:\/\/99bitcoins.com\/es\/wp-content\/uploads\/sites\/5\/2024\/12\/apalancamiento.webp","width":1200,"height":675,"caption":"apalancamiento en criptomonedas"},{"@type":"BreadcrumbList","@id":"https:\/\/99bitcoins.com\/es\/glosario-criptomonedas\/apalancamiento-criptomonedas\/#breadcrumb","itemListElement":[{"@type":"ListItem","position":1,"name":"Home","item":"https:\/\/99bitcoins.com\/es\/"},{"@type":"ListItem","position":2,"name":"Glosario de Criptomonedas \u2013 T\u00e9rminos y conceptos de la blockchain de la A a la Z","item":"https:\/\/99bitcoins.com\/es\/glosario-criptomonedas\/"},{"@type":"ListItem","position":3,"name":"\u00bfQu\u00e9 es el apalancamiento con criptomonedas?"}]},{"@type":"WebSite","@id":"https:\/\/99bitcoins.com\/es\/#website","url":"https:\/\/99bitcoins.com\/es\/","name":"99bitcoins ES","description":"","publisher":{"@id":"https:\/\/99bitcoins.com\/es\/#organization"},"potentialAction":[{"@type":"SearchAction","target":{"@type":"EntryPoint","urlTemplate":"https:\/\/99bitcoins.com\/es\/?s={search_term_string}"},"query-input":{"@type":"PropertyValueSpecification","valueRequired":true,"valueName":"search_term_string"}}],"inLanguage":"es"},{"@type":"Organization","@id":"https:\/\/99bitcoins.com\/es\/#organization","name":"99bitcoins","alternateName":"99bitcoins","url":"https:\/\/99bitcoins.com\/es\/","logo":{"@type":"ImageObject","inLanguage":"es","@id":"https:\/\/99bitcoins.com\/es\/#\/schema\/logo\/image\/","url":"https:\/\/99bitcoins.com\/es\/wp-content\/uploads\/sites\/5\/2024\/10\/99bitcoins-logo.svg","contentUrl":"https:\/\/99bitcoins.com\/es\/wp-content\/uploads\/sites\/5\/2024\/10\/99bitcoins-logo.svg","width":201,"height":43,"caption":"99bitcoins"},"image":{"@id":"https:\/\/99bitcoins.com\/es\/#\/schema\/logo\/image\/"}}]}},"_links":{"self":[{"href":"https:\/\/99bitcoins.com\/es\/wp-json\/wp\/v2\/pages\/8161","targetHints":{"allow":["GET"]}}],"collection":[{"href":"https:\/\/99bitcoins.com\/es\/wp-json\/wp\/v2\/pages"}],"about":[{"href":"https:\/\/99bitcoins.com\/es\/wp-json\/wp\/v2\/types\/page"}],"author":[{"embeddable":true,"href":"https:\/\/99bitcoins.com\/es\/wp-json\/wp\/v2\/users\/135886"}],"replies":[{"embeddable":true,"href":"https:\/\/99bitcoins.com\/es\/wp-json\/wp\/v2\/comments?post=8161"}],"version-history":[{"count":5,"href":"https:\/\/99bitcoins.com\/es\/wp-json\/wp\/v2\/pages\/8161\/revisions"}],"predecessor-version":[{"id":26403,"href":"https:\/\/99bitcoins.com\/es\/wp-json\/wp\/v2\/pages\/8161\/revisions\/26403"}],"up":[{"embeddable":true,"href":"https:\/\/99bitcoins.com\/es\/wp-json\/wp\/v2\/pages\/5163"}],"wp:featuredmedia":[{"embeddable":true,"href":"https:\/\/99bitcoins.com\/es\/wp-json\/wp\/v2\/media\/8164"}],"wp:attachment":[{"href":"https:\/\/99bitcoins.com\/es\/wp-json\/wp\/v2\/media?parent=8161"}],"curies":[{"name":"wp","href":"https:\/\/api.w.org\/{rel}","templated":true}]}}