{"id":7788,"date":"2024-12-04T09:42:59","date_gmt":"2024-12-04T09:42:59","guid":{"rendered":"https:\/\/99bitcoins.com\/es\/?page_id=7788"},"modified":"2024-12-04T09:42:59","modified_gmt":"2024-12-04T09:42:59","slug":"granja-de-criptomonedas","status":"publish","type":"page","link":"https:\/\/99bitcoins.com\/es\/glosario-criptomonedas\/granja-de-criptomonedas\/","title":{"rendered":"\u00bfQu\u00e9 es una granja de criptomonedas?"},"content":{"rendered":"<p>Una<strong> granja de criptomonedas<\/strong> es uno de los conceptos rodeados de mayor misticismo e intriga por parte de los usuarios que se adentran en este sector. \u00bfEn qu\u00e9 consiste eso de minar criptomonedas en una granja? Sabiendo que est\u00e1n por todo el mundo, \u00bfsigue siendo algo que est\u00e1 al alcance de los usuarios de a pie, o es algo reservado para empresas y operaciones de gran volumen?<\/p>\n<h2>\u00bfQu\u00e9 es una granja de criptomonedas?<\/h2>\n<p>Una granja de criptomonedas, o granja de miner\u00eda, es una <strong>red local masiva de ordenadores optimizados<\/strong>, alineados y preparados para llevar a cabo s\u00f3lo una tarea: minar criptomonedas <strong>Proof of Work (Prueba de Trabajo)<\/strong>, que son las que permiten este modo de extracci\u00f3n.<\/p>\n<p>Minar criptomonedas como <strong>Bitcoin, Litecoin o Dogecoin<\/strong> pasa por resolver problemas algor\u00edtimos a base de fuerza bruta, probando soluciones hasta que se da con la correcta: y el nodo u ordenador que la resuelve, se lleva como recompensa ese bloque, que normalmente contiene 1 o m\u00e1s tokens BTC, LTC o DOGE (entre otras).<\/p>\n<p>\u00c9se es el proceso individual. Lo que hace una granja de minado de criptomonedas es colocar decenas, cientos o miles de ordenadores llevando a cabo esa operaci\u00f3n en la cadena de bloques de forma masiva. Dado que la potencia de c\u00e1lculo necesaria para minar es inmensa, se necesita una capacidad enorme de <strong>hardware<\/strong> y que superan en todo caso la capacidad de un ordenador en una casa. Ah\u00ed es donde nacen las granjas de criptomonedas, que en su definici\u00f3n y en su propio nombre ya llevan esa naturaleza de \u00abagricultura\u00bb o \u00abcultivo\u00bb, en este caso, digital.<\/p>\n<p><img decoding=\"async\" class=\"size-full wp-image-7792 aligncenter\" src=\"https:\/\/99bitcoins.com\/es\/wp-content\/uploads\/sites\/5\/2024\/12\/granja-de-criptomonedas.webp\" alt=\"granja de criptomonedas\" width=\"1200\" height=\"517\" srcset=\"https:\/\/99bitcoins.com\/es\/wp-content\/uploads\/sites\/5\/2024\/12\/granja-de-criptomonedas.webp 1200w, https:\/\/99bitcoins.com\/es\/wp-content\/uploads\/sites\/5\/2024\/12\/granja-de-criptomonedas-300x129.webp 300w, https:\/\/99bitcoins.com\/es\/wp-content\/uploads\/sites\/5\/2024\/12\/granja-de-criptomonedas-768x331.webp 768w\" sizes=\"(max-width: 1200px) 100vw, 1200px\" \/><\/p>\n<h2>C\u00f3mo funciona una granja de criptomonedas<\/h2>\n<p>Una granja de criptomonedas tiene estas caracter\u00edsticas intr\u00ednsecas a su funcionamiento y naturaleza:<\/p>\n<p class=\"p1\"><div class=\"su-note\"  style=\"border-color:#d9d9d9;border-radius:3px;-moz-border-radius:3px;-webkit-border-radius:3px;\"><div class=\"su-note-inner su-u-clearfix su-u-trim\" style=\"background-color:#f3f3f3;border-color:#ffffff;color:#333333;border-radius:3px;-moz-border-radius:3px;-webkit-border-radius:3px;\">\n<ul>\n<li><strong>Se instalan siempre en naves industriales o espacios de gran tama\u00f1o<\/strong>, con filas de ordenadores instaladas de forma vertical, en racks, que disponen de buses conectados a la red de alta velocidad. Cuentan tambi\u00e9n con sistemas de refrigeraci\u00f3n l\u00edquida o de alta potencia para mantener la temperatura baja a pesar de que trabajan al 100% las 24 horas del d\u00eda.<\/li>\n<li>Las granjas de criptomonedas, hist\u00f3ricamente, <strong>se han instalado en pa\u00edses donde el coste de la electricidad es m\u00e1s barato<\/strong>, ya que estas instalaciones consumen una cantidad ingente de energ\u00eda. De ah\u00ed se desprende una de las cr\u00edticas a criptomonedas como Bitcoin, que tienen un elevado consumo y una huella de carbono considerable. Algunos de esos pa\u00edses son Rusia, Kazajist\u00e1n, Georgia, Suiza, Islandia, y Estados Unidos.<\/li>\n<li>Estas granjas <strong>pueden llegar a extraer hasta 600 BTC o m\u00e1s al mes<\/strong> en su operativa habitual. Los eventos de <a href=\"https:\/\/99bitcoins.com\/es\/glosario-criptomonedas\/halving-bitcoin\/\"><strong>halving de Bitcoin<\/strong><\/a> u otros tokens PoW reduce la recompensa en tokens por cada bloque que se mina.<\/li>\n<\/ul>\n<\/div><\/div>\n<h2>La historia de las granjas de miner\u00eda de criptomonedas<\/h2>\n<p>Cuando Satoshi Nakamoto lanz\u00f3 Bitcoin en 2009, el bloque g\u00e9nesis fue minado manualmente por Nakamoto. La dificultad de minado comenz\u00f3 siendo muy baja para permitir que las CPU ordinarias comenzaran a participar gradualmente. Eso implicaba que pr\u00e1cticamente cualquiera, en casa, pod\u00eda minar Bitcoins f\u00e1cilmente.<\/p>\n<p>A medida que Bitcoin ganaba tracci\u00f3n, m\u00e1s mineros se unieron a la red utilizando CPUs y GPUs (los llamados sistemas ASIC). La dificultad por desbloquear la cadena aument\u00f3, lo que provoc\u00f3 una carrera en el desarrollo y la mejora del hardware de miner\u00eda para mantener el ritmo de la competencia.<\/p>\n<p>Las matrices de puertas programables en campo (FPGA) marcaron la primera oleada de chips especializados en miner\u00eda antes de que los circuitos integrados de aplicaci\u00f3n espec\u00edfica (<strong>ASIC<\/strong>) optimizados exclusivamente para la miner\u00eda dejaran obsoletas a las GPU. Eso fue en 2013. La miner\u00eda se comercializ\u00f3 r\u00e1pidamente debido al potencial de beneficios.<\/p>\n<p>En los \u00faltimos a\u00f1os, hay una tendencia creciente de utilizar fuentes de energ\u00edas renovables para nutrir las granjas de criptomonedas. Un ejemplo de ello son las granjas en Islandia, que aprovechan la energ\u00eda geot\u00e9rmica, o en pa\u00edses donde disponen de instalaciones de paneles solares. La eficiencia energ\u00e9tica reduce el coste del minado, y hace que la operaci\u00f3n sea m\u00e1s rentable.<\/p>\n<p class=\"p1\"><div class=\"su-note\"  style=\"border-color:#d9d9d9;border-radius:3px;-moz-border-radius:3px;-webkit-border-radius:3px;\"><div class=\"su-note-inner su-u-clearfix su-u-trim\" style=\"background-color:#f3f3f3;border-color:#ffffff;color:#333333;border-radius:3px;-moz-border-radius:3px;-webkit-border-radius:3px;\">\n<p>Ahora mismo, las empresas de minado <strong>con las mayores granjas de criptomonedas por volumen<\/strong> son:<\/p>\n<ul>\n<li>Marathon Digital Holdings (EE.UU.)<\/li>\n<li>Core Scientific (EE.UU)<\/li>\n<li>Riot Blockchain (EE.UU)<\/li>\n<li>CleanSpark (EE.UU)<\/li>\n<li>TeraWulf (EE.UU)<\/li>\n<li>IREN (Australia)<\/li>\n<li>Hut 8 Mining (Canad\u00e1)<\/li>\n<li>Bitdeer Technologies (Singapur)<\/li>\n<\/ul>\n<\/div><\/div>\n<h2>\u00bfEs legal tener una granja de criptomonedas?<\/h2>\n<p>Tener una granja de criptomonedas en Espa\u00f1a <strong>es legal<\/strong>, como lo es en la mayor\u00eda de pa\u00edses del mundo (excepto algunos casos que lo han prohibido expl\u00edcitamente, como China). Al principio, un usuario particular pod\u00eda minar criptomonedas en solitario desde un ordenador personal, pero eso ya est\u00e1 casi extinto como tal. Eso es porque, como hemos comentado, la potencia de hash necesaria para minar hace que, a la pr\u00e1ctica, sea casi imposible para un usuario individual ser el primero en resolver un bloque y recibir la recompensa por minar \u2013en especial con el Bitcoin.<\/p>\n<p>En otras criptomonedas, depende del uso de la red. Hay <a href=\"https:\/\/99bitcoins.com\/es\/glosario-criptomonedas\/token\/\">tokens<\/a> Proof of Work de reciente lanzamiento que quiz\u00e1 permitan un enfoque de minado directo desde equipos individuales. Sin embargo, a la pr\u00e1ctica, un usuario que quiera minar, m\u00e1s que montar una granja, lo que suele hacer es participar en <strong>\u00abpools\u00bb de miner\u00eda<\/strong> que comparten recursos entre muchos usuarios y ofrecen pagos constantes a los usuarios que participan. Esas pools, como puede ser evidente, las ofrecen empresas que disponen de granjas de criptomonedas.<\/p>\n","protected":false},"excerpt":{"rendered":"<p>Una granja de criptomonedas es uno de los conceptos rodeados de mayor misticismo e intriga por parte de los usuarios que se adentran en este sector. \u00bfEn qu\u00e9 consiste eso de minar criptomonedas en una granja? Sabiendo que est\u00e1n por todo el mundo, \u00bfsigue siendo algo que est\u00e1 al alcance de los usuarios de a..<\/p>\n","protected":false},"author":135885,"featured_media":7792,"parent":5163,"menu_order":0,"comment_status":"closed","ping_status":"closed","template":"","meta":{"_acf_changed":false,"inline_featured_image":false,"footnotes":""},"class_list":["post-7788","page","type-page","status-publish","has-post-thumbnail","hentry"],"acf":[],"yoast_head":"<!-- This site is optimized with the Yoast SEO plugin v27.2 - https:\/\/yoast.com\/product\/yoast-seo-wordpress\/ -->\n<title>Granja de criptomonedas: qu\u00e9 es y c\u00f3mo funciona<\/title>\n<meta name=\"description\" content=\"Una granja de criptomonedas es uno de los conceptos rodeados de mayor misticismo e intriga por parte de quienes se adentran en el sector.\" \/>\n<meta name=\"robots\" content=\"index, follow, max-snippet:-1, max-image-preview:large, max-video-preview:-1\" \/>\n<link rel=\"canonical\" href=\"https:\/\/99bitcoins.com\/es\/glosario-criptomonedas\/granja-de-criptomonedas\/\" \/>\n<meta property=\"og:locale\" content=\"es_ES\" \/>\n<meta property=\"og:type\" content=\"article\" \/>\n<meta property=\"og:title\" content=\"Granja de criptomonedas: qu\u00e9 es y c\u00f3mo funciona\" \/>\n<meta property=\"og:description\" content=\"Una granja de criptomonedas es uno de los conceptos rodeados de mayor misticismo e intriga por parte de quienes se adentran en el sector.\" \/>\n<meta property=\"og:url\" content=\"https:\/\/99bitcoins.com\/es\/glosario-criptomonedas\/granja-de-criptomonedas\/\" \/>\n<meta property=\"og:site_name\" content=\"99bitcoins ES\" \/>\n<meta property=\"og:image\" content=\"https:\/\/99bitcoins.com\/es\/wp-content\/uploads\/sites\/5\/2024\/12\/granja-de-criptomonedas.webp\" \/>\n\t<meta property=\"og:image:width\" content=\"1200\" \/>\n\t<meta property=\"og:image:height\" content=\"517\" \/>\n\t<meta property=\"og:image:type\" content=\"image\/webp\" \/>\n<meta name=\"twitter:card\" content=\"summary_large_image\" \/>\n<meta name=\"twitter:label1\" content=\"Est. reading time\" \/>\n\t<meta name=\"twitter:data1\" content=\"5 minutos\" \/>\n<script type=\"application\/ld+json\" class=\"yoast-schema-graph\">{\"@context\":\"https:\/\/schema.org\",\"@graph\":[{\"@type\":\"WebPage\",\"@id\":\"https:\/\/99bitcoins.com\/es\/glosario-criptomonedas\/granja-de-criptomonedas\/\",\"url\":\"https:\/\/99bitcoins.com\/es\/glosario-criptomonedas\/granja-de-criptomonedas\/\",\"name\":\"Granja de criptomonedas: qu\u00e9 es y c\u00f3mo funciona\",\"isPartOf\":{\"@id\":\"https:\/\/99bitcoins.com\/es\/#website\"},\"primaryImageOfPage\":{\"@id\":\"https:\/\/99bitcoins.com\/es\/glosario-criptomonedas\/granja-de-criptomonedas\/#primaryimage\"},\"image\":{\"@id\":\"https:\/\/99bitcoins.com\/es\/glosario-criptomonedas\/granja-de-criptomonedas\/#primaryimage\"},\"thumbnailUrl\":\"https:\/\/99bitcoins.com\/es\/wp-content\/uploads\/sites\/5\/2024\/12\/granja-de-criptomonedas.webp\",\"datePublished\":\"2024-12-04T09:42:59+00:00\",\"description\":\"Una granja de criptomonedas es uno de los conceptos rodeados de mayor misticismo e intriga por parte de quienes se adentran en el sector.\",\"breadcrumb\":{\"@id\":\"https:\/\/99bitcoins.com\/es\/glosario-criptomonedas\/granja-de-criptomonedas\/#breadcrumb\"},\"inLanguage\":\"es\",\"potentialAction\":[{\"@type\":\"ReadAction\",\"target\":[\"https:\/\/99bitcoins.com\/es\/glosario-criptomonedas\/granja-de-criptomonedas\/\"]}]},{\"@type\":\"ImageObject\",\"inLanguage\":\"es\",\"@id\":\"https:\/\/99bitcoins.com\/es\/glosario-criptomonedas\/granja-de-criptomonedas\/#primaryimage\",\"url\":\"https:\/\/99bitcoins.com\/es\/wp-content\/uploads\/sites\/5\/2024\/12\/granja-de-criptomonedas.webp\",\"contentUrl\":\"https:\/\/99bitcoins.com\/es\/wp-content\/uploads\/sites\/5\/2024\/12\/granja-de-criptomonedas.webp\",\"width\":1200,\"height\":517,\"caption\":\"granja de criptomonedas\"},{\"@type\":\"BreadcrumbList\",\"@id\":\"https:\/\/99bitcoins.com\/es\/glosario-criptomonedas\/granja-de-criptomonedas\/#breadcrumb\",\"itemListElement\":[{\"@type\":\"ListItem\",\"position\":1,\"name\":\"Home\",\"item\":\"https:\/\/99bitcoins.com\/es\/\"},{\"@type\":\"ListItem\",\"position\":2,\"name\":\"Glosario de Criptomonedas \u2013 T\u00e9rminos y conceptos de la blockchain de la A a la Z\",\"item\":\"https:\/\/99bitcoins.com\/es\/glosario-criptomonedas\/\"},{\"@type\":\"ListItem\",\"position\":3,\"name\":\"\u00bfQu\u00e9 es una granja de criptomonedas?\"}]},{\"@type\":\"WebSite\",\"@id\":\"https:\/\/99bitcoins.com\/es\/#website\",\"url\":\"https:\/\/99bitcoins.com\/es\/\",\"name\":\"99bitcoins ES\",\"description\":\"\",\"publisher\":{\"@id\":\"https:\/\/99bitcoins.com\/es\/#organization\"},\"potentialAction\":[{\"@type\":\"SearchAction\",\"target\":{\"@type\":\"EntryPoint\",\"urlTemplate\":\"https:\/\/99bitcoins.com\/es\/?s={search_term_string}\"},\"query-input\":{\"@type\":\"PropertyValueSpecification\",\"valueRequired\":true,\"valueName\":\"search_term_string\"}}],\"inLanguage\":\"es\"},{\"@type\":\"Organization\",\"@id\":\"https:\/\/99bitcoins.com\/es\/#organization\",\"name\":\"99bitcoins\",\"alternateName\":\"99bitcoins\",\"url\":\"https:\/\/99bitcoins.com\/es\/\",\"logo\":{\"@type\":\"ImageObject\",\"inLanguage\":\"es\",\"@id\":\"https:\/\/99bitcoins.com\/es\/#\/schema\/logo\/image\/\",\"url\":\"https:\/\/99bitcoins.com\/es\/wp-content\/uploads\/sites\/5\/2024\/10\/99bitcoins-logo.svg\",\"contentUrl\":\"https:\/\/99bitcoins.com\/es\/wp-content\/uploads\/sites\/5\/2024\/10\/99bitcoins-logo.svg\",\"width\":201,\"height\":43,\"caption\":\"99bitcoins\"},\"image\":{\"@id\":\"https:\/\/99bitcoins.com\/es\/#\/schema\/logo\/image\/\"}}]}<\/script>\n<!-- \/ Yoast SEO plugin. -->","yoast_head_json":{"title":"Granja de criptomonedas: qu\u00e9 es y c\u00f3mo funciona","description":"Una granja de criptomonedas es uno de los conceptos rodeados de mayor misticismo e intriga por parte de quienes se adentran en el sector.","robots":{"index":"index","follow":"follow","max-snippet":"max-snippet:-1","max-image-preview":"max-image-preview:large","max-video-preview":"max-video-preview:-1"},"canonical":"https:\/\/99bitcoins.com\/es\/glosario-criptomonedas\/granja-de-criptomonedas\/","og_locale":"es_ES","og_type":"article","og_title":"Granja de criptomonedas: qu\u00e9 es y c\u00f3mo funciona","og_description":"Una granja de criptomonedas es uno de los conceptos rodeados de mayor misticismo e intriga por parte de quienes se adentran en el sector.","og_url":"https:\/\/99bitcoins.com\/es\/glosario-criptomonedas\/granja-de-criptomonedas\/","og_site_name":"99bitcoins ES","og_image":[{"width":1200,"height":517,"url":"https:\/\/99bitcoins.com\/es\/wp-content\/uploads\/sites\/5\/2024\/12\/granja-de-criptomonedas.webp","type":"image\/webp"}],"twitter_card":"summary_large_image","twitter_misc":{"Est. reading time":"5 minutos"},"schema":{"@context":"https:\/\/schema.org","@graph":[{"@type":"WebPage","@id":"https:\/\/99bitcoins.com\/es\/glosario-criptomonedas\/granja-de-criptomonedas\/","url":"https:\/\/99bitcoins.com\/es\/glosario-criptomonedas\/granja-de-criptomonedas\/","name":"Granja de criptomonedas: qu\u00e9 es y c\u00f3mo funciona","isPartOf":{"@id":"https:\/\/99bitcoins.com\/es\/#website"},"primaryImageOfPage":{"@id":"https:\/\/99bitcoins.com\/es\/glosario-criptomonedas\/granja-de-criptomonedas\/#primaryimage"},"image":{"@id":"https:\/\/99bitcoins.com\/es\/glosario-criptomonedas\/granja-de-criptomonedas\/#primaryimage"},"thumbnailUrl":"https:\/\/99bitcoins.com\/es\/wp-content\/uploads\/sites\/5\/2024\/12\/granja-de-criptomonedas.webp","datePublished":"2024-12-04T09:42:59+00:00","description":"Una granja de criptomonedas es uno de los conceptos rodeados de mayor misticismo e intriga por parte de quienes se adentran en el sector.","breadcrumb":{"@id":"https:\/\/99bitcoins.com\/es\/glosario-criptomonedas\/granja-de-criptomonedas\/#breadcrumb"},"inLanguage":"es","potentialAction":[{"@type":"ReadAction","target":["https:\/\/99bitcoins.com\/es\/glosario-criptomonedas\/granja-de-criptomonedas\/"]}]},{"@type":"ImageObject","inLanguage":"es","@id":"https:\/\/99bitcoins.com\/es\/glosario-criptomonedas\/granja-de-criptomonedas\/#primaryimage","url":"https:\/\/99bitcoins.com\/es\/wp-content\/uploads\/sites\/5\/2024\/12\/granja-de-criptomonedas.webp","contentUrl":"https:\/\/99bitcoins.com\/es\/wp-content\/uploads\/sites\/5\/2024\/12\/granja-de-criptomonedas.webp","width":1200,"height":517,"caption":"granja de criptomonedas"},{"@type":"BreadcrumbList","@id":"https:\/\/99bitcoins.com\/es\/glosario-criptomonedas\/granja-de-criptomonedas\/#breadcrumb","itemListElement":[{"@type":"ListItem","position":1,"name":"Home","item":"https:\/\/99bitcoins.com\/es\/"},{"@type":"ListItem","position":2,"name":"Glosario de Criptomonedas \u2013 T\u00e9rminos y conceptos de la blockchain de la A a la Z","item":"https:\/\/99bitcoins.com\/es\/glosario-criptomonedas\/"},{"@type":"ListItem","position":3,"name":"\u00bfQu\u00e9 es una granja de criptomonedas?"}]},{"@type":"WebSite","@id":"https:\/\/99bitcoins.com\/es\/#website","url":"https:\/\/99bitcoins.com\/es\/","name":"99bitcoins ES","description":"","publisher":{"@id":"https:\/\/99bitcoins.com\/es\/#organization"},"potentialAction":[{"@type":"SearchAction","target":{"@type":"EntryPoint","urlTemplate":"https:\/\/99bitcoins.com\/es\/?s={search_term_string}"},"query-input":{"@type":"PropertyValueSpecification","valueRequired":true,"valueName":"search_term_string"}}],"inLanguage":"es"},{"@type":"Organization","@id":"https:\/\/99bitcoins.com\/es\/#organization","name":"99bitcoins","alternateName":"99bitcoins","url":"https:\/\/99bitcoins.com\/es\/","logo":{"@type":"ImageObject","inLanguage":"es","@id":"https:\/\/99bitcoins.com\/es\/#\/schema\/logo\/image\/","url":"https:\/\/99bitcoins.com\/es\/wp-content\/uploads\/sites\/5\/2024\/10\/99bitcoins-logo.svg","contentUrl":"https:\/\/99bitcoins.com\/es\/wp-content\/uploads\/sites\/5\/2024\/10\/99bitcoins-logo.svg","width":201,"height":43,"caption":"99bitcoins"},"image":{"@id":"https:\/\/99bitcoins.com\/es\/#\/schema\/logo\/image\/"}}]}},"_links":{"self":[{"href":"https:\/\/99bitcoins.com\/es\/wp-json\/wp\/v2\/pages\/7788","targetHints":{"allow":["GET"]}}],"collection":[{"href":"https:\/\/99bitcoins.com\/es\/wp-json\/wp\/v2\/pages"}],"about":[{"href":"https:\/\/99bitcoins.com\/es\/wp-json\/wp\/v2\/types\/page"}],"author":[{"embeddable":true,"href":"https:\/\/99bitcoins.com\/es\/wp-json\/wp\/v2\/users\/135885"}],"replies":[{"embeddable":true,"href":"https:\/\/99bitcoins.com\/es\/wp-json\/wp\/v2\/comments?post=7788"}],"version-history":[{"count":4,"href":"https:\/\/99bitcoins.com\/es\/wp-json\/wp\/v2\/pages\/7788\/revisions"}],"predecessor-version":[{"id":26402,"href":"https:\/\/99bitcoins.com\/es\/wp-json\/wp\/v2\/pages\/7788\/revisions\/26402"}],"up":[{"embeddable":true,"href":"https:\/\/99bitcoins.com\/es\/wp-json\/wp\/v2\/pages\/5163"}],"wp:featuredmedia":[{"embeddable":true,"href":"https:\/\/99bitcoins.com\/es\/wp-json\/wp\/v2\/media\/7792"}],"wp:attachment":[{"href":"https:\/\/99bitcoins.com\/es\/wp-json\/wp\/v2\/media?parent=7788"}],"curies":[{"name":"wp","href":"https:\/\/api.w.org\/{rel}","templated":true}]}}