{"id":7308,"date":"2024-11-27T07:04:39","date_gmt":"2024-11-27T07:04:39","guid":{"rendered":"https:\/\/99bitcoins.com\/es\/?page_id=7308"},"modified":"2024-11-27T07:04:39","modified_gmt":"2024-11-27T07:04:39","slug":"dlt","status":"publish","type":"page","link":"https:\/\/99bitcoins.com\/es\/glosario-criptomonedas\/dlt\/","title":{"rendered":"\u00bfQu\u00e9 es DLT (Distributed Ledger Technology)? \u00bfC\u00f3mo funciona?"},"content":{"rendered":"<p>Los libros de contabilidad han acompa\u00f1ado a la humanidad desde que se invent\u00f3 el dinero. Se utilizan para registrar las transacciones financieras, lo que permite comprender f\u00e1cilmente el flujo de transacciones en un sistema determinado. Ahora, con la evoluci\u00f3n de la tecnolog\u00eda, se ha propiciado la llegada de una nueva y mejor versi\u00f3n de los libros de contabilidad, que se conoce como <strong>DLT<\/strong>, o <em>Distributed Ledger Technology<\/em>.<\/p>\n<p>Aunque no es una tecnolog\u00eda que se reconozca de manera fundacional, su presencia en sistemas y usos cotidianos hace que la gran mayor\u00eda de personas la haya usado de un modo u otro a d\u00eda de hoy.<\/p>\n<h2>\u00bfQu\u00e9 es DLT?<\/h2>\n<p>La <strong>tecnolog\u00eda de libro mayor distribuido<\/strong> (DLT de sus siglas en ingl\u00e9s) es un m\u00e9todo seguro, transparente y descentralizado de almacenar y gestionar datos, que ofrece varias ventajas frente a las bases de datos tradicionales (tanto en papel como en la nube o canales digitales as\u00edncronos). DLT tiene un potencial como <strong>innovaci\u00f3n<\/strong> que se puede llevar a \u00e1mbitos tan dispares como la sanidad, la industria, la energ\u00eda, las <a href=\"https:\/\/99bitcoins.com\/es\/glosario-criptomonedas\/defi\/\">finanzas DeFi<\/a> o la administraci\u00f3n p\u00fablica.<\/p>\n<p><img decoding=\"async\" class=\"size-full wp-image-7310 aligncenter\" src=\"https:\/\/99bitcoins.com\/es\/wp-content\/uploads\/sites\/5\/2024\/11\/DLT.webp\" alt=\"qu\u00e9 es dlt\" width=\"1200\" height=\"800\" srcset=\"https:\/\/99bitcoins.com\/es\/wp-content\/uploads\/sites\/5\/2024\/11\/DLT.webp 1200w, https:\/\/99bitcoins.com\/es\/wp-content\/uploads\/sites\/5\/2024\/11\/DLT-300x200.webp 300w, https:\/\/99bitcoins.com\/es\/wp-content\/uploads\/sites\/5\/2024\/11\/DLT-768x512.webp 768w\" sizes=\"(max-width: 1200px) 100vw, 1200px\" \/><\/p>\n<p>La principal diferencia entre un libro de contabilidad distribuido con DLT y uno tradicional es que los libros de contabilidad distribuidos <strong>no tienen un almac\u00e9n central de datos ni una funci\u00f3n de administraci\u00f3n<\/strong>. Los libros de contabilidad centralizados tradicionales, en cambio, son muy propensos a los ciberataques, el fraude y la manipulaci\u00f3n, ya que tienen un \u00fanico punto de fallo.<\/p>\n<p>Por ejemplo, los <strong>libros de contabilidad centralizados<\/strong> son muy utilizados por los bancos. Para transferir dinero de una persona a otra, ambas tienen que poseer una cuenta del mismo banco. Despu\u00e9s, con la funcionalidad del banco, estas dos personas pueden intercambiar su dinero. En este caso, el banco no s\u00f3lo act\u00faa como proveedor de servicios a terceros que les ayuda con la transferencia de dinero, sino tambi\u00e9n como <strong>intermediario<\/strong> que almacena el registro de dichas transacciones. Por lo tanto, el banco puede considerarse un punto de control centralizado.<\/p>\n<p class=\"p1\"><div class=\"su-note\"  style=\"border-color:#d9d9d9;border-radius:3px;-moz-border-radius:3px;-webkit-border-radius:3px;\"><div class=\"su-note-inner su-u-clearfix su-u-trim\" style=\"background-color:#f3f3f3;border-color:#ffffff;color:#333333;border-radius:3px;-moz-border-radius:3px;-webkit-border-radius:3px;\">\n<h2>Claves de la Tecnolog\u00eda de Libro Mayor Distribuido (DLT)<\/h2>\n<ul>\n<li>\u00bfQu\u00e9 significa DLT en pocas palabras? La tecnolog\u00eda de libro mayor distribuido o DLT es una base de datos descentralizada. Es decir, no est\u00e1 en un \u00fanico lugar:\u00a0 se comparte y actualiza entre ordenadores, nodos o puntos de acceso en cualquier lugar.<\/li>\n<li>DLT es la palabra que describe la infraestructura tecnol\u00f3gica que permite almacenar informaci\u00f3n sobre transacciones en una base de datos codificada y distribuida de esa manera.<\/li>\n<li>En esencia, la DLT aprovecha una red de nodos distribuidos que mantienen en colaboraci\u00f3n un libro de contabilidad compartido. Esta arquitectura descentralizada <strong>elimina la necesidad de una autoridad central<\/strong> o un intermediario. Cada nodo posee una copia completa del libro de contabilidad, lo que garantiza que los datos sigan siendo ampliamente accesibles.<\/li>\n<\/ul>\n<\/div><\/div>\n<h2>Diferencias entre una DLT y la Blockchain<\/h2>\n<p><strong>DLT<\/strong> y <strong>blockchain<\/strong> son dos t\u00e9rminos distintos, aunque en algunos espacios se puede encontrar informaci\u00f3n que los usa de manera indistinta.<\/p>\n<p>En realidad, la <a href=\"https:\/\/99bitcoins.com\/es\/glosario-criptomonedas\/blockchain\/\"><strong>blockchain<\/strong><\/a> es la <strong>forma m\u00e1s popular o conocida de DLT<\/strong>. En la arquitectura de la cadena de bloques, los datos se organizan en una cadena de bloques, cada uno de los cuales contiene un conjunto de transacciones. Los bloques se enlazan entre s\u00ed mediante hashes criptogr\u00e1ficos, formando un libro de contabilidad inmutable y a prueba de manipulaciones.<\/p>\n<p>Una vez que un <strong>bloque<\/strong> se a\u00f1ade a la cadena, para alterar cualquier dato que contenga es necesario modificar todos los bloques posteriores, lo que lo hace inviable desde el punto de vista computacional. Cada bloque tiene tres caracter\u00edsticas distintas en su arquitectura: un registro de las transacciones, un n\u00famero hash \u00fanico (nonce) que refleja la informaci\u00f3n dentro del bloque, y el n\u00famero hash del bloque anterior. Estos bloques est\u00e1n conectados en una cadena, creando un registro inmutable de cada transacci\u00f3n.<\/p>\n<p>En comparaci\u00f3n, no todas las DLT requieren estas mismas funciones. Una forma sencilla de recordar la diferencia entre ambas es que, por definici\u00f3n, <strong>todas las blockchains son libros de contabilidad distribuidos (DLT)<\/strong>, pero <strong>no todos los libros de contabilidad distribuidos (DLT) son blockchains<\/strong>.<\/p>\n<h2>Usos y aplicaciones de las DLT<\/h2>\n<p>La DLT tiene aplicaciones que van mucho m\u00e1s all\u00e1 de las criptomonedas, y ha dado lugar a una cantidad de usos ingente \u2013muchos de ellos que, adem\u00e1s, no eran posibles antes. Estas aplicaciones de la DLT son diversos, y siguen en aumento a la que se desarrolla y mejora esta tecnolog\u00eda. \u00c9stos son algunos de los sectores con usos clave de la DLT.<\/p>\n<p class=\"p1\"><div class=\"su-table su-table-responsive su-table-alternate\">\n<div class=\"nnbtc-table-wrapper\"><table>\n<tbody>\n<tr>\n<td><b>Tipo de uso de DLT<\/b><\/td>\n<td><b>Descripci\u00f3n<\/b><\/td>\n<\/tr>\n<tr>\n<td><strong>Criptomonedas<\/strong><\/td>\n<td><span style=\"font-weight: 400\">La base misma de <a href=\"https:\/\/99bitcoins.com\/es\/glosario-criptomonedas\/criptografia\/\">criptograf\u00eda<\/a> de las criptomonedas se apoya en DLT, en particular en la tecnolog\u00eda blockchain. La DLT permite la creaci\u00f3n y gesti\u00f3n segura de monedas digitales como Bitcoin, Ethereum y una mir\u00edada de otras criptomonedas, sin necesidad de intermediarios ni gestores.<\/span><\/td>\n<\/tr>\n<tr>\n<td><strong>Arte<\/strong><\/td>\n<td><span style=\"font-weight: 400\">El mercado del arte y los objetos de colecci\u00f3n se beneficia de la capacidad de la DLT para autenticar y rastrear objetos valiosos. Los registros de propiedad y procedencia pueden almacenarse en una cadena de bloques, lo que garantiza la autenticidad y la historia de las obras de arte y los objetos de colecci\u00f3n.<\/span><\/td>\n<\/tr>\n<tr>\n<td><strong>Cadenas de suministros<\/strong><\/td>\n<td><span style=\"font-weight: 400\">La DLT mejora la transparencia y la trazabilidad. Permite a las empresas registrar cada paso de la cadena de suministro en un libro mayor inmutable, reduciendo el fraude y las falsificaciones. Esta tecnolog\u00eda permite supervisar las mercanc\u00edas en tiempo real, reduciendo las ineficiencias y minimizando el papeleo.<\/span><\/td>\n<\/tr>\n<tr>\n<td><strong>Sanidad<\/strong><\/td>\n<td><span style=\"font-weight: 400\">La DLT sirve para mejorar la gesti\u00f3n de los datos de los pacientes, agilizar los procesos y aumentar la seguridad. Con DLT, los historiales m\u00e9dicos pueden almacenarse y compartirse de forma segura, garantizando la privacidad e integridad de los datos. Adem\u00e1s, los contratos inteligentes pueden automatizar las reclamaciones de seguros.<\/span><\/td>\n<\/tr>\n<tr>\n<td><strong>Sector inmobiliario<\/strong><\/td>\n<td><span style=\"font-weight: 400\">DLT puede simplificar las transacciones de propiedades, reduciendo el papeleo y mejorando la seguridad. Con la implementaci\u00f3n de contratos inteligentes, las transferencias de propiedades pueden automatizarse, garantizando registros de propiedad precisos y a prueba de manipulaciones.<\/span><\/td>\n<\/tr>\n<tr>\n<td><strong>Educaci\u00f3n<\/strong><\/td>\n<td><span style=\"font-weight: 400\">La DLT est\u00e1 desempe\u00f1ando un papel fundamental en la racionalizaci\u00f3n de la verificaci\u00f3n de credenciales. Las instituciones educativas est\u00e1n aprovechando DLT para almacenar y compartir de forma segura expedientes acad\u00e9micos, certificaciones y diplomas.<\/span><\/td>\n<\/tr>\n<\/tbody>\n<\/table><\/div>\n<p class=\"p1\"><\/div>\n","protected":false},"excerpt":{"rendered":"<p>Los libros de contabilidad han acompa\u00f1ado a la humanidad desde que se invent\u00f3 el dinero. Se utilizan para registrar las transacciones financieras, lo que permite comprender f\u00e1cilmente el flujo de transacciones en un sistema determinado. Ahora, con la evoluci\u00f3n de la tecnolog\u00eda, se ha propiciado la llegada de una nueva y mejor versi\u00f3n de los..<\/p>\n","protected":false},"author":135885,"featured_media":7311,"parent":5163,"menu_order":0,"comment_status":"closed","ping_status":"closed","template":"","meta":{"_acf_changed":false,"inline_featured_image":false,"footnotes":""},"class_list":["post-7308","page","type-page","status-publish","has-post-thumbnail","hentry"],"acf":[],"yoast_head":"<!-- This site is optimized with the Yoast SEO plugin v27.2 - https:\/\/yoast.com\/product\/yoast-seo-wordpress\/ -->\n<title>DLT (Distributed Ledger Technology) - \u00bfQu\u00e9 es y para qu\u00e9 se usa?<\/title>\n<meta name=\"description\" content=\"La tecnolog\u00eda de libro mayor distribuido (DLT de sus siglas en ingl\u00e9s) es un m\u00e9todo seguro y descentralizado de gestionar datos.\" \/>\n<meta name=\"robots\" content=\"index, follow, max-snippet:-1, max-image-preview:large, max-video-preview:-1\" \/>\n<link rel=\"canonical\" href=\"https:\/\/99bitcoins.com\/es\/glosario-criptomonedas\/dlt\/\" \/>\n<meta property=\"og:locale\" content=\"es_ES\" \/>\n<meta property=\"og:type\" content=\"article\" \/>\n<meta property=\"og:title\" content=\"DLT (Distributed Ledger Technology) - \u00bfQu\u00e9 es y para qu\u00e9 se usa?\" \/>\n<meta property=\"og:description\" content=\"La tecnolog\u00eda de libro mayor distribuido (DLT de sus siglas en ingl\u00e9s) es un m\u00e9todo seguro y descentralizado de gestionar datos.\" \/>\n<meta property=\"og:url\" content=\"https:\/\/99bitcoins.com\/es\/glosario-criptomonedas\/dlt\/\" \/>\n<meta property=\"og:site_name\" content=\"99bitcoins ES\" \/>\n<meta property=\"og:image\" content=\"https:\/\/99bitcoins.com\/es\/wp-content\/uploads\/sites\/5\/2024\/11\/dlt2.webp\" \/>\n\t<meta property=\"og:image:width\" content=\"1200\" \/>\n\t<meta property=\"og:image:height\" content=\"628\" \/>\n\t<meta property=\"og:image:type\" content=\"image\/webp\" \/>\n<meta name=\"twitter:card\" content=\"summary_large_image\" \/>\n<meta name=\"twitter:label1\" content=\"Est. reading time\" \/>\n\t<meta name=\"twitter:data1\" content=\"6 minutos\" \/>\n<script type=\"application\/ld+json\" class=\"yoast-schema-graph\">{\"@context\":\"https:\/\/schema.org\",\"@graph\":[{\"@type\":\"WebPage\",\"@id\":\"https:\/\/99bitcoins.com\/es\/glosario-criptomonedas\/dlt\/\",\"url\":\"https:\/\/99bitcoins.com\/es\/glosario-criptomonedas\/dlt\/\",\"name\":\"DLT (Distributed Ledger Technology) - \u00bfQu\u00e9 es y para qu\u00e9 se usa?\",\"isPartOf\":{\"@id\":\"https:\/\/99bitcoins.com\/es\/#website\"},\"primaryImageOfPage\":{\"@id\":\"https:\/\/99bitcoins.com\/es\/glosario-criptomonedas\/dlt\/#primaryimage\"},\"image\":{\"@id\":\"https:\/\/99bitcoins.com\/es\/glosario-criptomonedas\/dlt\/#primaryimage\"},\"thumbnailUrl\":\"https:\/\/99bitcoins.com\/es\/wp-content\/uploads\/sites\/5\/2024\/11\/dlt2.webp\",\"datePublished\":\"2024-11-27T07:04:39+00:00\",\"description\":\"La tecnolog\u00eda de libro mayor distribuido (DLT de sus siglas en ingl\u00e9s) es un m\u00e9todo seguro y descentralizado de gestionar datos.\",\"breadcrumb\":{\"@id\":\"https:\/\/99bitcoins.com\/es\/glosario-criptomonedas\/dlt\/#breadcrumb\"},\"inLanguage\":\"es\",\"potentialAction\":[{\"@type\":\"ReadAction\",\"target\":[\"https:\/\/99bitcoins.com\/es\/glosario-criptomonedas\/dlt\/\"]}]},{\"@type\":\"ImageObject\",\"inLanguage\":\"es\",\"@id\":\"https:\/\/99bitcoins.com\/es\/glosario-criptomonedas\/dlt\/#primaryimage\",\"url\":\"https:\/\/99bitcoins.com\/es\/wp-content\/uploads\/sites\/5\/2024\/11\/dlt2.webp\",\"contentUrl\":\"https:\/\/99bitcoins.com\/es\/wp-content\/uploads\/sites\/5\/2024\/11\/dlt2.webp\",\"width\":1200,\"height\":628,\"caption\":\"dlt qu\u00e9 es\"},{\"@type\":\"BreadcrumbList\",\"@id\":\"https:\/\/99bitcoins.com\/es\/glosario-criptomonedas\/dlt\/#breadcrumb\",\"itemListElement\":[{\"@type\":\"ListItem\",\"position\":1,\"name\":\"Home\",\"item\":\"https:\/\/99bitcoins.com\/es\/\"},{\"@type\":\"ListItem\",\"position\":2,\"name\":\"Glosario de Criptomonedas \u2013 T\u00e9rminos y conceptos de la blockchain de la A a la Z\",\"item\":\"https:\/\/99bitcoins.com\/es\/glosario-criptomonedas\/\"},{\"@type\":\"ListItem\",\"position\":3,\"name\":\"\u00bfQu\u00e9 es DLT (Distributed Ledger Technology)? \u00bfC\u00f3mo funciona?\"}]},{\"@type\":\"WebSite\",\"@id\":\"https:\/\/99bitcoins.com\/es\/#website\",\"url\":\"https:\/\/99bitcoins.com\/es\/\",\"name\":\"99bitcoins ES\",\"description\":\"\",\"publisher\":{\"@id\":\"https:\/\/99bitcoins.com\/es\/#organization\"},\"potentialAction\":[{\"@type\":\"SearchAction\",\"target\":{\"@type\":\"EntryPoint\",\"urlTemplate\":\"https:\/\/99bitcoins.com\/es\/?s={search_term_string}\"},\"query-input\":{\"@type\":\"PropertyValueSpecification\",\"valueRequired\":true,\"valueName\":\"search_term_string\"}}],\"inLanguage\":\"es\"},{\"@type\":\"Organization\",\"@id\":\"https:\/\/99bitcoins.com\/es\/#organization\",\"name\":\"99bitcoins\",\"alternateName\":\"99bitcoins\",\"url\":\"https:\/\/99bitcoins.com\/es\/\",\"logo\":{\"@type\":\"ImageObject\",\"inLanguage\":\"es\",\"@id\":\"https:\/\/99bitcoins.com\/es\/#\/schema\/logo\/image\/\",\"url\":\"https:\/\/99bitcoins.com\/es\/wp-content\/uploads\/sites\/5\/2024\/10\/99bitcoins-logo.svg\",\"contentUrl\":\"https:\/\/99bitcoins.com\/es\/wp-content\/uploads\/sites\/5\/2024\/10\/99bitcoins-logo.svg\",\"width\":201,\"height\":43,\"caption\":\"99bitcoins\"},\"image\":{\"@id\":\"https:\/\/99bitcoins.com\/es\/#\/schema\/logo\/image\/\"}}]}<\/script>\n<!-- \/ Yoast SEO plugin. -->","yoast_head_json":{"title":"DLT (Distributed Ledger Technology) - \u00bfQu\u00e9 es y para qu\u00e9 se usa?","description":"La tecnolog\u00eda de libro mayor distribuido (DLT de sus siglas en ingl\u00e9s) es un m\u00e9todo seguro y descentralizado de gestionar datos.","robots":{"index":"index","follow":"follow","max-snippet":"max-snippet:-1","max-image-preview":"max-image-preview:large","max-video-preview":"max-video-preview:-1"},"canonical":"https:\/\/99bitcoins.com\/es\/glosario-criptomonedas\/dlt\/","og_locale":"es_ES","og_type":"article","og_title":"DLT (Distributed Ledger Technology) - \u00bfQu\u00e9 es y para qu\u00e9 se usa?","og_description":"La tecnolog\u00eda de libro mayor distribuido (DLT de sus siglas en ingl\u00e9s) es un m\u00e9todo seguro y descentralizado de gestionar datos.","og_url":"https:\/\/99bitcoins.com\/es\/glosario-criptomonedas\/dlt\/","og_site_name":"99bitcoins ES","og_image":[{"width":1200,"height":628,"url":"https:\/\/99bitcoins.com\/es\/wp-content\/uploads\/sites\/5\/2024\/11\/dlt2.webp","type":"image\/webp"}],"twitter_card":"summary_large_image","twitter_misc":{"Est. reading time":"6 minutos"},"schema":{"@context":"https:\/\/schema.org","@graph":[{"@type":"WebPage","@id":"https:\/\/99bitcoins.com\/es\/glosario-criptomonedas\/dlt\/","url":"https:\/\/99bitcoins.com\/es\/glosario-criptomonedas\/dlt\/","name":"DLT (Distributed Ledger Technology) - \u00bfQu\u00e9 es y para qu\u00e9 se usa?","isPartOf":{"@id":"https:\/\/99bitcoins.com\/es\/#website"},"primaryImageOfPage":{"@id":"https:\/\/99bitcoins.com\/es\/glosario-criptomonedas\/dlt\/#primaryimage"},"image":{"@id":"https:\/\/99bitcoins.com\/es\/glosario-criptomonedas\/dlt\/#primaryimage"},"thumbnailUrl":"https:\/\/99bitcoins.com\/es\/wp-content\/uploads\/sites\/5\/2024\/11\/dlt2.webp","datePublished":"2024-11-27T07:04:39+00:00","description":"La tecnolog\u00eda de libro mayor distribuido (DLT de sus siglas en ingl\u00e9s) es un m\u00e9todo seguro y descentralizado de gestionar datos.","breadcrumb":{"@id":"https:\/\/99bitcoins.com\/es\/glosario-criptomonedas\/dlt\/#breadcrumb"},"inLanguage":"es","potentialAction":[{"@type":"ReadAction","target":["https:\/\/99bitcoins.com\/es\/glosario-criptomonedas\/dlt\/"]}]},{"@type":"ImageObject","inLanguage":"es","@id":"https:\/\/99bitcoins.com\/es\/glosario-criptomonedas\/dlt\/#primaryimage","url":"https:\/\/99bitcoins.com\/es\/wp-content\/uploads\/sites\/5\/2024\/11\/dlt2.webp","contentUrl":"https:\/\/99bitcoins.com\/es\/wp-content\/uploads\/sites\/5\/2024\/11\/dlt2.webp","width":1200,"height":628,"caption":"dlt qu\u00e9 es"},{"@type":"BreadcrumbList","@id":"https:\/\/99bitcoins.com\/es\/glosario-criptomonedas\/dlt\/#breadcrumb","itemListElement":[{"@type":"ListItem","position":1,"name":"Home","item":"https:\/\/99bitcoins.com\/es\/"},{"@type":"ListItem","position":2,"name":"Glosario de Criptomonedas \u2013 T\u00e9rminos y conceptos de la blockchain de la A a la Z","item":"https:\/\/99bitcoins.com\/es\/glosario-criptomonedas\/"},{"@type":"ListItem","position":3,"name":"\u00bfQu\u00e9 es DLT (Distributed Ledger Technology)? \u00bfC\u00f3mo funciona?"}]},{"@type":"WebSite","@id":"https:\/\/99bitcoins.com\/es\/#website","url":"https:\/\/99bitcoins.com\/es\/","name":"99bitcoins ES","description":"","publisher":{"@id":"https:\/\/99bitcoins.com\/es\/#organization"},"potentialAction":[{"@type":"SearchAction","target":{"@type":"EntryPoint","urlTemplate":"https:\/\/99bitcoins.com\/es\/?s={search_term_string}"},"query-input":{"@type":"PropertyValueSpecification","valueRequired":true,"valueName":"search_term_string"}}],"inLanguage":"es"},{"@type":"Organization","@id":"https:\/\/99bitcoins.com\/es\/#organization","name":"99bitcoins","alternateName":"99bitcoins","url":"https:\/\/99bitcoins.com\/es\/","logo":{"@type":"ImageObject","inLanguage":"es","@id":"https:\/\/99bitcoins.com\/es\/#\/schema\/logo\/image\/","url":"https:\/\/99bitcoins.com\/es\/wp-content\/uploads\/sites\/5\/2024\/10\/99bitcoins-logo.svg","contentUrl":"https:\/\/99bitcoins.com\/es\/wp-content\/uploads\/sites\/5\/2024\/10\/99bitcoins-logo.svg","width":201,"height":43,"caption":"99bitcoins"},"image":{"@id":"https:\/\/99bitcoins.com\/es\/#\/schema\/logo\/image\/"}}]}},"_links":{"self":[{"href":"https:\/\/99bitcoins.com\/es\/wp-json\/wp\/v2\/pages\/7308","targetHints":{"allow":["GET"]}}],"collection":[{"href":"https:\/\/99bitcoins.com\/es\/wp-json\/wp\/v2\/pages"}],"about":[{"href":"https:\/\/99bitcoins.com\/es\/wp-json\/wp\/v2\/types\/page"}],"author":[{"embeddable":true,"href":"https:\/\/99bitcoins.com\/es\/wp-json\/wp\/v2\/users\/135885"}],"replies":[{"embeddable":true,"href":"https:\/\/99bitcoins.com\/es\/wp-json\/wp\/v2\/comments?post=7308"}],"version-history":[{"count":5,"href":"https:\/\/99bitcoins.com\/es\/wp-json\/wp\/v2\/pages\/7308\/revisions"}],"predecessor-version":[{"id":26375,"href":"https:\/\/99bitcoins.com\/es\/wp-json\/wp\/v2\/pages\/7308\/revisions\/26375"}],"up":[{"embeddable":true,"href":"https:\/\/99bitcoins.com\/es\/wp-json\/wp\/v2\/pages\/5163"}],"wp:featuredmedia":[{"embeddable":true,"href":"https:\/\/99bitcoins.com\/es\/wp-json\/wp\/v2\/media\/7311"}],"wp:attachment":[{"href":"https:\/\/99bitcoins.com\/es\/wp-json\/wp\/v2\/media?parent=7308"}],"curies":[{"name":"wp","href":"https:\/\/api.w.org\/{rel}","templated":true}]}}