{"id":19324,"date":"2025-08-02T16:40:30","date_gmt":"2025-08-02T16:40:30","guid":{"rendered":"https:\/\/99bitcoins.com\/es\/?page_id=19324"},"modified":"2026-03-22T19:31:00","modified_gmt":"2026-03-22T19:31:00","slug":"como-comprar-maxi-doge","status":"publish","type":"page","link":"https:\/\/99bitcoins.com\/es\/guias\/como-comprar-maxi-doge\/","title":{"rendered":"C\u00f3mo comprar Maxi Doge (MAXI) en 2026 \u2013 gu\u00eda paso a paso"},"content":{"rendered":"<p>En esta gu\u00eda completa paso a paso, te mostramos <strong>c\u00f3mo comprar Maxi Doge (MAXI)<\/strong>, una criptomoneda reci\u00e9n salida al mercado. Dado que est\u00e1 en preventa, se puede comprar solamente desde su p\u00e1gina web oficial.<\/p>\n<p>Para completar esta informaci\u00f3n, hablaremos de <strong>qu\u00e9 es Maxi Doge<\/strong>, de por qu\u00e9 sale ahora y c\u00f3mo est\u00e1 atrayendo a muchos usuarios de que compren tokens MAXI. Tambi\u00e9n analizaremos cu\u00e1l podr\u00eda ser la <strong>previsi\u00f3n de precio de Maxi Doge<\/strong> en el futuro, cuando salga a intercambios.<\/p>\n<div class=\"cbm-presale-toplist__wrapper cbm-presale-toplist__99btc\" data-id=\"19612\" >\n    <div class=\"cbm-presale-toplist__offers-list\">\n        <div class=\"cbm-presale-toplist__offer\"  data-id=\"19159\" data-offer-name=\"Maxi Doge\">\n    <div class=\"cbm-presale-toplist__offer-body\">\n        \n        <div class=\"cbm-presale-toplist__offer-logo-w-title\">\n            <div class=\"cbm-presale-toplist__offer-logo\"><img decoding=\"async\" src=\"https:\/\/99bitcoins.com\/es\/wp-content\/uploads\/sites\/5\/2025\/07\/footer-token.svg\" alt=\"Logo\"><\/div>\n            <a class=\"cbm-presale-toplist__offer-title\" href=\"\/es\/visit\/maxidoge\" target=\"_blank\" rel=\"nofollow sponsored\">Maxi Doge (MAXI)<\/a>\n        <\/div>\n        <div class=\"cbm-presale-toplist__offer-pros\"> <ul><li><span><\/span>Una memecoin que vive apalancada al 100x de forma permanente<\/li><li><span><\/span>Una Dogecoin ampliada al m\u00e1ximo: la forma final del perro shiba inu<\/li><li><span><\/span>Su mentalidad y su m\u00fasculo van a por todas las velas verdes del trading<\/li><\/ul><\/div>\n        <div class=\"cbm-presale-toplist__offer-launched\">\n\t\t\t\t<div class=\"cbm-presale-toplist__date-head\">Lanzamiento<\/div>\n\t\t\t\t<div class=\"cbm-presale-toplist__date-body\">Julio de 2025<\/div>\n\t\t\t<\/div>\n        <div class=\"cbm-presale-toplist__offer-meta\">\n\t\t\t\t<div class=\"cbm-presale-toplist__meta-head\">Meta<\/div>\n\t\t\t\t<div class=\"cbm-presale-toplist__meta-body\">Memecoin<\/div>\n\t\t\t<\/div>\n        <div class=\"cbm-presale-toplist__offer-purchase-methods\"><div class=\"cbm-presale-toplist__offer-purchase-methods-title\">M\u00e9todos de compra<\/div><ul><li ><img decoding=\"async\" src=\"https:\/\/99bitcoins.com\/es\/wp-content\/uploads\/sites\/5\/2024\/08\/eth-paymentmethod.png\" alt=\"ETH\"><div class=\"cbm-presale-toplist__tooltip\">ETH<\/div><\/li><li ><img decoding=\"async\" src=\"https:\/\/99bitcoins.com\/es\/wp-content\/uploads\/sites\/5\/2024\/08\/tether-paymentmethod.png\" alt=\"USDT\"><div class=\"cbm-presale-toplist__tooltip\">USDT<\/div><\/li><li ><img decoding=\"async\" src=\"https:\/\/99bitcoins.com\/es\/wp-content\/uploads\/sites\/5\/2024\/08\/bnb-paymentmethod.png\" alt=\"BNB\"><div class=\"cbm-presale-toplist__tooltip\">BNB<\/div><\/li><li style=\"display: none;\"><img decoding=\"async\" src=\"https:\/\/99bitcoins.com\/es\/wp-content\/uploads\/sites\/5\/2024\/08\/Debit.png\" alt=\"Tarjetas\"><div class=\"cbm-presale-toplist__tooltip\">Tarjetas<\/div><\/li><li class=\"cbm-presale-toplist__offer-purchase-methods-more\">+1 m\u00e1s<\/li><\/ul><\/div>\n        <div class=\"cbm-presale-toplist__offer-link\"> <a class=\"cbm-presale-toplist__offer-cta-button\" href=\"\/es\/visit\/maxidoge\" target=\"_blank\" rel=\"nofollow sponsored\">Invierte ahora<\/a><\/div>\n    <\/div>\n    \n<\/div>\n\n    <\/div>\n<\/div>\n\n<p class=\"p1\"><div class=\"su-note\"  style=\"border-color:#d9d9d9;border-radius:3px;-moz-border-radius:3px;-webkit-border-radius:3px;\"><div class=\"su-note-inner su-u-clearfix su-u-trim\" style=\"background-color:#f3f3f3;border-color:#ffffff;color:#333333;border-radius:3px;-moz-border-radius:3px;-webkit-border-radius:3px;\">\n<h2>C\u00f3mo comprar Maxi Doge en 4 pasos<\/h2>\n<p>Si quieres comprar la criptomoneda Maxi Doge (MAXI), sigue estas instrucciones:<\/p>\n<ol>\n<li><strong>Visita<\/strong> la preventa de <a href=\"\/es\/visit\/maxidoge\" rel=\"nofollow sponsored\" target=\"_blank\"><strong>Maxi Doge en su sitio oficial<\/strong><\/a>.<\/li>\n<li><strong>Enlaza<\/strong> tu billetera mediante el c\u00f3digo QR.<\/li>\n<li><strong>Introduce la criptomoneda a intercambiar (ETH, USDT, USDC o BNB)<\/strong>, y el <strong>importe<\/strong> total a comprar Maxi Doge, o paga con tarjeta.<\/li>\n<li><strong>Confirma la operaci\u00f3n<\/strong> desde tu wallet de forma segura.<\/li>\n<\/ol>\n<\/div><\/div>\n<p class=\"p1\">    <div class=\"nnbtc-key-takeaways\">\r\n        <h2 class=\"nnbtc-key-takeaways__title\">Claves principales de la preventa de Maxi Doge<\/h2>\r\n             <ul class=\"nnbtc-key-takeaways__list\">\r\n             <li class=\"nnbtc-key-takeaways__list-item\">\r\n        Maxi Doge es una <a href=\"https:\/\/99bitcoins.com\/es\/criptomonedas\/nuevas\/\"><strong>criptomoneda nueva<\/strong><\/a> lanzada en preventa online desde su p\u00e1gina web oficial, abierta a todo el p\u00fablico y a un precio con descuento.    <\/li>\r\n         <li class=\"nnbtc-key-takeaways__list-item\">\r\n        MAXI es un token ERC-20 de la red Ethereum que se inspira en Dogecoin, la criptomoneda memecoin l\u00edder del mercado, as\u00ed como otras <a href=\"https:\/\/99bitcoins.com\/es\/criptomonedas\/perro\/\"><strong>criptomonedas de perro<\/strong><\/a> Shiba Inu.    <\/li>\r\n         <li class=\"nnbtc-key-takeaways__list-item\">\r\n        Como activo, es especulativo y no exento de riesgo, pero su propio lema es precisamente abrazar la volatilidad, no rendirse y no aceptar nada que no sea ganar: es el perro alfa definitivo del mundillo crypto.    <\/li>\r\n         <\/ul>\r\n         <\/div>\r\n    \n<h2>\u00bfQu\u00e9 es Maxi Doge?<\/h2>\n<p>Maxi Doge (MAXI) es una <a href=\"https:\/\/99bitcoins.com\/es\/criptomonedas\/gemas-crypto\/\"><strong>gema crypto<\/strong><\/a> que nace de la inspiraci\u00f3n de Dogecoin, que recordemos empez\u00f3 como una broma sin utilidad alguna. As\u00ed, como DOGE, Maxi Doge quiere ganar, replicar las carreras alcistas de las mejores memecoins. Para hacerlo, se ha entrenado a conciencia y adem\u00e1s nunca duerme.<\/p>\n<p><img decoding=\"async\" class=\"aligncenter size-full wp-image-19163\" src=\"https:\/\/99bitcoins.com\/es\/wp-content\/uploads\/sites\/5\/2025\/07\/maxidoge-es.webp\" alt=\"mejores criptomonedas para invertir maxidoge\" width=\"1200\" height=\"400\" srcset=\"https:\/\/99bitcoins.com\/es\/wp-content\/uploads\/sites\/5\/2025\/07\/maxidoge-es.webp 1200w, https:\/\/99bitcoins.com\/es\/wp-content\/uploads\/sites\/5\/2025\/07\/maxidoge-es-300x100.webp 300w, https:\/\/99bitcoins.com\/es\/wp-content\/uploads\/sites\/5\/2025\/07\/maxidoge-es-768x256.webp 768w\" sizes=\"(max-width: 1200px) 100vw, 1200px\" \/><\/p>\n<p>Este token representa a todos los degens que <strong>s\u00f3lo hacen trading si est\u00e1 apalancado al 1000x<\/strong>. Sin Stop Loss, y sin miedo. Nacido en las carreras alcistas del 2017, Maxi se ha pasado m\u00e1s de 7 a\u00f1os entrenando en la sombra de su primo y ahora se lanza a por la vela verde.<\/p>\n<p>Como veremos en la secci\u00f3n a continuaci\u00f3n, MaxiDoge propone algunos temas comunitarios y de colaboraciones que pueden darle mucha vidilla en su andadura.<\/p>\n<p style=\"text-align: center\"><a href=\"https:\/\/99bitcoins.com\/es\/visit\/maxidoge\" class=\"sc-button sc-button-medium\" style=\"background: red;color: white\" target=\"_blank\"  rel=\"nofollow sponsored\"><span>Invierte en Maxi Doge<\/span><\/a>\n<h2>Por qu\u00e9 invertir en Maxi Doge (MAXI)<\/h2>\n<p>MaxiDoge ha atra\u00eddo a muchos usuarios para recaudar m\u00e1s de 4,5 millones de d\u00f3lares de <a href=\"https:\/\/99bitcoins.com\/es\/criptomonedas\/preventas\/\"><strong>preventa de criptomonedas<\/strong><\/a>. Es una se\u00f1al alcista importante, ya que esos primeros d\u00edas no muchas personas la conocen. Sus comunidades en X y Telegram est\u00e1n creciendo a pasos agigantados.<\/p>\n<h3>Staking<\/h3>\n<p>A diferencia de Dogecoin, <strong>MAXI se puede stakear directamente en la cadena<\/strong> o desde la wallet en la que lo tengas almacenado. El smart contract se accede desde un panel dedicado en la p\u00e1gina web, y permite replantear tokens comprados en la preventa aunque no se hayan reclamado formalmente (cosa que ocurrir\u00e1 durante el evento de generaci\u00f3n pre-cotizaci\u00f3n en exchanges).<\/p>\n<h3>Colaboraciones<\/h3>\n<p>Maxi Doge plantea para su fase 4 un <strong>conjunto de colaboraciones y asociaciones de trading<\/strong>. Aunque no se ha detallado cu\u00e1les, s\u00ed se habla de integraciones de plataforma, torneos gamificados, colaboraciones a nivel de trading, futuros y apalancamiento junto a las <a href=\"https:\/\/99bitcoins.com\/es\/criptomonedas\/mejores-memecoins\/\"><strong>mejores memecoins<\/strong><\/a>.<\/p>\n<p><img decoding=\"async\" class=\"aligncenter wp-image-19162 size-full\" src=\"https:\/\/99bitcoins.com\/es\/wp-content\/uploads\/sites\/5\/2025\/07\/maxidoge-2.webp\" alt=\"tokenomica maxi\" width=\"1200\" height=\"660\" srcset=\"https:\/\/99bitcoins.com\/es\/wp-content\/uploads\/sites\/5\/2025\/07\/maxidoge-2.webp 1200w, https:\/\/99bitcoins.com\/es\/wp-content\/uploads\/sites\/5\/2025\/07\/maxidoge-2-300x165.webp 300w, https:\/\/99bitcoins.com\/es\/wp-content\/uploads\/sites\/5\/2025\/07\/maxidoge-2-768x422.webp 768w\" sizes=\"(max-width: 1200px) 100vw, 1200px\" \/><\/p>\n<h3>Comunidad<\/h3>\n<p>Maxi Doge <strong>plantea futuras competiciones de la comunidad<\/strong>, donde los usuarios podr\u00e1n activarse y participar y tener recompensas. S\u00f3lo para aquellos que consigan el m\u00e1ximo retorno o los trades m\u00e1s espectaculares, un incentivo potente.<\/p>\n<h3>Auditor\u00eda<\/h3>\n<p>Ahora mismo, Maxi Doge est\u00e1 en su primera fase, que seg\u00fan el sitio web oficial <strong>incluye una auditor\u00eda completa del contrato inteligente<\/strong>. MAXI es un token ERC-20, un est\u00e1ndar sobradamente conocido por su tecnolog\u00eda fiable en la red Ethereum.<\/p>\n<p class=\"p1\"><div class=\"su-note\"  style=\"border-color:#d9d9d9;border-radius:3px;-moz-border-radius:3px;-webkit-border-radius:3px;\"><div class=\"su-note-inner su-u-clearfix su-u-trim\" style=\"background-color:#f3f3f3;border-color:#ffffff;color:#333333;border-radius:3px;-moz-border-radius:3px;-webkit-border-radius:3px;\">\n<h2>El precio de Maxi Doge \u2013 predicci\u00f3n y consideraciones<\/h2>\n<p>A d\u00eda de hoy, no es posible realizar un an\u00e1lisis t\u00e9cnico o hist\u00f3rico del precio de Maxi Doge, ya que es una coin en preventa. Sin embargo, podemos abordar una previsi\u00f3n de Maxi Doge de forma muy inicial a partir de la informaci\u00f3n que tenemos y el conocimiento del mercado.<\/p>\n<ul>\n<li><strong>Previsi\u00f3n de precio de Maxi Doge en 2026<\/strong>: La preventa empez\u00f3 a mediados de 2025 por un precio de $0.00028160. El precio fijado para la \u00faltima fase de la preventa es de 0,00027450 d\u00f3lares, lo que supone un aumento gradual justo al punto de la cotizaci\u00f3n. A partir de ah\u00ed, empezar\u00e1 a aplicarse la ley de la oferta y la demanda en el mercado en tiempo real. De momento, la podemos considerar una de las <a href=\"https:\/\/99bitcoins.com\/es\/criptomonedas\/baratas\/\"><strong>criptomonedas m\u00e1s baratas<\/strong><\/a> que se pueden encontrar en ICO.<\/li>\n<li><strong>Previsi\u00f3n de precio de Maxi Doge en 2027<\/strong>: Si se produce una carrera alcista de las memecoins o una temporada altseason, es posible que MAXI se beneficie. Adem\u00e1s, podr\u00edamos ver un cierto v\u00ednculo entre este precio y el de Dogecoin, cosa que de entrada deber\u00eda ser beneficiosa para MAXI.<\/li>\n<li><strong>Previsi\u00f3n de precio de Maxi Doge en 2030<\/strong>: A 5 a\u00f1os vista, podr\u00edamos situar a MAXI en el precio que Dogecoin tiene hoy, unos <span style=\"font-weight: 400\">\n    <span class=\"cwp-coin-price-container\" data-id=\"doge\" id=\"coin_price_id_69f616c097508\">\n        <span class=\"cwp-coin-price-value\"><\/span>\n    <\/span>\n<\/span> por token. Eso ser\u00eda una subida de <a href=\"https:\/\/99bitcoins.com\/es\/criptomonedas\/cryptos-x1000\/\"><strong>criptomonedas 1000x<\/strong><\/a>, coincidiendo con el apalancamiento que Maxi emplea a menudo en sus trades.<\/li>\n<\/ul>\n<\/div><\/div>\n<p style=\"text-align: center\"><a href=\"https:\/\/99bitcoins.com\/es\/visit\/maxidoge\" class=\"sc-button sc-button-medium\" style=\"background: red;color: white\" target=\"_blank\"  rel=\"nofollow sponsored\"><span>Invierte en Maxi Doge<\/span><\/a>\n<h2>Conclusi\u00f3n<\/h2>\n<p>Maxi Doge es una preventa maximalista, con unas intenciones muy claras y algunas funciones de inter\u00e9s tanto si DOGE es tu criptomoneda favorita como si no. MAXI permite diversificar, aprovecha funciones de la cadena como el staking y prev\u00e9 tener un ecosistema de trading muy vitaminado. En esta p\u00e1gina hemos visto <strong>c\u00f3mo comprar MaxiDoge<\/strong>, en pocos pasos y de forma f\u00e1cil y segura<\/p>\n<div class=\"su-note\"  style=\"border-color:#e5d4d6;border-radius:10px;-moz-border-radius:10px;-webkit-border-radius:10px;\"><div class=\"su-note-inner su-u-clearfix su-u-trim\" style=\"background-color:#FFEEF0;border-color:#ffffff;color:#333333;border-radius:10px;-moz-border-radius:10px;-webkit-border-radius:10px;\">\n<p>Pero presta atenci\u00f3n para no acabar en un sitio web fraudulento, que puede haber estafas: <strong>usa s\u00f3lo enlaces verificados como los que siempre encontrar\u00e1s en esta p\u00e1gina<\/strong>. Recomendamos, como en cualquier inversi\u00f3n, realizar una investigaci\u00f3n por tu cuenta y considerar los riesgos y la volatilidad del mercado crypto en particular.<\/p>\n<\/div><\/div>\n","protected":false},"excerpt":{"rendered":"<p>En esta gu\u00eda completa paso a paso, te mostramos c\u00f3mo comprar Maxi Doge (MAXI), una criptomoneda reci\u00e9n salida al mercado. Dado que est\u00e1 en preventa, se puede comprar solamente desde su p\u00e1gina web oficial. Para completar esta informaci\u00f3n, hablaremos de qu\u00e9 es Maxi Doge, de por qu\u00e9 sale ahora y c\u00f3mo est\u00e1 atrayendo a muchos..<\/p>\n","protected":false},"author":135887,"featured_media":19353,"parent":9662,"menu_order":0,"comment_status":"closed","ping_status":"closed","template":"","meta":{"_acf_changed":false,"inline_featured_image":false,"footnotes":""},"class_list":["post-19324","page","type-page","status-publish","has-post-thumbnail","hentry"],"acf":[],"yoast_head":"<!-- This site is optimized with the Yoast SEO plugin v27.4 - https:\/\/yoast.com\/product\/yoast-seo-wordpress\/ -->\n<title>C\u00f3mo comprar Maxi Doge (MAXI) en 2026 \u2013 gu\u00eda paso a paso<\/title>\n<meta name=\"description\" content=\"En esta gu\u00eda completa paso a paso, te mostramos c\u00f3mo comprar Maxi Doge (MAXI), una criptomoneda reci\u00e9n salida al mercado.\" \/>\n<meta name=\"robots\" content=\"index, follow, max-snippet:-1, max-image-preview:large, max-video-preview:-1\" \/>\n<link rel=\"canonical\" href=\"https:\/\/99bitcoins.com\/es\/guias\/como-comprar-maxi-doge\/\" \/>\n<meta property=\"og:locale\" content=\"es_ES\" \/>\n<meta property=\"og:type\" content=\"article\" \/>\n<meta property=\"og:title\" content=\"C\u00f3mo comprar Maxi Doge (MAXI) en 2026 \u2013 gu\u00eda paso a paso\" \/>\n<meta property=\"og:description\" content=\"En esta gu\u00eda completa paso a paso, te mostramos c\u00f3mo comprar Maxi Doge (MAXI), una criptomoneda reci\u00e9n salida al mercado.\" \/>\n<meta property=\"og:url\" content=\"https:\/\/99bitcoins.com\/es\/guias\/como-comprar-maxi-doge\/\" \/>\n<meta property=\"og:site_name\" content=\"99bitcoins ES\" \/>\n<meta property=\"article:modified_time\" content=\"2026-03-22T19:31:00+00:00\" \/>\n<meta property=\"og:image\" content=\"https:\/\/99bitcoins.com\/es\/wp-content\/uploads\/sites\/5\/2025\/08\/maxidoge.jpg\" \/>\n\t<meta property=\"og:image:width\" content=\"512\" \/>\n\t<meta property=\"og:image:height\" content=\"455\" \/>\n\t<meta property=\"og:image:type\" content=\"image\/jpeg\" \/>\n<meta name=\"twitter:card\" content=\"summary_large_image\" \/>\n<meta name=\"twitter:label1\" content=\"Est. reading time\" \/>\n\t<meta name=\"twitter:data1\" content=\"6 minutos\" \/>\n<script type=\"application\/ld+json\" class=\"yoast-schema-graph\">{\"@context\":\"https:\\\/\\\/schema.org\",\"@graph\":[{\"@type\":\"WebPage\",\"@id\":\"https:\\\/\\\/99bitcoins.com\\\/es\\\/guias\\\/como-comprar-maxi-doge\\\/\",\"url\":\"https:\\\/\\\/99bitcoins.com\\\/es\\\/guias\\\/como-comprar-maxi-doge\\\/\",\"name\":\"C\u00f3mo comprar Maxi Doge (MAXI) en 2026 \u2013 gu\u00eda paso a paso\",\"isPartOf\":{\"@id\":\"https:\\\/\\\/99bitcoins.com\\\/es\\\/#website\"},\"primaryImageOfPage\":{\"@id\":\"https:\\\/\\\/99bitcoins.com\\\/es\\\/guias\\\/como-comprar-maxi-doge\\\/#primaryimage\"},\"image\":{\"@id\":\"https:\\\/\\\/99bitcoins.com\\\/es\\\/guias\\\/como-comprar-maxi-doge\\\/#primaryimage\"},\"thumbnailUrl\":\"https:\\\/\\\/99bitcoins.com\\\/es\\\/wp-content\\\/uploads\\\/sites\\\/5\\\/2025\\\/08\\\/maxidoge.jpg\",\"datePublished\":\"2025-08-02T16:40:30+00:00\",\"dateModified\":\"2026-03-22T19:31:00+00:00\",\"description\":\"En esta gu\u00eda completa paso a paso, te mostramos c\u00f3mo comprar Maxi Doge (MAXI), una criptomoneda reci\u00e9n salida al mercado.\",\"breadcrumb\":{\"@id\":\"https:\\\/\\\/99bitcoins.com\\\/es\\\/guias\\\/como-comprar-maxi-doge\\\/#breadcrumb\"},\"inLanguage\":\"es\",\"potentialAction\":[{\"@type\":\"ReadAction\",\"target\":[\"https:\\\/\\\/99bitcoins.com\\\/es\\\/guias\\\/como-comprar-maxi-doge\\\/\"]}]},{\"@type\":\"ImageObject\",\"inLanguage\":\"es\",\"@id\":\"https:\\\/\\\/99bitcoins.com\\\/es\\\/guias\\\/como-comprar-maxi-doge\\\/#primaryimage\",\"url\":\"https:\\\/\\\/99bitcoins.com\\\/es\\\/wp-content\\\/uploads\\\/sites\\\/5\\\/2025\\\/08\\\/maxidoge.jpg\",\"contentUrl\":\"https:\\\/\\\/99bitcoins.com\\\/es\\\/wp-content\\\/uploads\\\/sites\\\/5\\\/2025\\\/08\\\/maxidoge.jpg\",\"width\":512,\"height\":455,\"caption\":\"c\u00f3mo comprar maxi doge\"},{\"@type\":\"BreadcrumbList\",\"@id\":\"https:\\\/\\\/99bitcoins.com\\\/es\\\/guias\\\/como-comprar-maxi-doge\\\/#breadcrumb\",\"itemListElement\":[{\"@type\":\"ListItem\",\"position\":1,\"name\":\"Home\",\"item\":\"https:\\\/\\\/99bitcoins.com\\\/es\\\/\"},{\"@type\":\"ListItem\",\"position\":2,\"name\":\"Gu\u00edas Crypto\",\"item\":\"https:\\\/\\\/99bitcoins.com\\\/es\\\/guias\\\/\"},{\"@type\":\"ListItem\",\"position\":3,\"name\":\"C\u00f3mo comprar Maxi Doge (MAXI) en 2026 \u2013 gu\u00eda paso a paso\"}]},{\"@type\":\"WebSite\",\"@id\":\"https:\\\/\\\/99bitcoins.com\\\/es\\\/#website\",\"url\":\"https:\\\/\\\/99bitcoins.com\\\/es\\\/\",\"name\":\"99bitcoins ES\",\"description\":\"\",\"publisher\":{\"@id\":\"https:\\\/\\\/99bitcoins.com\\\/es\\\/#organization\"},\"potentialAction\":[{\"@type\":\"SearchAction\",\"target\":{\"@type\":\"EntryPoint\",\"urlTemplate\":\"https:\\\/\\\/99bitcoins.com\\\/es\\\/?s={search_term_string}\"},\"query-input\":{\"@type\":\"PropertyValueSpecification\",\"valueRequired\":true,\"valueName\":\"search_term_string\"}}],\"inLanguage\":\"es\"},{\"@type\":\"Organization\",\"@id\":\"https:\\\/\\\/99bitcoins.com\\\/es\\\/#organization\",\"name\":\"99bitcoins\",\"alternateName\":\"99bitcoins\",\"url\":\"https:\\\/\\\/99bitcoins.com\\\/es\\\/\",\"logo\":{\"@type\":\"ImageObject\",\"inLanguage\":\"es\",\"@id\":\"https:\\\/\\\/99bitcoins.com\\\/es\\\/#\\\/schema\\\/logo\\\/image\\\/\",\"url\":\"https:\\\/\\\/99bitcoins.com\\\/es\\\/wp-content\\\/uploads\\\/sites\\\/5\\\/2024\\\/10\\\/99bitcoins-logo.svg\",\"contentUrl\":\"https:\\\/\\\/99bitcoins.com\\\/es\\\/wp-content\\\/uploads\\\/sites\\\/5\\\/2024\\\/10\\\/99bitcoins-logo.svg\",\"width\":201,\"height\":43,\"caption\":\"99bitcoins\"},\"image\":{\"@id\":\"https:\\\/\\\/99bitcoins.com\\\/es\\\/#\\\/schema\\\/logo\\\/image\\\/\"}}]}<\/script>\n<!-- \/ Yoast SEO plugin. -->","yoast_head_json":{"title":"C\u00f3mo comprar Maxi Doge (MAXI) en 2026 \u2013 gu\u00eda paso a paso","description":"En esta gu\u00eda completa paso a paso, te mostramos c\u00f3mo comprar Maxi Doge (MAXI), una criptomoneda reci\u00e9n salida al mercado.","robots":{"index":"index","follow":"follow","max-snippet":"max-snippet:-1","max-image-preview":"max-image-preview:large","max-video-preview":"max-video-preview:-1"},"canonical":"https:\/\/99bitcoins.com\/es\/guias\/como-comprar-maxi-doge\/","og_locale":"es_ES","og_type":"article","og_title":"C\u00f3mo comprar Maxi Doge (MAXI) en 2026 \u2013 gu\u00eda paso a paso","og_description":"En esta gu\u00eda completa paso a paso, te mostramos c\u00f3mo comprar Maxi Doge (MAXI), una criptomoneda reci\u00e9n salida al mercado.","og_url":"https:\/\/99bitcoins.com\/es\/guias\/como-comprar-maxi-doge\/","og_site_name":"99bitcoins ES","article_modified_time":"2026-03-22T19:31:00+00:00","og_image":[{"width":512,"height":455,"url":"https:\/\/99bitcoins.com\/es\/wp-content\/uploads\/sites\/5\/2025\/08\/maxidoge.jpg","type":"image\/jpeg"}],"twitter_card":"summary_large_image","twitter_misc":{"Est. reading time":"6 minutos"},"schema":{"@context":"https:\/\/schema.org","@graph":[{"@type":"WebPage","@id":"https:\/\/99bitcoins.com\/es\/guias\/como-comprar-maxi-doge\/","url":"https:\/\/99bitcoins.com\/es\/guias\/como-comprar-maxi-doge\/","name":"C\u00f3mo comprar Maxi Doge (MAXI) en 2026 \u2013 gu\u00eda paso a paso","isPartOf":{"@id":"https:\/\/99bitcoins.com\/es\/#website"},"primaryImageOfPage":{"@id":"https:\/\/99bitcoins.com\/es\/guias\/como-comprar-maxi-doge\/#primaryimage"},"image":{"@id":"https:\/\/99bitcoins.com\/es\/guias\/como-comprar-maxi-doge\/#primaryimage"},"thumbnailUrl":"https:\/\/99bitcoins.com\/es\/wp-content\/uploads\/sites\/5\/2025\/08\/maxidoge.jpg","datePublished":"2025-08-02T16:40:30+00:00","dateModified":"2026-03-22T19:31:00+00:00","description":"En esta gu\u00eda completa paso a paso, te mostramos c\u00f3mo comprar Maxi Doge (MAXI), una criptomoneda reci\u00e9n salida al mercado.","breadcrumb":{"@id":"https:\/\/99bitcoins.com\/es\/guias\/como-comprar-maxi-doge\/#breadcrumb"},"inLanguage":"es","potentialAction":[{"@type":"ReadAction","target":["https:\/\/99bitcoins.com\/es\/guias\/como-comprar-maxi-doge\/"]}]},{"@type":"ImageObject","inLanguage":"es","@id":"https:\/\/99bitcoins.com\/es\/guias\/como-comprar-maxi-doge\/#primaryimage","url":"https:\/\/99bitcoins.com\/es\/wp-content\/uploads\/sites\/5\/2025\/08\/maxidoge.jpg","contentUrl":"https:\/\/99bitcoins.com\/es\/wp-content\/uploads\/sites\/5\/2025\/08\/maxidoge.jpg","width":512,"height":455,"caption":"c\u00f3mo comprar maxi doge"},{"@type":"BreadcrumbList","@id":"https:\/\/99bitcoins.com\/es\/guias\/como-comprar-maxi-doge\/#breadcrumb","itemListElement":[{"@type":"ListItem","position":1,"name":"Home","item":"https:\/\/99bitcoins.com\/es\/"},{"@type":"ListItem","position":2,"name":"Gu\u00edas Crypto","item":"https:\/\/99bitcoins.com\/es\/guias\/"},{"@type":"ListItem","position":3,"name":"C\u00f3mo comprar Maxi Doge (MAXI) en 2026 \u2013 gu\u00eda paso a paso"}]},{"@type":"WebSite","@id":"https:\/\/99bitcoins.com\/es\/#website","url":"https:\/\/99bitcoins.com\/es\/","name":"99bitcoins ES","description":"","publisher":{"@id":"https:\/\/99bitcoins.com\/es\/#organization"},"potentialAction":[{"@type":"SearchAction","target":{"@type":"EntryPoint","urlTemplate":"https:\/\/99bitcoins.com\/es\/?s={search_term_string}"},"query-input":{"@type":"PropertyValueSpecification","valueRequired":true,"valueName":"search_term_string"}}],"inLanguage":"es"},{"@type":"Organization","@id":"https:\/\/99bitcoins.com\/es\/#organization","name":"99bitcoins","alternateName":"99bitcoins","url":"https:\/\/99bitcoins.com\/es\/","logo":{"@type":"ImageObject","inLanguage":"es","@id":"https:\/\/99bitcoins.com\/es\/#\/schema\/logo\/image\/","url":"https:\/\/99bitcoins.com\/es\/wp-content\/uploads\/sites\/5\/2024\/10\/99bitcoins-logo.svg","contentUrl":"https:\/\/99bitcoins.com\/es\/wp-content\/uploads\/sites\/5\/2024\/10\/99bitcoins-logo.svg","width":201,"height":43,"caption":"99bitcoins"},"image":{"@id":"https:\/\/99bitcoins.com\/es\/#\/schema\/logo\/image\/"}}]}},"_links":{"self":[{"href":"https:\/\/99bitcoins.com\/es\/wp-json\/wp\/v2\/pages\/19324","targetHints":{"allow":["GET"]}}],"collection":[{"href":"https:\/\/99bitcoins.com\/es\/wp-json\/wp\/v2\/pages"}],"about":[{"href":"https:\/\/99bitcoins.com\/es\/wp-json\/wp\/v2\/types\/page"}],"author":[{"embeddable":true,"href":"https:\/\/99bitcoins.com\/es\/wp-json\/wp\/v2\/users\/135887"}],"replies":[{"embeddable":true,"href":"https:\/\/99bitcoins.com\/es\/wp-json\/wp\/v2\/comments?post=19324"}],"version-history":[{"count":5,"href":"https:\/\/99bitcoins.com\/es\/wp-json\/wp\/v2\/pages\/19324\/revisions"}],"predecessor-version":[{"id":32113,"href":"https:\/\/99bitcoins.com\/es\/wp-json\/wp\/v2\/pages\/19324\/revisions\/32113"}],"up":[{"embeddable":true,"href":"https:\/\/99bitcoins.com\/es\/wp-json\/wp\/v2\/pages\/9662"}],"wp:featuredmedia":[{"embeddable":true,"href":"https:\/\/99bitcoins.com\/es\/wp-json\/wp\/v2\/media\/19353"}],"wp:attachment":[{"href":"https:\/\/99bitcoins.com\/es\/wp-json\/wp\/v2\/media?parent=19324"}],"curies":[{"name":"wp","href":"https:\/\/api.w.org\/{rel}","templated":true}]}}