{"id":11214,"date":"2025-01-30T04:23:12","date_gmt":"2025-01-30T04:23:12","guid":{"rendered":"https:\/\/99bitcoins.com\/es\/?page_id=11214"},"modified":"2025-12-04T09:26:06","modified_gmt":"2025-12-04T09:26:06","slug":"wallets-connect","status":"publish","type":"page","link":"https:\/\/99bitcoins.com\/es\/mejores-wallets\/wallets-connect\/","title":{"rendered":"Wallets Connect: la red para conectar wallets y DApps"},"content":{"rendered":"<p>Wallet Connect es una red que apoya la descentralizaci\u00f3n. Su objetivo es facilitar las interacciones entre billeteras de criptomonedas y aplicaciones de la cadena de bloques, de toda clase y tipolog\u00eda. Pr\u00e1cticamente cualquier usuario de una billetera entrar\u00e1 en contacto con WalletConnect en un momento u otro, siempre que desee interactuar con protocolos, servicios y DApps.<\/p>\n<p>En este art\u00edculo, abordamos <strong>todo lo que se debe saber sobre Wallet Connect<\/strong>, as\u00ed como su relaci\u00f3n con las billeteras actuales. Sigue leyendo para conocer uno de los responsables de optimizar tu experiencia de usuario crypto.<\/p>\n<p class=\"p1\"><div class=\"su-note\"  style=\"border-color:#d9d9d9;border-radius:3px;-moz-border-radius:3px;-webkit-border-radius:3px;\"><div class=\"su-note-inner su-u-clearfix su-u-trim\" style=\"background-color:#f3f3f3;border-color:#ffffff;color:#333333;border-radius:3px;-moz-border-radius:3px;-webkit-border-radius:3px;\">\n<h2>\u00bfQu\u00e9 es Wallet Connect?<\/h2>\n<ul>\n<li>La red WalletConnect es una infraestructura descentralizada.<\/li>\n<li>Est\u00e1 pensada tanto para desarrolladores como para usuarios, y su objetivo es permitir transacciones entre wallets y apps o <a href=\"https:\/\/99bitcoins.com\/es\/mejores-wallets\/web3\/\">wallets Web3<\/a>, normalmente mediante los c\u00f3digos QR.<\/li>\n<li>Resuelve problemas de experiencia de usuario en la cadena, y opera en ecosistemas de todas las blockchains, desde Ethereum a Solana, Bitcoin, Cosmos o Polkadot.<\/li>\n<li>Emplea claves compartidas entre protocolos y wallets para fijar uniones cifradas, privadas y seguras.<\/li>\n<li>Dispone de un token nativo, llamado WCT.<\/li>\n<\/ul>\n<\/div><\/div>\n<p><img decoding=\"async\" class=\"alignnone size-full wp-image-11219\" src=\"https:\/\/99bitcoins.com\/es\/wp-content\/uploads\/sites\/5\/2025\/01\/wallet-connect.webp\" alt=\"wallet connect qu\u00e9 es\" width=\"1200\" height=\"706\" srcset=\"https:\/\/99bitcoins.com\/es\/wp-content\/uploads\/sites\/5\/2025\/01\/wallet-connect.webp 1200w, https:\/\/99bitcoins.com\/es\/wp-content\/uploads\/sites\/5\/2025\/01\/wallet-connect-300x177.webp 300w, https:\/\/99bitcoins.com\/es\/wp-content\/uploads\/sites\/5\/2025\/01\/wallet-connect-768x452.webp 768w\" sizes=\"(max-width: 1200px) 100vw, 1200px\" \/><\/p>\n<h2>Billeteras compatibles con Wallet Connect<\/h2>\n<p>Wallet Connect puso en marcha su fundaci\u00f3n en 2024, para organizar c\u00f3mo apoya al sector y establecer una hoja de ruta fiable para el futuro \u2013aunque est\u00e1 en gran parte en manos de la comunidad. Sin embargo, su c\u00f3digo fuente abierto se lanz\u00f3 en 2018. Desde entonces, ha incorporado soporte para m\u00e1s de 600 wallets, y decenas de miles de apps.<\/p>\n<h3>Best Wallet: billetera 100% compatible con WalletConnect<\/h3>\n<p>Best Wallet se lanz\u00f3 en 2023 y tiene compatibilidad con Wallet Connect desde el primer d\u00eda. Eso le permite conectarse con aplicaciones descentralizadas, sistemas de finanzas DeFi, staking, intercambios CEX y DEX, granjas de rendimientos, protocolos de miner\u00eda y por supuesto preventas de criptomonedas, ICOs y Airdrops de toda clase.<\/p>\n<p>Esta billetera est\u00e1 disponible para iOS y Android de forma gratuita. Es compatible con m\u00e1s de 60 blockchains distintas y admite cerca de 1.000 criptomonedas, muchas de las cuales se pueden conseguir con WalletConnect en distintos mecanismos y plataformas. Como WalletConnect, Best Wallet tiene un token nativo de gobierno y utilidad, llamado BEST, que sirve para obtener ventajas a nivel de comisiones, gobernanza y futuras inversiones como la de los Pr\u00f3ximos Tokens (preventas que, de nuevo, usan Wallet Connect para brindar soporte a todo tipo de inversores).<\/p>\n<p>Consulta las <a href=\"https:\/\/99bitcoins.com\/es\/mejores-wallets\/best-wallet-opiniones\/\"><strong>opiniones de Best Wallet<\/strong><\/a> para conocerla m\u00e1s a fondo.<\/p>\n<p><img decoding=\"async\" class=\"aligncenter wp-image-7400 size-full\" src=\"https:\/\/99bitcoins.com\/es\/wp-content\/uploads\/sites\/5\/2024\/11\/best-wallet-para-comprar-shiba-inu-2.jpg\" alt=\"wallets compatibles con wallet connect - Best wallet\" width=\"1200\" height=\"781\" srcset=\"https:\/\/99bitcoins.com\/es\/wp-content\/uploads\/sites\/5\/2024\/11\/best-wallet-para-comprar-shiba-inu-2.jpg 1200w, https:\/\/99bitcoins.com\/es\/wp-content\/uploads\/sites\/5\/2024\/11\/best-wallet-para-comprar-shiba-inu-2-300x195.jpg 300w, https:\/\/99bitcoins.com\/es\/wp-content\/uploads\/sites\/5\/2024\/11\/best-wallet-para-comprar-shiba-inu-2-768x500.jpg 768w\" sizes=\"(max-width: 1200px) 100vw, 1200px\" \/><\/p>\n<a href=\"https:\/\/99bitcoins.com\/es\/visit\/best-wallet\" class=\"sc-button sc-button-medium\" style=\"background: red;color: white\" target=\"_blank\"  rel=\"nofollow sponsored\"><span>Prueba Best Wallet<\/span><\/a>\n<h2>C\u00f3mo conectarse a DApps con WalletConnect<\/h2>\n<p>Antes de saber c\u00f3mo conectarte, dos puntos clave: <strong>no compartas nunca tus claves privadas<\/strong> con nadie, por un lado, y <strong>revisa la validez y la autenticidad de la p\u00e1gina web<\/strong> a la que enlazas tu wallet antes de dar ning\u00fan paso.<\/p>\n<p>Estos son los pasos a seguir para conectar una wallet de criptomonedas con aplicaciones descentralizadas (DApps). Los pasos pueden variar un poco seg\u00fan la wallet, pero es un proceso bastante homog\u00e9neo.<\/p>\n<p class=\"p1\"><div class=\"su-note\"  style=\"border-color:#d9d9d9;border-radius:3px;-moz-border-radius:3px;-webkit-border-radius:3px;\"><div class=\"su-note-inner su-u-clearfix su-u-trim\" style=\"background-color:#f3f3f3;border-color:#ffffff;color:#333333;border-radius:3px;-moz-border-radius:3px;-webkit-border-radius:3px;\">\n<ol>\n<li><strong>Visita<\/strong> el sitio web de la DApp en la que quieres conectarte. Por ejemplo, una preventa de criptomonedas, que casi siempre tienen integraci\u00f3n con la Wallet Connect para atender a todo tipo de inversores y usuarios.<\/li>\n<li><strong>Localiza<\/strong> la opci\u00f3n de \u00abConectar Wallet\u00bb y pincha en ella para iniciar el proceso. Ver\u00e1s varias opciones de wallets con nombre propio, como MetaMask, y una opci\u00f3n m\u00e1s gen\u00e9rica llamada WalletConnect.<\/li>\n<li>Haz clic en la opci\u00f3n de <strong>c\u00f3digo<\/strong> <strong>QR<\/strong> a no ser que la wallet que tienes aparezca como opci\u00f3n aqu\u00ed, con su \u00edcono.<\/li>\n<li>Se generar\u00e1 un c\u00f3digo QR que podr\u00e1s <strong>escanear<\/strong> con tu wallet m\u00f3vil desde la app en tu dispositivo con IOS o Android.<\/li>\n<li>Desde la app de la wallet, se te pedir\u00e1 que <strong>verifiques<\/strong> los datos de conexi\u00f3n, el nombre de la app y el tipo de acceso que est\u00e1 solicitando el enlace.<\/li>\n<li>Si los datos son correctos, y la DApp es de confianza tras verificarla por tu parte, <strong>confirma<\/strong> la transacci\u00f3n.<\/li>\n<\/ol>\n<\/div><\/div>\n<h2>Caracter\u00edsticas de WalletConnect<\/h2>\n<p>WalletConnect es una infraestructura con muchas prestaciones y funciones que apoyan el desarrollo y la adopci\u00f3n de Web3 y DApps de toda clase. As\u00ed, es un servicio <strong>multicadena<\/strong>, compatible con pr\u00e1cticamente cualqueir blockchain, y que admite m\u00e1s de <strong>600 wallets<\/strong> y m\u00e1s de <strong>40.000 DApps<\/strong> en la actualidad. Es capaz de detectar las cadenas sin intervenci\u00f3n.<\/p>\n<p>El servicio se centra en la seguridad, con un cifrado de extremo a extremo que protege todas las transacciones. Eso, con indiferencia de si se realizan las conexiones v\u00eda dispositivos m\u00f3viles u ordenadores de escritorio, incluso extensiones de navegador. WalletConnect genera c\u00f3digos QR y notificaciones Push que se pueden configurar al usar este protocolo.<\/p>\n<p>Lo \u00faltimo y m\u00e1s importante es que WalletConnect es gratuito: no implica costes adicionales a la hora de usarlo en estas conexiones y enlaces, ni encarece las transacciones de ninguna manera para las <a href=\"https:\/\/99bitcoins.com\/es\/mejores-wallets\/defi\/\">wallets DeFi<\/a>.<\/p>\n<p><img decoding=\"async\" class=\"size-full wp-image-11218 aligncenter\" src=\"https:\/\/99bitcoins.com\/es\/wp-content\/uploads\/sites\/5\/2025\/01\/wallet-connect-2.webp\" alt=\"qu\u00e9 es wallet connect\" width=\"1200\" height=\"591\" srcset=\"https:\/\/99bitcoins.com\/es\/wp-content\/uploads\/sites\/5\/2025\/01\/wallet-connect-2.webp 1200w, https:\/\/99bitcoins.com\/es\/wp-content\/uploads\/sites\/5\/2025\/01\/wallet-connect-2-300x148.webp 300w, https:\/\/99bitcoins.com\/es\/wp-content\/uploads\/sites\/5\/2025\/01\/wallet-connect-2-768x378.webp 768w, https:\/\/99bitcoins.com\/es\/wp-content\/uploads\/sites\/5\/2025\/01\/wallet-connect-2-130x63.webp 130w, https:\/\/99bitcoins.com\/es\/wp-content\/uploads\/sites\/5\/2025\/01\/wallet-connect-2-104x50.webp 104w, https:\/\/99bitcoins.com\/es\/wp-content\/uploads\/sites\/5\/2025\/01\/wallet-connect-2-83x40.webp 83w\" sizes=\"(max-width: 1200px) 100vw, 1200px\" \/><\/p>\n<h2>\u00bfQu\u00e9 plataformas utilizan Wallet Connect?<\/h2>\n<p>La red de WalletConnect es un ecosistema complejo en su forma, y tiene varios participantes que apoyan su funcionamiento.<\/p>\n<ul>\n<li><strong>Operadores de nodos<\/strong>: son los gestores de la red y responsables de que todo funcione y rinda. Gracias a ellos, la red puede escalar y sigue siendo fiable a pesar de los miles de transacciones por segundo. Por su trabajo, stakean tokens WCT y reciben recompensas basadas en el rendimiento de la actividad.<\/li>\n<li><strong>Billeteras<\/strong>: las <a href=\"https:\/\/99bitcoins.com\/es\/mejores-wallets\/\">wallets de criptomonedas<\/a> permiten al usuario conectarse con redes y aplicaciones, gestionar sus activos, o interactuar. Cualquier wallet puede integrar un consenso con WalletConnect usando el SDK. El SDK es el intermediario, que simplifica las transacciones.<\/li>\n<li><strong>Aplicaciones<\/strong>: son protocolos DeFi, desde una compraventa a una pasarela de intercambio, un staking, un juego u otros sistemas de integraci\u00f3n directa. Entre ellos, encontramos empresas de renombre como Ubisoft, Ledger, Consensys, Optimism y la Solana Foundation.<\/li>\n<\/ul>\n<h2>El token WalletConnect (WCT): todo lo que hay que saber<\/h2>\n<p>WalletConnect ha desarrollado un token propio, el WCT, que impulsa el ecosistema y sirve como pago para los nodos, los operadores y los validadores. Aunque el servicio no tiene tarifas, el valor de WCT proviene del staking y del uso de la red, que cada vez tiene m\u00e1s demanda. Tambi\u00e9n es un token de gobierno, donde los titulares de WCT votan sobre las propuestas o los cambios que tira adelante el consejo t\u00e9cnico de WalletConnect \u2013hasta que se alcance un modelo 100% descentralizado.<\/p>\n<p>La comunidad tiene gran parte de las decisiones sobre el token WCT y su futuro, con una asignaci\u00f3n de 1.000 millones de tokens. Un 27% de \u00e9stos se destinan a la fundaci\u00f3n, que saca subvenciones y programas de aceleraci\u00f3n para desarrollos y mejoras de la red.<\/p>\n<h2>Conclusi\u00f3n<\/h2>\n<p>Wallet Connect representa una infraestructura cr\u00edtica e imprescindible para la blockchain. Gracias a ella, la adopci\u00f3n del mercado aumenta exponencialmente, ya que reduce muchas de las barerras habituales que uno encontrar\u00eda al interactuar con las criptomonedas. Por eso, la mayor\u00eda de wallets crypto que se precien gozan de integraci\u00f3n completa con Wallet Connect y aprovechan todas sus funciones.<\/p>\n<p>Una de las mejores wallets para usar en Wallet Connect y beneficiarse de miles de DApps es <a href=\"\/es\/visit\/best-wallet\" rel=\"nofollow sponsored\" target=\"_blank\"><strong>Best Wallet<\/strong><\/a>, de la que hemos hablado. La filosof\u00eda que comparten hace que sean muy compatibles y fluidas en su uso cotidiano. Si vas a invertir en criptomonedas de forma habitual y buscas extraer valor de todo lo que la blockchain ofrece, no lo dudes. Best Wallet es tu mejor aliado para WalletConnect.<\/p>\n<p class=\"p1\" style=\"text-align: center\"><i>Aviso legal: las criptomonedas son activos de alto riesgo. Este art\u00edculo tiene fines informativos y no es asesoramiento de inversi\u00f3n. Podr\u00eda perder todo su capital.<\/i><i><\/i><\/p>\n","protected":false},"excerpt":{"rendered":"<p>Wallet Connect es una red que apoya la descentralizaci\u00f3n. Su objetivo es facilitar las interacciones entre billeteras de criptomonedas y aplicaciones de la cadena de bloques, de toda clase y tipolog\u00eda. Pr\u00e1cticamente cualquier usuario de una billetera entrar\u00e1 en contacto con WalletConnect en un momento u otro, siempre que desee interactuar con protocolos, servicios y..<\/p>\n","protected":false},"author":135885,"featured_media":11219,"parent":346,"menu_order":0,"comment_status":"closed","ping_status":"closed","template":"","meta":{"_acf_changed":false,"inline_featured_image":false,"footnotes":""},"class_list":["post-11214","page","type-page","status-publish","has-post-thumbnail","hentry"],"acf":[],"yoast_head":"<!-- This site is optimized with the Yoast SEO plugin v27.2 - https:\/\/yoast.com\/product\/yoast-seo-wordpress\/ -->\n<title>Wallets Connect: la red para conectar wallets y DApps<\/title>\n<meta name=\"description\" content=\"En este art\u00edculo, abordamos todo lo que se debe saber sobre Wallet Connect, as\u00ed como su relaci\u00f3n con las billeteras actuales.\" \/>\n<meta name=\"robots\" content=\"index, follow, max-snippet:-1, max-image-preview:large, max-video-preview:-1\" \/>\n<link rel=\"canonical\" href=\"https:\/\/99bitcoins.com\/es\/mejores-wallets\/wallets-connect\/\" \/>\n<meta property=\"og:locale\" content=\"es_ES\" \/>\n<meta property=\"og:type\" content=\"article\" \/>\n<meta property=\"og:title\" content=\"Wallets Connect: la red para conectar wallets y DApps\" \/>\n<meta property=\"og:description\" content=\"En este art\u00edculo, abordamos todo lo que se debe saber sobre Wallet Connect, as\u00ed como su relaci\u00f3n con las billeteras actuales.\" \/>\n<meta property=\"og:url\" content=\"https:\/\/99bitcoins.com\/es\/mejores-wallets\/wallets-connect\/\" \/>\n<meta property=\"og:site_name\" content=\"99bitcoins ES\" \/>\n<meta property=\"article:modified_time\" content=\"2025-12-04T09:26:06+00:00\" \/>\n<meta property=\"og:image\" content=\"https:\/\/99bitcoins.com\/es\/wp-content\/uploads\/sites\/5\/2025\/01\/wallet-connect.webp\" \/>\n\t<meta property=\"og:image:width\" content=\"1200\" \/>\n\t<meta property=\"og:image:height\" content=\"706\" \/>\n\t<meta property=\"og:image:type\" content=\"image\/webp\" \/>\n<meta name=\"twitter:card\" content=\"summary_large_image\" \/>\n<meta name=\"twitter:label1\" content=\"Est. reading time\" \/>\n\t<meta name=\"twitter:data1\" content=\"7 minutos\" \/>\n<script type=\"application\/ld+json\" class=\"yoast-schema-graph\">{\"@context\":\"https:\/\/schema.org\",\"@graph\":[{\"@type\":\"WebPage\",\"@id\":\"https:\/\/99bitcoins.com\/es\/mejores-wallets\/wallets-connect\/\",\"url\":\"https:\/\/99bitcoins.com\/es\/mejores-wallets\/wallets-connect\/\",\"name\":\"Wallets Connect: la red para conectar wallets y DApps\",\"isPartOf\":{\"@id\":\"https:\/\/99bitcoins.com\/es\/#website\"},\"primaryImageOfPage\":{\"@id\":\"https:\/\/99bitcoins.com\/es\/mejores-wallets\/wallets-connect\/#primaryimage\"},\"image\":{\"@id\":\"https:\/\/99bitcoins.com\/es\/mejores-wallets\/wallets-connect\/#primaryimage\"},\"thumbnailUrl\":\"https:\/\/99bitcoins.com\/es\/wp-content\/uploads\/sites\/5\/2025\/01\/wallet-connect.webp\",\"datePublished\":\"2025-01-30T04:23:12+00:00\",\"dateModified\":\"2025-12-04T09:26:06+00:00\",\"description\":\"En este art\u00edculo, abordamos todo lo que se debe saber sobre Wallet Connect, as\u00ed como su relaci\u00f3n con las billeteras actuales.\",\"breadcrumb\":{\"@id\":\"https:\/\/99bitcoins.com\/es\/mejores-wallets\/wallets-connect\/#breadcrumb\"},\"inLanguage\":\"es\",\"potentialAction\":[{\"@type\":\"ReadAction\",\"target\":[\"https:\/\/99bitcoins.com\/es\/mejores-wallets\/wallets-connect\/\"]}]},{\"@type\":\"ImageObject\",\"inLanguage\":\"es\",\"@id\":\"https:\/\/99bitcoins.com\/es\/mejores-wallets\/wallets-connect\/#primaryimage\",\"url\":\"https:\/\/99bitcoins.com\/es\/wp-content\/uploads\/sites\/5\/2025\/01\/wallet-connect.webp\",\"contentUrl\":\"https:\/\/99bitcoins.com\/es\/wp-content\/uploads\/sites\/5\/2025\/01\/wallet-connect.webp\",\"width\":1200,\"height\":706,\"caption\":\"wallet connect qu\u00e9 es\"},{\"@type\":\"BreadcrumbList\",\"@id\":\"https:\/\/99bitcoins.com\/es\/mejores-wallets\/wallets-connect\/#breadcrumb\",\"itemListElement\":[{\"@type\":\"ListItem\",\"position\":1,\"name\":\"Home\",\"item\":\"https:\/\/99bitcoins.com\/es\/\"},{\"@type\":\"ListItem\",\"position\":2,\"name\":\"Wallets Crypto\",\"item\":\"https:\/\/99bitcoins.com\/es\/mejores-wallets\/\"},{\"@type\":\"ListItem\",\"position\":3,\"name\":\"Wallets Connect: la red para conectar wallets y DApps\"}]},{\"@type\":\"WebSite\",\"@id\":\"https:\/\/99bitcoins.com\/es\/#website\",\"url\":\"https:\/\/99bitcoins.com\/es\/\",\"name\":\"99bitcoins ES\",\"description\":\"\",\"publisher\":{\"@id\":\"https:\/\/99bitcoins.com\/es\/#organization\"},\"potentialAction\":[{\"@type\":\"SearchAction\",\"target\":{\"@type\":\"EntryPoint\",\"urlTemplate\":\"https:\/\/99bitcoins.com\/es\/?s={search_term_string}\"},\"query-input\":{\"@type\":\"PropertyValueSpecification\",\"valueRequired\":true,\"valueName\":\"search_term_string\"}}],\"inLanguage\":\"es\"},{\"@type\":\"Organization\",\"@id\":\"https:\/\/99bitcoins.com\/es\/#organization\",\"name\":\"99bitcoins\",\"alternateName\":\"99bitcoins\",\"url\":\"https:\/\/99bitcoins.com\/es\/\",\"logo\":{\"@type\":\"ImageObject\",\"inLanguage\":\"es\",\"@id\":\"https:\/\/99bitcoins.com\/es\/#\/schema\/logo\/image\/\",\"url\":\"https:\/\/99bitcoins.com\/es\/wp-content\/uploads\/sites\/5\/2024\/10\/99bitcoins-logo.svg\",\"contentUrl\":\"https:\/\/99bitcoins.com\/es\/wp-content\/uploads\/sites\/5\/2024\/10\/99bitcoins-logo.svg\",\"width\":201,\"height\":43,\"caption\":\"99bitcoins\"},\"image\":{\"@id\":\"https:\/\/99bitcoins.com\/es\/#\/schema\/logo\/image\/\"}}]}<\/script>\n<!-- \/ Yoast SEO plugin. -->","yoast_head_json":{"title":"Wallets Connect: la red para conectar wallets y DApps","description":"En este art\u00edculo, abordamos todo lo que se debe saber sobre Wallet Connect, as\u00ed como su relaci\u00f3n con las billeteras actuales.","robots":{"index":"index","follow":"follow","max-snippet":"max-snippet:-1","max-image-preview":"max-image-preview:large","max-video-preview":"max-video-preview:-1"},"canonical":"https:\/\/99bitcoins.com\/es\/mejores-wallets\/wallets-connect\/","og_locale":"es_ES","og_type":"article","og_title":"Wallets Connect: la red para conectar wallets y DApps","og_description":"En este art\u00edculo, abordamos todo lo que se debe saber sobre Wallet Connect, as\u00ed como su relaci\u00f3n con las billeteras actuales.","og_url":"https:\/\/99bitcoins.com\/es\/mejores-wallets\/wallets-connect\/","og_site_name":"99bitcoins ES","article_modified_time":"2025-12-04T09:26:06+00:00","og_image":[{"width":1200,"height":706,"url":"https:\/\/99bitcoins.com\/es\/wp-content\/uploads\/sites\/5\/2025\/01\/wallet-connect.webp","type":"image\/webp"}],"twitter_card":"summary_large_image","twitter_misc":{"Est. reading time":"7 minutos"},"schema":{"@context":"https:\/\/schema.org","@graph":[{"@type":"WebPage","@id":"https:\/\/99bitcoins.com\/es\/mejores-wallets\/wallets-connect\/","url":"https:\/\/99bitcoins.com\/es\/mejores-wallets\/wallets-connect\/","name":"Wallets Connect: la red para conectar wallets y DApps","isPartOf":{"@id":"https:\/\/99bitcoins.com\/es\/#website"},"primaryImageOfPage":{"@id":"https:\/\/99bitcoins.com\/es\/mejores-wallets\/wallets-connect\/#primaryimage"},"image":{"@id":"https:\/\/99bitcoins.com\/es\/mejores-wallets\/wallets-connect\/#primaryimage"},"thumbnailUrl":"https:\/\/99bitcoins.com\/es\/wp-content\/uploads\/sites\/5\/2025\/01\/wallet-connect.webp","datePublished":"2025-01-30T04:23:12+00:00","dateModified":"2025-12-04T09:26:06+00:00","description":"En este art\u00edculo, abordamos todo lo que se debe saber sobre Wallet Connect, as\u00ed como su relaci\u00f3n con las billeteras actuales.","breadcrumb":{"@id":"https:\/\/99bitcoins.com\/es\/mejores-wallets\/wallets-connect\/#breadcrumb"},"inLanguage":"es","potentialAction":[{"@type":"ReadAction","target":["https:\/\/99bitcoins.com\/es\/mejores-wallets\/wallets-connect\/"]}]},{"@type":"ImageObject","inLanguage":"es","@id":"https:\/\/99bitcoins.com\/es\/mejores-wallets\/wallets-connect\/#primaryimage","url":"https:\/\/99bitcoins.com\/es\/wp-content\/uploads\/sites\/5\/2025\/01\/wallet-connect.webp","contentUrl":"https:\/\/99bitcoins.com\/es\/wp-content\/uploads\/sites\/5\/2025\/01\/wallet-connect.webp","width":1200,"height":706,"caption":"wallet connect qu\u00e9 es"},{"@type":"BreadcrumbList","@id":"https:\/\/99bitcoins.com\/es\/mejores-wallets\/wallets-connect\/#breadcrumb","itemListElement":[{"@type":"ListItem","position":1,"name":"Home","item":"https:\/\/99bitcoins.com\/es\/"},{"@type":"ListItem","position":2,"name":"Wallets Crypto","item":"https:\/\/99bitcoins.com\/es\/mejores-wallets\/"},{"@type":"ListItem","position":3,"name":"Wallets Connect: la red para conectar wallets y DApps"}]},{"@type":"WebSite","@id":"https:\/\/99bitcoins.com\/es\/#website","url":"https:\/\/99bitcoins.com\/es\/","name":"99bitcoins ES","description":"","publisher":{"@id":"https:\/\/99bitcoins.com\/es\/#organization"},"potentialAction":[{"@type":"SearchAction","target":{"@type":"EntryPoint","urlTemplate":"https:\/\/99bitcoins.com\/es\/?s={search_term_string}"},"query-input":{"@type":"PropertyValueSpecification","valueRequired":true,"valueName":"search_term_string"}}],"inLanguage":"es"},{"@type":"Organization","@id":"https:\/\/99bitcoins.com\/es\/#organization","name":"99bitcoins","alternateName":"99bitcoins","url":"https:\/\/99bitcoins.com\/es\/","logo":{"@type":"ImageObject","inLanguage":"es","@id":"https:\/\/99bitcoins.com\/es\/#\/schema\/logo\/image\/","url":"https:\/\/99bitcoins.com\/es\/wp-content\/uploads\/sites\/5\/2024\/10\/99bitcoins-logo.svg","contentUrl":"https:\/\/99bitcoins.com\/es\/wp-content\/uploads\/sites\/5\/2024\/10\/99bitcoins-logo.svg","width":201,"height":43,"caption":"99bitcoins"},"image":{"@id":"https:\/\/99bitcoins.com\/es\/#\/schema\/logo\/image\/"}}]}},"_links":{"self":[{"href":"https:\/\/99bitcoins.com\/es\/wp-json\/wp\/v2\/pages\/11214","targetHints":{"allow":["GET"]}}],"collection":[{"href":"https:\/\/99bitcoins.com\/es\/wp-json\/wp\/v2\/pages"}],"about":[{"href":"https:\/\/99bitcoins.com\/es\/wp-json\/wp\/v2\/types\/page"}],"author":[{"embeddable":true,"href":"https:\/\/99bitcoins.com\/es\/wp-json\/wp\/v2\/users\/135885"}],"replies":[{"embeddable":true,"href":"https:\/\/99bitcoins.com\/es\/wp-json\/wp\/v2\/comments?post=11214"}],"version-history":[{"count":5,"href":"https:\/\/99bitcoins.com\/es\/wp-json\/wp\/v2\/pages\/11214\/revisions"}],"predecessor-version":[{"id":28251,"href":"https:\/\/99bitcoins.com\/es\/wp-json\/wp\/v2\/pages\/11214\/revisions\/28251"}],"up":[{"embeddable":true,"href":"https:\/\/99bitcoins.com\/es\/wp-json\/wp\/v2\/pages\/346"}],"wp:featuredmedia":[{"embeddable":true,"href":"https:\/\/99bitcoins.com\/es\/wp-json\/wp\/v2\/media\/11219"}],"wp:attachment":[{"href":"https:\/\/99bitcoins.com\/es\/wp-json\/wp\/v2\/media?parent=11214"}],"curies":[{"name":"wp","href":"https:\/\/api.w.org\/{rel}","templated":true}]}}