{"id":11109,"date":"2025-01-28T01:27:22","date_gmt":"2025-01-28T01:27:22","guid":{"rendered":"https:\/\/99bitcoins.com\/es\/?page_id=11109"},"modified":"2025-01-28T01:27:22","modified_gmt":"2025-01-28T01:27:22","slug":"electrum-wallet-opinones","status":"publish","type":"page","link":"https:\/\/99bitcoins.com\/es\/mejores-wallets\/electrum-wallet-opinones\/","title":{"rendered":"Opiniones de Electrum Wallet en 2026: funciones, ventajas y desventajas, formatos"},"content":{"rendered":"<p>Electrum Wallet es quiz\u00e1 una de las billeteras m\u00e1s longevas en el mercado de <strong><a href=\"https:\/\/99bitcoins.com\/es\/mejores-wallets\/\">wallets de Bitcoin<\/a><\/strong>. Durante mucho tiempo ha sido de las m\u00e1s populares, de hecho, ya que lleva con nosotros desde 2011 y sigue siendo igual de robusta \u2013aunque algunos critiquen precisamente que no haya evolucionado demasiado con el tiempo.<\/p>\n<p>En este an\u00e1lisis completo, vamos a cubrir los pros y los contras, las <strong>opiniones de Electrum Wallet<\/strong>, nuestra experiencia con esta wallet y mucho m\u00e1s.<\/p>\n<p class=\"p1\"><div class=\"su-note\"  style=\"border-color:#d9d9d9;border-radius:3px;-moz-border-radius:3px;-webkit-border-radius:3px;\"><div class=\"su-note-inner su-u-clearfix su-u-trim\" style=\"background-color:#f3f3f3;border-color:#ffffff;color:#333333;border-radius:3px;-moz-border-radius:3px;-webkit-border-radius:3px;\">\n<h2>Nuestro an\u00e1lisis de Electrum Wallet en 2 minutos<\/h2>\n<p>Electrum es una wallet exclusiva para Bitcoin y con aplicaciones para versiones de escritorio y Android. Dispone de muchas funciones pero no es la m\u00e1s f\u00e1cil de usar. Si est\u00e1s empezando con Bitcoin, te recomendamos considerar algunas alternativas a Electrum, pero si ya est\u00e1s familiarizado con los t\u00e9rminos b\u00e1sicos, entonces es una excelente opci\u00f3n.<\/p>\n<p>La wallet Electrum fue creada en noviembre de 2011 por parte de Thomas Voegtlin. Desde entonces, este monedero digital ha sido modificado por varios desarrolladores (pues es de c\u00f3digo abierto). Electrum Wallet es un monedero basado en cliente, lo que significa que para utilizarlo es necesario descargarlo e instalarlo en el ordenador.<\/p>\n<p>El cliente s\u00f3lo est\u00e1 disponible para ordenadores de sobremesa, lo que supone un inconveniente importante para los usuarios que desean utilizar su m\u00f3vil como monedero, aunque hay una versi\u00f3n de Android m\u00e1s o menos funcional. Se enorgullece de ser r\u00e1pido, seguro y privado. El monedero es un monedero lite, lo que significa que no descarga el blockchain, por lo que no hay retrasos en la configuraci\u00f3n y siempre est\u00e1 actualizado. Tamb\u00e9n afirma ser descentralizado y estar en l\u00ednea el cien por cien del tiempo.<\/p>\n<\/div><\/div>\n<p><img decoding=\"async\" class=\"size-full wp-image-11111 aligncenter\" src=\"https:\/\/99bitcoins.com\/es\/wp-content\/uploads\/sites\/5\/2025\/01\/electrum-wallet.webp\" alt=\"electrum wallet opiniones\" width=\"1200\" height=\"749\" srcset=\"https:\/\/99bitcoins.com\/es\/wp-content\/uploads\/sites\/5\/2025\/01\/electrum-wallet.webp 1200w, https:\/\/99bitcoins.com\/es\/wp-content\/uploads\/sites\/5\/2025\/01\/electrum-wallet-300x187.webp 300w, https:\/\/99bitcoins.com\/es\/wp-content\/uploads\/sites\/5\/2025\/01\/electrum-wallet-768x479.webp 768w\" sizes=\"(max-width: 1200px) 100vw, 1200px\" \/><\/p>\n<p class=\"p1\"><div class=\"su-note\"  style=\"border-color:#d9d9d9;border-radius:3px;-moz-border-radius:3px;-webkit-border-radius:3px;\"><div class=\"su-note-inner su-u-clearfix su-u-trim\" style=\"background-color:#f3f3f3;border-color:#ffffff;color:#333333;border-radius:3px;-moz-border-radius:3px;-webkit-border-radius:3px;\">\n<h2>Lo que Electrum Wallet hace mejor que nadie<\/h2>\n<ul>\n<li>Tus claves privadas est\u00e1n encriptadas, y nunca abandonan el ordenador donde se instala Electrum, por lo que se puede recuperar a partir de una frase secreta (tambi\u00e9n conocida como frase semilla).<\/li>\n<li>Dispone de modo de vigilancia con wallets fr\u00edas, como Trezor o Ledger. La interfaz de Electrum sirve para monitorizar pero en este modo no tiene poder para mover criptomonedas.<\/li>\n<li>Su proceso de instalaci\u00f3n y gesti\u00f3n la hace ideal para desarrolladores y expertos, pero algunos echar\u00e1n de menos una interfaz m\u00e1s intuitiva.<\/li>\n<\/ul>\n<\/div><\/div>\n<h2>Las caracter\u00edsticas de Electrum Wallet<\/h2>\n<p>Muchos consideran que Electrum es la mejor <a href=\"https:\/\/99bitcoins.com\/es\/mejores-wallets\/hot\/\"><strong>hot wallet<\/strong><\/a> de escritorio de Bitcoin, sin lugar a dudas. Echemos un vistazo a Electrum desde el punto de vista de una persona que empieza, ya que algunas opiniones de Electrum Wallet aducen que esta wallet es demasiado compleja.<\/p>\n<h3>El proceso de instalaci\u00f3n<\/h3>\n<p>Si bien el proceso de instalaci\u00f3n es bastante simple y directo para Bitcoiners experimentados, quiz\u00e1 no lo sea tanto\u00a0para alguien que acaba de dar sus primeros pasos en el mundo crypto. B\u00e1sicamente, el proceso consiste en descargar el instalador (Windows, Mac, Linux o Phyton) y hacer clic en \u00abSiguiente\u00bb todo el tiempo. Eso da una configuraci\u00f3n est\u00e1ndar para los principiantes. Sin embargo, no hay ning\u00fan kit de informaci\u00f3n o resumen que explique en qu\u00e9 consisten los distintos pasos.<\/p>\n<p>Al menos la frase de la semilla, que es la parte m\u00e1s importante, s\u00ed se explica con un poco m\u00e1s de detalle. \u00c9sta debe almacenarse a buen recaudo y no compartirla con nadie.<\/p>\n<h3>La interfaz de usuario<\/h3>\n<p>La interfaz de usuario del cliente de escritorio de Electrum Wallet es bastante sencilla. Tres pesta\u00f1as en la parte superior de la ventana le permiten elegir entre \u00abenviar\u00bb, \u00abrecibir\u00bb y su historial de transacciones. En la parte inferior de la ventana, encontramos la opci\u00f3n de ver la configuraci\u00f3n del sistema, inspeccionar tus semillas o cambiar tu contrase\u00f1a.<\/p>\n<p>En general, el dise\u00f1o es bastante simple pero no muy atractivo. Parece que Electrum se centra m\u00e1s en la funcionalidad que en la experiencia del usuario. Si alguien nuevo en Bitcoin descarga esta wallet, lo m\u00e1s probable es que no sepa qu\u00e9 hacer con algunas de las opciones m\u00e1s t\u00e9cnicas que esconde.<\/p>\n<h3>Funciones adicionales<\/h3>\n<p>La ventaja de la wallet Electrum es que es rica en caracter\u00edsticas, principalmente cuando se trata de personalizar las transacciones Bitcoin. Por ejemplo, esta wallet permite establecer tarifas de transacci\u00f3n personalizadas. Electrum tambi\u00e9n soporta la funci\u00f3n Replace By Fee (RBF) que le permite retransmitir una transacci\u00f3n con una tarifa m\u00e1s alta si no se confirma.<\/p>\n<p>Tambi\u00e9n se pueden etiquetar diferentes direcciones como referencia para saber de d\u00f3nde proceden los pagos. Del mismo modo, existe una forma sencilla de exportar todo el historial, las direcciones y las etiquetas de la billetera. Adem\u00e1s, el monedero te permite firmar mensajes utilizando tu clave privada y tambi\u00e9n \u00abpagar a muchos\u00bb, que es el proceso de enviar una transacci\u00f3n a varios destinatarios en bloque.<\/p>\n<p class=\"p1\"><div class=\"su-note\"  style=\"border-color:#d9d9d9;border-radius:3px;-moz-border-radius:3px;-webkit-border-radius:3px;\"><div class=\"su-note-inner su-u-clearfix su-u-trim\" style=\"background-color:#f3f3f3;border-color:#ffffff;color:#333333;border-radius:3px;-moz-border-radius:3px;-webkit-border-radius:3px;\">\n<h2>Pros y contras de Electrum Wallet<\/h2>\n<h3>Pros<\/h3>\n<ul>\n<li>Dispone de un foro y de mucha documentaci\u00f3n t\u00e9cnica sobre la wallet y sus procesos.<\/li>\n<li>En su simplicidad est\u00e1 la seguridad y el atractivo, en cierto modo, como Bitcoin.<\/li>\n<li>Es una de las predilectas de los Bitcoiners m\u00e1s ac\u00e9rrimos.<\/li>\n<\/ul>\n<h3>Cons<\/h3>\n<ul>\n<li>No tiene servicio de atenci\u00f3n al usuario o cliente.<\/li>\n<li>No se encuentran muchos an\u00e1lisis o rese\u00f1as con opiniones de Electrum Wallet.<\/li>\n<\/ul>\n<\/div><\/div>\n<p><img decoding=\"async\" class=\"size-full wp-image-11112 aligncenter\" src=\"https:\/\/99bitcoins.com\/es\/wp-content\/uploads\/sites\/5\/2025\/01\/electrum.webp\" alt=\"wallet electrum\" width=\"1200\" height=\"662\" srcset=\"https:\/\/99bitcoins.com\/es\/wp-content\/uploads\/sites\/5\/2025\/01\/electrum.webp 1200w, https:\/\/99bitcoins.com\/es\/wp-content\/uploads\/sites\/5\/2025\/01\/electrum-300x166.webp 300w, https:\/\/99bitcoins.com\/es\/wp-content\/uploads\/sites\/5\/2025\/01\/electrum-768x424.webp 768w\" sizes=\"(max-width: 1200px) 100vw, 1200px\" \/><\/p>\n<h2>\u00bfEs segura Electrum Wallet?<\/h2>\n<p>Electrum Wallet es una wallet de c\u00f3digo abierto, que lleva desde 2011 en el mercado. Sin embargo, en varios momentos, incluyendo en 2019 y 2020, ha recibido hackeos de malware que han llegado a exponer hasta el 70% de su red.<\/p>\n<h2>El soporte de Electrum Wallet: criptomonedas y redes<\/h2>\n<p>Electrum s\u00f3lo admite Bitcoin (BTC). Sin embargo, se han creado clones para Bitcoin Cash, Bitcoin Gold y otras monedas.<\/p>\n<h2>Las comisiones y costes de usar Electrum Wallet<\/h2>\n<p>Electrum Wallet es gratuita y no supone ning\u00fan coste para el usuario, pero tampoco dispone de funciones o modalidades que impliquen un desembolso de comisiones o tarifas de gas (excepto enviar BTC desde Electrum a una wallet tercera).<\/p>\n<p class=\"p1\"><div class=\"su-note\"  style=\"border-color:#d9d9d9;border-radius:3px;-moz-border-radius:3px;-webkit-border-radius:3px;\"><div class=\"su-note-inner su-u-clearfix su-u-trim\" style=\"background-color:#f3f3f3;border-color:#ffffff;color:#333333;border-radius:3px;-moz-border-radius:3px;-webkit-border-radius:3px;\">\n<h2>Paso a paso: instalar y configurar Electrum Wallet desde cero<\/h2>\n<p>Todo el <strong>proceso de instalaci\u00f3n de Electrum Wallet<\/strong> consta de 7 pasos que incluyen:<\/p>\n<ol>\n<li>Elegir un servidor<\/li>\n<li>Nombrar el archivo wallet.dat (el archivo que almacena su clave privada)<\/li>\n<li>Elegir entre un monedero Legacy y un monedero Segwit<\/li>\n<li>Elegir entre un monedero existente \/ monedero de hardware \/ nuevo monedero<\/li>\n<li>Si creas un nuevo monedero &#8211; elegir el tipo de monedero (est\u00e1ndar, 2fa, multisig)<\/li>\n<li>Escribir la frase semilla<\/li>\n<li>Crear y cifrar (opcional) la contrase\u00f1a de tu monedero<\/li>\n<\/ol>\n<p>Como se puede ver, esto es probablemente un poco m\u00e1s de lo que el novato promedio no t\u00e9cnico ser\u00e1 capaz de manejar. Por ejemplo, en nuestras <a href=\"https:\/\/99bitcoins.com\/es\/mejores-wallets\/exodus-wallet-opiniones\/\">opiniones de Exodus<\/a>, vemos un proceso mucho m\u00e1s sencillo.<\/p>\n<\/div><\/div>\n<h2>Una mejor alternativa a Electrum Wallet<\/h2>\n<p>Por muy querido que sea Electrum entre los devotos de Bitcoin, aquellos interesados en invertir en criptomonedas y que busquen opciones de <a href=\"https:\/\/99bitcoins.com\/es\/mejores-wallets\/wallet-anonima\/\">wallets an\u00f3nimas<\/a> m\u00e1s sencillas quiz\u00e1 quieran echar un vistazo a otras hot wallets. Muchas de ellas tambi\u00e9n cumplen la doble funci\u00f3n de monederos descentralizados, y vienen con anonimato y una serie de otras caracter\u00edsticas.<\/p>\n<p><img decoding=\"async\" class=\"aligncenter wp-image-6498 size-full\" src=\"https:\/\/99bitcoins.com\/es\/wp-content\/uploads\/sites\/5\/2024\/11\/best-wallet-3.webp\" alt=\"alternativas a electrum wallet\" width=\"1200\" height=\"633\" srcset=\"https:\/\/99bitcoins.com\/es\/wp-content\/uploads\/sites\/5\/2024\/11\/best-wallet-3.webp 1200w, https:\/\/99bitcoins.com\/es\/wp-content\/uploads\/sites\/5\/2024\/11\/best-wallet-3-300x158.webp 300w, https:\/\/99bitcoins.com\/es\/wp-content\/uploads\/sites\/5\/2024\/11\/best-wallet-3-768x405.webp 768w\" sizes=\"(max-width: 1200px) 100vw, 1200px\" \/><\/p>\n<p>Un buen ejemplo de ello es <a href=\"\/es\/visit\/best-wallet\" rel=\"nofollow sponsored\" target=\"_blank\"><strong>Best Wallet<\/strong><\/a>, la nueva marca de la que tanto se habla y que fue lanzada en diferentes fases. Si est\u00e1s explorando opciones m\u00e1s sencillas y vers\u00e1tiles, Best Wallet es una gran alternativa, he aqu\u00ed por qu\u00e9:<\/p>\n<ul>\n<li>El soporte multicadena permite la gesti\u00f3n de cientos de monedas a trav\u00e9s de blockchains sin mucha complicaci\u00f3n.<\/li>\n<li>Como monedero sin custodia, usted conserva el acceso exclusivo a sus claves privadas, lo que garantiza el control total de sus activos.<\/li>\n<li>Caracter\u00edsticas como la autenticaci\u00f3n de dos factores, la biometr\u00eda y las claves encriptadas mantienen tus fondos a salvo.<\/li>\n<li>Intercambie o negocie tokens con comisiones m\u00ednimas utilizando el intercambio descentralizado incorporado.<\/li>\n<li>Gesti\u00f3n personalizada de tokens: A\u00f1ade y gestiona tokens \u00fanicos o menos conocidos sin esfuerzo.<\/li>\n<li>Obt\u00e9n ingresos pasivos apostando directamente en el monedero.<\/li>\n<li>Un dise\u00f1o intuitivo hace que sea ideal para nuevos usuarios, mientras que las herramientas avanzadas atienden a los comerciantes experimentados.<\/li>\n<li>Disponible para Android e iOS, con una extensi\u00f3n del navegador para ordenadores de sobremesa.<\/li>\n<\/ul>\n<h2>Conclusi\u00f3n<\/h2>\n<p>Electrum Wallet tiene su inter\u00e9s, a menudo como reliquia, a menudo como producto utilitario, y lo cierto es que aquellos que deseen explorar la historia de Bitcoin, pasar\u00e1n un buen rato vi\u00e9ndola y entendiendo c\u00f3mo era el mundo crypto en 2011 y c\u00f3mo ha evolucionado desde entonces (sobre todo para atraer una adopci\u00f3n m\u00e1s masiva). Sin embargo, Electrum Wallet nos preocupa a nivel de interfaz de usuario, y la seguridad ha tenido algunos encontronazos con hackers en el pasado.<\/p>\n<p>Como alternativa,\u00a0<a href=\"\/es\/visit\/best-wallet\" rel=\"nofollow sponsored\" target=\"_blank\"><strong>Best Wallet<\/strong><\/a> se distingue por ser una wallet igualmente sin custodia dise\u00f1ada para acomodar tanto a principiantes como a operadores experimentados. Compatible con m\u00e1s de 60 blockchains, ofrece una plataforma completa para almacenar, gestionar y negociar Bitcoin, manteniendo el control y la privacidad del usuario. Con eso, Best Wallet hace que la incorporaci\u00f3n sea pan comido y libre de estr\u00e9s en comparaci\u00f3n con Electrum.<\/p>\n<p class=\"p1\"><i>Aviso legal: las criptomonedas son activos de alto riesgo. Este art\u00edculo tiene fines informativos y no es asesoramiento de inversi\u00f3n. Podr\u00eda perder todo su capital.<\/i><i><\/i><\/p>\n","protected":false},"excerpt":{"rendered":"<p>Electrum Wallet es quiz\u00e1 una de las billeteras m\u00e1s longevas en el mercado de wallets de Bitcoin. Durante mucho tiempo ha sido de las m\u00e1s populares, de hecho, ya que lleva con nosotros desde 2011 y sigue siendo igual de robusta \u2013aunque algunos critiquen precisamente que no haya evolucionado demasiado con el tiempo. En este..<\/p>\n","protected":false},"author":135888,"featured_media":11111,"parent":346,"menu_order":0,"comment_status":"closed","ping_status":"closed","template":"","meta":{"_acf_changed":false,"inline_featured_image":false,"footnotes":""},"class_list":["post-11109","page","type-page","status-publish","has-post-thumbnail","hentry"],"acf":[],"yoast_head":"<!-- This site is optimized with the Yoast SEO plugin v27.2 - https:\/\/yoast.com\/product\/yoast-seo-wordpress\/ -->\n<title>Opiniones de Electrum Wallet en 2026: funciones, pros y contras<\/title>\n<meta name=\"description\" content=\"En este an\u00e1lisis completo, vamos a cubrir los pros y los contras, las opiniones de Electrum Wallet, y nuestra experiencia con esta wallet.\" \/>\n<meta name=\"robots\" content=\"index, follow, max-snippet:-1, max-image-preview:large, max-video-preview:-1\" \/>\n<link rel=\"canonical\" href=\"https:\/\/99bitcoins.com\/es\/mejores-wallets\/electrum-wallet-opinones\/\" \/>\n<meta property=\"og:locale\" content=\"es_ES\" \/>\n<meta property=\"og:type\" content=\"article\" \/>\n<meta property=\"og:title\" content=\"Opiniones de Electrum Wallet en 2026: funciones, pros y contras\" \/>\n<meta property=\"og:description\" content=\"En este an\u00e1lisis completo, vamos a cubrir los pros y los contras, las opiniones de Electrum Wallet, y nuestra experiencia con esta wallet.\" \/>\n<meta property=\"og:url\" content=\"https:\/\/99bitcoins.com\/es\/mejores-wallets\/electrum-wallet-opinones\/\" \/>\n<meta property=\"og:site_name\" content=\"99bitcoins ES\" \/>\n<meta property=\"og:image\" content=\"https:\/\/99bitcoins.com\/es\/wp-content\/uploads\/sites\/5\/2025\/01\/electrum-wallet.webp\" \/>\n\t<meta property=\"og:image:width\" content=\"1200\" \/>\n\t<meta property=\"og:image:height\" content=\"749\" \/>\n\t<meta property=\"og:image:type\" content=\"image\/webp\" \/>\n<meta name=\"twitter:card\" content=\"summary_large_image\" \/>\n<meta name=\"twitter:label1\" content=\"Est. reading time\" \/>\n\t<meta name=\"twitter:data1\" content=\"8 minutos\" \/>\n<script type=\"application\/ld+json\" class=\"yoast-schema-graph\">{\"@context\":\"https:\/\/schema.org\",\"@graph\":[{\"@type\":\"WebPage\",\"@id\":\"https:\/\/99bitcoins.com\/es\/mejores-wallets\/electrum-wallet-opinones\/\",\"url\":\"https:\/\/99bitcoins.com\/es\/mejores-wallets\/electrum-wallet-opinones\/\",\"name\":\"Opiniones de Electrum Wallet en 2026: funciones, pros y contras\",\"isPartOf\":{\"@id\":\"https:\/\/99bitcoins.com\/es\/#website\"},\"primaryImageOfPage\":{\"@id\":\"https:\/\/99bitcoins.com\/es\/mejores-wallets\/electrum-wallet-opinones\/#primaryimage\"},\"image\":{\"@id\":\"https:\/\/99bitcoins.com\/es\/mejores-wallets\/electrum-wallet-opinones\/#primaryimage\"},\"thumbnailUrl\":\"https:\/\/99bitcoins.com\/es\/wp-content\/uploads\/sites\/5\/2025\/01\/electrum-wallet.webp\",\"datePublished\":\"2025-01-28T01:27:22+00:00\",\"description\":\"En este an\u00e1lisis completo, vamos a cubrir los pros y los contras, las opiniones de Electrum Wallet, y nuestra experiencia con esta wallet.\",\"breadcrumb\":{\"@id\":\"https:\/\/99bitcoins.com\/es\/mejores-wallets\/electrum-wallet-opinones\/#breadcrumb\"},\"inLanguage\":\"es\",\"potentialAction\":[{\"@type\":\"ReadAction\",\"target\":[\"https:\/\/99bitcoins.com\/es\/mejores-wallets\/electrum-wallet-opinones\/\"]}]},{\"@type\":\"ImageObject\",\"inLanguage\":\"es\",\"@id\":\"https:\/\/99bitcoins.com\/es\/mejores-wallets\/electrum-wallet-opinones\/#primaryimage\",\"url\":\"https:\/\/99bitcoins.com\/es\/wp-content\/uploads\/sites\/5\/2025\/01\/electrum-wallet.webp\",\"contentUrl\":\"https:\/\/99bitcoins.com\/es\/wp-content\/uploads\/sites\/5\/2025\/01\/electrum-wallet.webp\",\"width\":1200,\"height\":749,\"caption\":\"electrum wallet opiniones\"},{\"@type\":\"BreadcrumbList\",\"@id\":\"https:\/\/99bitcoins.com\/es\/mejores-wallets\/electrum-wallet-opinones\/#breadcrumb\",\"itemListElement\":[{\"@type\":\"ListItem\",\"position\":1,\"name\":\"Home\",\"item\":\"https:\/\/99bitcoins.com\/es\/\"},{\"@type\":\"ListItem\",\"position\":2,\"name\":\"Wallets Crypto\",\"item\":\"https:\/\/99bitcoins.com\/es\/mejores-wallets\/\"},{\"@type\":\"ListItem\",\"position\":3,\"name\":\"Opiniones de Electrum Wallet en 2025: funciones, ventajas y desventajas, formatos\"}]},{\"@type\":\"WebSite\",\"@id\":\"https:\/\/99bitcoins.com\/es\/#website\",\"url\":\"https:\/\/99bitcoins.com\/es\/\",\"name\":\"99bitcoins ES\",\"description\":\"\",\"publisher\":{\"@id\":\"https:\/\/99bitcoins.com\/es\/#organization\"},\"potentialAction\":[{\"@type\":\"SearchAction\",\"target\":{\"@type\":\"EntryPoint\",\"urlTemplate\":\"https:\/\/99bitcoins.com\/es\/?s={search_term_string}\"},\"query-input\":{\"@type\":\"PropertyValueSpecification\",\"valueRequired\":true,\"valueName\":\"search_term_string\"}}],\"inLanguage\":\"es\"},{\"@type\":\"Organization\",\"@id\":\"https:\/\/99bitcoins.com\/es\/#organization\",\"name\":\"99bitcoins\",\"alternateName\":\"99bitcoins\",\"url\":\"https:\/\/99bitcoins.com\/es\/\",\"logo\":{\"@type\":\"ImageObject\",\"inLanguage\":\"es\",\"@id\":\"https:\/\/99bitcoins.com\/es\/#\/schema\/logo\/image\/\",\"url\":\"https:\/\/99bitcoins.com\/es\/wp-content\/uploads\/sites\/5\/2024\/10\/99bitcoins-logo.svg\",\"contentUrl\":\"https:\/\/99bitcoins.com\/es\/wp-content\/uploads\/sites\/5\/2024\/10\/99bitcoins-logo.svg\",\"width\":201,\"height\":43,\"caption\":\"99bitcoins\"},\"image\":{\"@id\":\"https:\/\/99bitcoins.com\/es\/#\/schema\/logo\/image\/\"}}]}<\/script>\n<!-- \/ Yoast SEO plugin. -->","yoast_head_json":{"title":"Opiniones de Electrum Wallet en 2026: funciones, pros y contras","description":"En este an\u00e1lisis completo, vamos a cubrir los pros y los contras, las opiniones de Electrum Wallet, y nuestra experiencia con esta wallet.","robots":{"index":"index","follow":"follow","max-snippet":"max-snippet:-1","max-image-preview":"max-image-preview:large","max-video-preview":"max-video-preview:-1"},"canonical":"https:\/\/99bitcoins.com\/es\/mejores-wallets\/electrum-wallet-opinones\/","og_locale":"es_ES","og_type":"article","og_title":"Opiniones de Electrum Wallet en 2026: funciones, pros y contras","og_description":"En este an\u00e1lisis completo, vamos a cubrir los pros y los contras, las opiniones de Electrum Wallet, y nuestra experiencia con esta wallet.","og_url":"https:\/\/99bitcoins.com\/es\/mejores-wallets\/electrum-wallet-opinones\/","og_site_name":"99bitcoins ES","og_image":[{"width":1200,"height":749,"url":"https:\/\/99bitcoins.com\/es\/wp-content\/uploads\/sites\/5\/2025\/01\/electrum-wallet.webp","type":"image\/webp"}],"twitter_card":"summary_large_image","twitter_misc":{"Est. reading time":"8 minutos"},"schema":{"@context":"https:\/\/schema.org","@graph":[{"@type":"WebPage","@id":"https:\/\/99bitcoins.com\/es\/mejores-wallets\/electrum-wallet-opinones\/","url":"https:\/\/99bitcoins.com\/es\/mejores-wallets\/electrum-wallet-opinones\/","name":"Opiniones de Electrum Wallet en 2026: funciones, pros y contras","isPartOf":{"@id":"https:\/\/99bitcoins.com\/es\/#website"},"primaryImageOfPage":{"@id":"https:\/\/99bitcoins.com\/es\/mejores-wallets\/electrum-wallet-opinones\/#primaryimage"},"image":{"@id":"https:\/\/99bitcoins.com\/es\/mejores-wallets\/electrum-wallet-opinones\/#primaryimage"},"thumbnailUrl":"https:\/\/99bitcoins.com\/es\/wp-content\/uploads\/sites\/5\/2025\/01\/electrum-wallet.webp","datePublished":"2025-01-28T01:27:22+00:00","description":"En este an\u00e1lisis completo, vamos a cubrir los pros y los contras, las opiniones de Electrum Wallet, y nuestra experiencia con esta wallet.","breadcrumb":{"@id":"https:\/\/99bitcoins.com\/es\/mejores-wallets\/electrum-wallet-opinones\/#breadcrumb"},"inLanguage":"es","potentialAction":[{"@type":"ReadAction","target":["https:\/\/99bitcoins.com\/es\/mejores-wallets\/electrum-wallet-opinones\/"]}]},{"@type":"ImageObject","inLanguage":"es","@id":"https:\/\/99bitcoins.com\/es\/mejores-wallets\/electrum-wallet-opinones\/#primaryimage","url":"https:\/\/99bitcoins.com\/es\/wp-content\/uploads\/sites\/5\/2025\/01\/electrum-wallet.webp","contentUrl":"https:\/\/99bitcoins.com\/es\/wp-content\/uploads\/sites\/5\/2025\/01\/electrum-wallet.webp","width":1200,"height":749,"caption":"electrum wallet opiniones"},{"@type":"BreadcrumbList","@id":"https:\/\/99bitcoins.com\/es\/mejores-wallets\/electrum-wallet-opinones\/#breadcrumb","itemListElement":[{"@type":"ListItem","position":1,"name":"Home","item":"https:\/\/99bitcoins.com\/es\/"},{"@type":"ListItem","position":2,"name":"Wallets Crypto","item":"https:\/\/99bitcoins.com\/es\/mejores-wallets\/"},{"@type":"ListItem","position":3,"name":"Opiniones de Electrum Wallet en 2025: funciones, ventajas y desventajas, formatos"}]},{"@type":"WebSite","@id":"https:\/\/99bitcoins.com\/es\/#website","url":"https:\/\/99bitcoins.com\/es\/","name":"99bitcoins ES","description":"","publisher":{"@id":"https:\/\/99bitcoins.com\/es\/#organization"},"potentialAction":[{"@type":"SearchAction","target":{"@type":"EntryPoint","urlTemplate":"https:\/\/99bitcoins.com\/es\/?s={search_term_string}"},"query-input":{"@type":"PropertyValueSpecification","valueRequired":true,"valueName":"search_term_string"}}],"inLanguage":"es"},{"@type":"Organization","@id":"https:\/\/99bitcoins.com\/es\/#organization","name":"99bitcoins","alternateName":"99bitcoins","url":"https:\/\/99bitcoins.com\/es\/","logo":{"@type":"ImageObject","inLanguage":"es","@id":"https:\/\/99bitcoins.com\/es\/#\/schema\/logo\/image\/","url":"https:\/\/99bitcoins.com\/es\/wp-content\/uploads\/sites\/5\/2024\/10\/99bitcoins-logo.svg","contentUrl":"https:\/\/99bitcoins.com\/es\/wp-content\/uploads\/sites\/5\/2024\/10\/99bitcoins-logo.svg","width":201,"height":43,"caption":"99bitcoins"},"image":{"@id":"https:\/\/99bitcoins.com\/es\/#\/schema\/logo\/image\/"}}]}},"_links":{"self":[{"href":"https:\/\/99bitcoins.com\/es\/wp-json\/wp\/v2\/pages\/11109","targetHints":{"allow":["GET"]}}],"collection":[{"href":"https:\/\/99bitcoins.com\/es\/wp-json\/wp\/v2\/pages"}],"about":[{"href":"https:\/\/99bitcoins.com\/es\/wp-json\/wp\/v2\/types\/page"}],"author":[{"embeddable":true,"href":"https:\/\/99bitcoins.com\/es\/wp-json\/wp\/v2\/users\/135888"}],"replies":[{"embeddable":true,"href":"https:\/\/99bitcoins.com\/es\/wp-json\/wp\/v2\/comments?post=11109"}],"version-history":[{"count":5,"href":"https:\/\/99bitcoins.com\/es\/wp-json\/wp\/v2\/pages\/11109\/revisions"}],"predecessor-version":[{"id":14313,"href":"https:\/\/99bitcoins.com\/es\/wp-json\/wp\/v2\/pages\/11109\/revisions\/14313"}],"up":[{"embeddable":true,"href":"https:\/\/99bitcoins.com\/es\/wp-json\/wp\/v2\/pages\/346"}],"wp:featuredmedia":[{"embeddable":true,"href":"https:\/\/99bitcoins.com\/es\/wp-json\/wp\/v2\/media\/11111"}],"wp:attachment":[{"href":"https:\/\/99bitcoins.com\/es\/wp-json\/wp\/v2\/media?parent=11109"}],"curies":[{"name":"wp","href":"https:\/\/api.w.org\/{rel}","templated":true}]}}