{"id":10876,"date":"2025-01-23T02:21:43","date_gmt":"2025-01-23T02:21:43","guid":{"rendered":"https:\/\/99bitcoins.com\/es\/?page_id=10876"},"modified":"2025-04-16T13:56:18","modified_gmt":"2025-04-16T13:56:18","slug":"tron","status":"publish","type":"page","link":"https:\/\/99bitcoins.com\/es\/mejores-wallets\/tron\/","title":{"rendered":"Wallets compatibles con Tron: an\u00e1lisis y comparativa de las mejores"},"content":{"rendered":"<p>En esta gu\u00eda, hemos analizado las <strong>mejores wallets para Tron<\/strong> que hemos logrado encontrar, fij\u00e1ndonos en qu\u00e9 punto de su desarrollo est\u00e1n, en su seguridad y en su disponibilidad.<\/p>\n<p>Tron es una blockchain lanzada en 2019 y que se ha convertido en una de las m\u00e1s competitivas en el dominio p\u00fablico de las apps descentralizadas. Su ecosistema est\u00e1 lleno de vitalidad y desarrollo, con nuevos tokens que afloran a menudo y muchas funciones vinculadas a las DeFi, a las DAO y al intercambio. A medida que siga creciendo, ser\u00e1 m\u00e1s y m\u00e1s necesario disponer de una wallet compatible y de herramientas para acceder.<\/p>\n<p class=\"p1\"><div class=\"su-note\"  style=\"border-color:#d9d9d9;border-radius:3px;-moz-border-radius:3px;-webkit-border-radius:3px;\"><div class=\"su-note-inner su-u-clearfix su-u-trim\" style=\"background-color:#f3f3f3;border-color:#ffffff;color:#333333;border-radius:3px;-moz-border-radius:3px;-webkit-border-radius:3px;\">\n<h2>Lo que hay que saber sobre las wallets para Tron<\/h2>\n<ul>\n<li>Cualquier inversor en Tron sabe que se necesita tener una <a href=\"https:\/\/99bitcoins.com\/es\/mejores-wallets\/\">wallet de criptomonedas<\/a> segura en lugar de dejar los tokens en un exchange.<\/li>\n<li>Estas wallets tambi\u00e9n sirven para poder experimentar con las mejores <strong>dApps<\/strong> de TRON.<\/li>\n<li>TRON es una blockchain con un <strong>sistema<\/strong> <strong>operativo<\/strong> que busca ser una infraestructura de base para la Web3. Tiene m\u00e1s de 81 millones de usuarios en su red principal, y procesa m\u00e1s de 4.000 transacciones por segundo. Es totalmente descentralizada y de c\u00f3digo abierto, dos puntos clave seg\u00fan el objetivo de su fundador (Justin Sun).<\/li>\n<li>Su explorador de bloques se llama <strong>TronScan<\/strong> y existe un cliente de desarrollo para las wallets compatibles de esta cadena.<\/li>\n<li>La blockchain de TRON <strong>no aplica tarifas de gas a las transacciones<\/strong>, algo desde luego inusual.<\/li>\n<\/ul>\n<\/div><\/div>\n<p><img decoding=\"async\" class=\"size-full wp-image-10880 aligncenter\" src=\"https:\/\/99bitcoins.com\/es\/wp-content\/uploads\/sites\/5\/2025\/01\/tron-wallet.webp\" alt=\"tron wallet\" width=\"1201\" height=\"638\" srcset=\"https:\/\/99bitcoins.com\/es\/wp-content\/uploads\/sites\/5\/2025\/01\/tron-wallet.webp 1201w, https:\/\/99bitcoins.com\/es\/wp-content\/uploads\/sites\/5\/2025\/01\/tron-wallet-300x159.webp 300w, https:\/\/99bitcoins.com\/es\/wp-content\/uploads\/sites\/5\/2025\/01\/tron-wallet-768x408.webp 768w\" sizes=\"(max-width: 1201px) 100vw, 1201px\" \/><\/p>\n<h2>La mejor wallet de Tron y sus alternativas: lista completa<\/h2>\n<p>A continuaci\u00f3n, este art\u00edculo enumerar\u00e1 las carteras m\u00e1s populares que admiten el Tron en el mercado. Estas carteras destacan por su acumulaci\u00f3n de marca, historia y seguridad, y cada una de ellas tiene su propio enfoque para apoyar funcionalmente a Tron.<\/p>\n<h3>Best Wallet<\/h3>\n<p><img decoding=\"async\" class=\"size-full wp-image-6498 aligncenter\" src=\"https:\/\/99bitcoins.com\/es\/wp-content\/uploads\/sites\/5\/2024\/11\/best-wallet-3.webp\" alt=\"agregador de preventas\" width=\"1200\" height=\"633\" srcset=\"https:\/\/99bitcoins.com\/es\/wp-content\/uploads\/sites\/5\/2024\/11\/best-wallet-3.webp 1200w, https:\/\/99bitcoins.com\/es\/wp-content\/uploads\/sites\/5\/2024\/11\/best-wallet-3-300x158.webp 300w, https:\/\/99bitcoins.com\/es\/wp-content\/uploads\/sites\/5\/2024\/11\/best-wallet-3-768x405.webp 768w\" sizes=\"(max-width: 1200px) 100vw, 1200px\" \/><\/p>\n<p><strong>Best Wallet<\/strong> es una billetera compatible con TRON y otras sesenta cadenas de bloques. Aunque carece de algunas funciones de la Mainnet de Tron, el soporte que ofrece es bueno a nivel de staking de criptomonedas y de compra\/venta con intercambios l\u00edquidos en su exchange DEX integrado. Entre sus funciones, encontramos la b\u00fasqueda de ICO y de Airdrops, tambi\u00e9n en la red TRON, y permite los intercambios cross-chain. Best Wallet es gratuita para iOS y Android, y tendr\u00e1 una extensi\u00f3n de navegador. Otra de las funciones que se va a desarrollar es una tarjeta Best Card, que permitir\u00e1 pagar con criptomonedas en comercios y tiendas online. Consulta las <a href=\"https:\/\/99bitcoins.com\/es\/mejores-wallets\/best-wallet-opiniones\/\">opiniones de Best Wallet<\/a>.<\/p>\n<p style=\"text-align: center\"><a href=\"https:\/\/99bitcoins.com\/es\/visit\/best-wallet\" class=\"sc-button sc-button-medium\" style=\"background: red;color: white\" target=\"_blank\"  rel=\"nofollow sponsored\"><span>Descarga Best Wallet<\/span><\/a>\n<h3>Zengo<\/h3>\n<p><img decoding=\"async\" class=\"size-full wp-image-360 aligncenter\" src=\"https:\/\/99bitcoins.com\/es\/wp-content\/uploads\/sites\/5\/2024\/08\/Zengo.webp\" alt=\"zengo bitcoin wallet\" width=\"1934\" height=\"1088\" srcset=\"https:\/\/99bitcoins.com\/es\/wp-content\/uploads\/sites\/5\/2024\/08\/Zengo.webp 1934w, https:\/\/99bitcoins.com\/es\/wp-content\/uploads\/sites\/5\/2024\/08\/Zengo-300x169.webp 300w, https:\/\/99bitcoins.com\/es\/wp-content\/uploads\/sites\/5\/2024\/08\/Zengo-1024x576.webp 1024w, https:\/\/99bitcoins.com\/es\/wp-content\/uploads\/sites\/5\/2024\/08\/Zengo-768x432.webp 768w, https:\/\/99bitcoins.com\/es\/wp-content\/uploads\/sites\/5\/2024\/08\/Zengo-1536x864.webp 1536w\" sizes=\"(max-width: 1934px) 100vw, 1934px\" \/><\/p>\n<p><strong>Zengo<\/strong> es compatible con el token TRX, aunque al ser multi-red no tiene todas las funciones de una wallet integrada al cien por cien en TRON. Eso implica que para aprovechar ciertas caracter\u00edsticas de TRON DAO, o DeFi, tendr\u00e1s que tansferir tus tokens. A parte de eso, Zengo es una wallet muy segura y moderna, con soporte MPC, funciones de recuperaci\u00f3n y copia de seguridad, y un abanico de opciones. Se instala gratuitamente en iOS y Android, y es compatible con cerca de 400 criptomonedas en total.<\/p>\n<p style=\"text-align: center\"><a href=\"https:\/\/99bitcoins.com\/es\/visit\/zengo\" class=\"sc-button sc-button-medium\" style=\"background: red;color: white\" target=\"_blank\"  rel=\"nofollow sponsored\"><span>Descarga Zengo<\/span><\/a>\n<h3>TronWallet<\/h3>\n<p><img decoding=\"async\" class=\"size-full wp-image-10881 aligncenter\" src=\"https:\/\/99bitcoins.com\/es\/wp-content\/uploads\/sites\/5\/2025\/01\/tronwallet.jpg\" alt=\"tronwallet\" width=\"1200\" height=\"900\" srcset=\"https:\/\/99bitcoins.com\/es\/wp-content\/uploads\/sites\/5\/2025\/01\/tronwallet.jpg 1200w, https:\/\/99bitcoins.com\/es\/wp-content\/uploads\/sites\/5\/2025\/01\/tronwallet-300x225.jpg 300w, https:\/\/99bitcoins.com\/es\/wp-content\/uploads\/sites\/5\/2025\/01\/tronwallet-768x576.jpg 768w\" sizes=\"(max-width: 1200px) 100vw, 1200px\" \/><\/p>\n<p><strong>TronWallet<\/strong> es una app de wallet m\u00f3vil creada por Getty.io en 2018, por lo que es una aut\u00e9ntica veterana. Es el \u00fanico de los cinco monederos recomendados que se enfoca exclusivamente en la red TRON y en ninguna m\u00e1s. La experiencia de usuario de TronWallet es fluida. Como billetera, soporta TRX y una variedad de tokens TRC basados en la red Tron, tambi\u00e9n tiene un navegador integrado que permite al usuario usar DApps de Tron en la cartera. Sin embargo, debido a las limitaciones de la cadena \u00fanica, Tronwallet no puede proporcionar servicios de intercambio instant\u00e1neo como TRX-BTC.<\/p>\n<h3>Atomic Wallet<\/h3>\n<p><img decoding=\"async\" class=\"size-full wp-image-10879 aligncenter\" src=\"https:\/\/99bitcoins.com\/es\/wp-content\/uploads\/sites\/5\/2025\/01\/atomic-wallet.webp\" alt=\"tron wallet atomic\" width=\"1200\" height=\"675\" srcset=\"https:\/\/99bitcoins.com\/es\/wp-content\/uploads\/sites\/5\/2025\/01\/atomic-wallet.webp 1200w, https:\/\/99bitcoins.com\/es\/wp-content\/uploads\/sites\/5\/2025\/01\/atomic-wallet-300x169.webp 300w, https:\/\/99bitcoins.com\/es\/wp-content\/uploads\/sites\/5\/2025\/01\/atomic-wallet-768x432.webp 768w\" sizes=\"(max-width: 1200px) 100vw, 1200px\" \/><\/p>\n<p>El monedero <strong>Atomic Wallet<\/strong> tambi\u00e9n es multi-cadena. Aunque se lanz\u00f3 en 2019, Atomic tiene el ecosistema de soporte OS m\u00e1s rico entre todas las carteras. Y eso es porque hay hasta siete versiones de Atomic Wallet: Android, iOS, Windows, MacOS, Ubuntu, Debian y Fedora, as\u00ed que nadie se queda fuera. Al igual que Rainbow, Atomic no se centra espec\u00edficamente en Tron y solo soporta las funciones b\u00e1sicas (env\u00edo, recepci\u00f3n e intercambio). Sin embargo, en esta <a href=\"https:\/\/99bitcoins.com\/es\/mejores-wallets\/defi\/\">wallet DeFi<\/a> puedes encontrar algunos tokens populares basados en la red Tron, como BTT, que no tienen otras. En general, es una buena cartera de escritorio y m\u00e1s f\u00e1cil de usar para los usuarios de Linux.<\/p>\n<p class=\"p1\"><div class=\"su-note\"  style=\"border-color:#d9d9d9;border-radius:3px;-moz-border-radius:3px;-webkit-border-radius:3px;\"><div class=\"su-note-inner su-u-clearfix su-u-trim\" style=\"background-color:#f3f3f3;border-color:#ffffff;color:#333333;border-radius:3px;-moz-border-radius:3px;-webkit-border-radius:3px;\">\n<h3>Menci\u00f3n especial: otras wallets para Tron<\/h3>\n<p>El ecosistema de TRON es muy rico y son bastantes las wallets que no han llegado a la lista anterior, pero que a\u00fan as\u00ed es importante conocer si est\u00e1s barajando usar m\u00e1s de una:<\/p>\n<ul>\n<li><strong>TronLink<\/strong><\/li>\n<li><strong>imToken<\/strong><\/li>\n<li><strong>Ledger<\/strong><\/li>\n<li><strong>Huobi<\/strong><\/li>\n<li><strong>Now Wallet<\/strong><\/li>\n<li><strong>Trust Wallet\u00a0<\/strong>(si has o\u00eddo hablar de ella, consulta nuestras <a href=\"https:\/\/99bitcoins.com\/es\/mejores-wallets\/trust-wallet-opiniones\/\">opiniones de Trust Wallet<\/a>)<\/li>\n<\/ul>\n<\/div><\/div>\n<h2>\u00bfQu\u00e9 es una wallet para Tron (TRON)?<\/h2>\n<p>TRON es una criptomoneda con una blockchain propia, lo que hace necesario que tenga una wallet dedicada o, como m\u00ednimo, que incorpore esa compatibilidad espec\u00edfica. Por suerte, dada la popularidad de TRON en el mercado, hay una oferta bastante amplia. Eso, por supuesto, contando con que no hay una wallet oficial para Tron ahora mismo \u2013si bien la Fundaci\u00f3n TRON confecciona una lista donde se a\u00f1aden todas las wallets que van apareciendo.<\/p>\n<p>A modo de resumen, TRON es una red basada en blockchain alimentada por su propia moneda digital, Tronix o TRX, que permite el desarrollo de aplicaciones descentralizadas (DApps). Su objetivo \u00faltimo es revolucionar Internet estableciendo una plataforma segura y transparente mediante el uso de su sistema descentralizado.<\/p>\n<p>Las DApps que operan en la red de nodos de TRON no est\u00e1n sujetas al control de una autoridad central. Aprovechando el poder de la tecnolog\u00eda blockchain y las DApps, TRON (TRX) pretende desafiar el actual sistema de control centralizado de Internet. Ah\u00ed es donde tener una wallet para TRON cambia las tornas para un usuario promedio, que puede sacarle todo el partido a esta innovadora propuesta.<\/p>\n<h2>Para qu\u00e9 m\u00e1s sirve una wallet de Tron<\/h2>\n<p>Una wallet de Tron tiene un objetivo principal, que es almacenar tokens TRON propios de la red as\u00ed como todos aquellos que se han creado en dicha cadena de bloques, a saber: BTT, WhiteBit, USDT, USDC, ApeNFT, TrueUSD, JST, SUN, HT o SUNDOG. Pero, adem\u00e1s, muchas de las wallets leg\u00edtimas para TRON aprovechan la red para ofrecer estas funciones:<\/p>\n<h3>Stakear tokens<\/h3>\n<p>Algunos de los tokens de TRON son stakeables, y adem\u00e1s, se distribuyen por Airdrop en algunos casos. BTT es uno de ellos, pero hay muchos m\u00e1s. El staking es un medio para generar intereses y recompensas de forma pasiva al mismo tiempo que se contribuye a la seguridad de la red.<\/p>\n<p><strong>Lee m\u00e1s: nuestra <a href=\"https:\/\/99bitcoins.com\/es\/criptomonedas\/prediccion-tron-precio\/\">predicci\u00f3n de precio de Tron (TRX)<\/a>.<\/strong><\/p>\n<h3>Modo de vigilancia<\/h3>\n<p>Las wallets de Tron permiten hacer un seguimiento de un determinado token ya comprado o de una direcci\u00f3n concreta, sin necesidad de desbloquear un abanico de transacciones. As\u00ed se llama el \u00abwatch mode\u00bb o modo de vigilancia, en espa\u00f1ol.<\/p>\n<h3>Importar cuentas<\/h3>\n<p>Las wallets sin custodia permiten importar claves privadas y frases semillas, de una wallet a otra y con los activos o parte de ellos. S\u00f3lo se necesita tener la clave privada para aprovechar estas funciones.<\/p>\n<h3>Listas blancas de Tron<\/h3>\n<p>La blockchain de Tron se basa en la confianza y el acuerdo, el consenso. La mayor\u00eda de veces, no hay necesidad de aplicar claves o contrase\u00f1as para cada transacci\u00f3n, agilizando esos pasos. La blockchain de Tron permite crear listas blancas para ahorrar tiempo al introducir contrase\u00f1as de forma habitual.<\/p>\n<h3>La red y el ancho de banda<\/h3>\n<p>Tron no es una de las redes que se congestione m\u00e1s f\u00e1cilmente, por ahora, pero eso podr\u00eda cambiar en el futuro. Las wallets de Tron est\u00e1n preparadas para ajustar esa generaci\u00f3n de bloques y la demanda de la red en momentos de pico.<\/p>\n<h3>Votar en los nodos de Tron<\/h3>\n<p>Esta es probablemente una de las mejores caracter\u00edsticas en la blockchain de Tron, un medio para obtener ingresos pasivos sin operar o revisar tu cuenta diariamente, solo vota y deja que la recompensa llegue. La blockchain de Tron alberga diferentes tokens con diferentes tipos de uso, esto te permite comerciar con los tokens de la manera m\u00e1s f\u00e1cil.<\/p>\n<h2>Conclusi\u00f3n<\/h2>\n<p>TRX se distingue de Bitcoin y otras criptomonedas por su doble funci\u00f3n. No solo funciona como moneda, sino que tambi\u00e9n act\u00faa como libro de transacciones dentro de la red. Este atributo excepcional proporciona a los creadores de contenidos un valioso recurso para preservar y monetizar sus creaciones. Adem\u00e1s, la tecnolog\u00eda de Tron est\u00e1 dise\u00f1ada a prop\u00f3sito para impedir la censura, de modo que los usuarios pueden estar seguros de que sus datos permanecer\u00e1n protegidos siempre. Esta dedicaci\u00f3n a la seguridad otorga a las personas una mayor sensaci\u00f3n de autonom\u00eda y control sobre su informaci\u00f3n personal y sus elecciones.<\/p>\n<p>En esta gu\u00eda, hemos analizado las <strong>mejores wallets para TRON (TRX)<\/strong> y que permiten aprovechar el enorme potencial de esta red descentralizada. Son billeteras seguras, vers\u00e1tiles y muy f\u00e1ciles de usar incluso si es tu primera vez interactuando con la red de TRX.<\/p>\n<p class=\"p1\" style=\"text-align: center\"><a href=\"https:\/\/99bitcoins.com\/es\/visit\/best-wallet\" class=\"sc-button sc-button-medium\" style=\"background: red;color: white\" target=\"_blank\"  rel=\"nofollow sponsored\"><span>Prueba una wallet para Tron<\/span><\/a>\n<p class=\"p1\" style=\"text-align: center\"><i>Aviso legal: las criptomonedas son activos de alto riesgo. Este art\u00edculo tiene fines informativos y no es asesoramiento de inversi\u00f3n. Podr\u00eda perder todo su capital.<\/i><i><\/i><\/p>\n","protected":false},"excerpt":{"rendered":"<p>En esta gu\u00eda, hemos analizado las mejores wallets para Tron que hemos logrado encontrar, fij\u00e1ndonos en qu\u00e9 punto de su desarrollo est\u00e1n, en su seguridad y en su disponibilidad. Tron es una blockchain lanzada en 2019 y que se ha convertido en una de las m\u00e1s competitivas en el dominio p\u00fablico de las apps descentralizadas&#8230;<\/p>\n","protected":false},"author":135885,"featured_media":10880,"parent":346,"menu_order":0,"comment_status":"closed","ping_status":"closed","template":"","meta":{"_acf_changed":false,"inline_featured_image":false,"footnotes":""},"class_list":["post-10876","page","type-page","status-publish","has-post-thumbnail","hentry"],"acf":[],"yoast_head":"<!-- This site is optimized with the Yoast SEO plugin v27.2 - https:\/\/yoast.com\/product\/yoast-seo-wordpress\/ -->\n<title>Wallets compatibles con Tron: an\u00e1lisis y comparativa completa<\/title>\n<meta name=\"description\" content=\"En esta gu\u00eda, hemos analizado las mejores wallets para Tron que hemos logrado encontrar, fij\u00e1ndonos en c\u00f3mo es su seguridad.\" \/>\n<meta name=\"robots\" content=\"index, follow, max-snippet:-1, max-image-preview:large, max-video-preview:-1\" \/>\n<link rel=\"canonical\" href=\"https:\/\/99bitcoins.com\/es\/mejores-wallets\/tron\/\" \/>\n<meta property=\"og:locale\" content=\"es_ES\" \/>\n<meta property=\"og:type\" content=\"article\" \/>\n<meta property=\"og:title\" content=\"Wallets compatibles con Tron: an\u00e1lisis y comparativa completa\" \/>\n<meta property=\"og:description\" content=\"En esta gu\u00eda, hemos analizado las mejores wallets para Tron que hemos logrado encontrar, fij\u00e1ndonos en c\u00f3mo es su seguridad.\" \/>\n<meta property=\"og:url\" content=\"https:\/\/99bitcoins.com\/es\/mejores-wallets\/tron\/\" \/>\n<meta property=\"og:site_name\" content=\"99bitcoins ES\" \/>\n<meta property=\"article:modified_time\" content=\"2025-04-16T13:56:18+00:00\" \/>\n<meta property=\"og:image\" content=\"https:\/\/99bitcoins.com\/es\/wp-content\/uploads\/sites\/5\/2025\/01\/tron-wallet.webp\" \/>\n\t<meta property=\"og:image:width\" content=\"1201\" \/>\n\t<meta property=\"og:image:height\" content=\"638\" \/>\n\t<meta property=\"og:image:type\" content=\"image\/webp\" \/>\n<meta name=\"twitter:card\" content=\"summary_large_image\" \/>\n<meta name=\"twitter:label1\" content=\"Est. reading time\" \/>\n\t<meta name=\"twitter:data1\" content=\"9 minutos\" \/>\n<script type=\"application\/ld+json\" class=\"yoast-schema-graph\">{\"@context\":\"https:\/\/schema.org\",\"@graph\":[{\"@type\":\"WebPage\",\"@id\":\"https:\/\/99bitcoins.com\/es\/mejores-wallets\/tron\/\",\"url\":\"https:\/\/99bitcoins.com\/es\/mejores-wallets\/tron\/\",\"name\":\"Wallets compatibles con Tron: an\u00e1lisis y comparativa completa\",\"isPartOf\":{\"@id\":\"https:\/\/99bitcoins.com\/es\/#website\"},\"primaryImageOfPage\":{\"@id\":\"https:\/\/99bitcoins.com\/es\/mejores-wallets\/tron\/#primaryimage\"},\"image\":{\"@id\":\"https:\/\/99bitcoins.com\/es\/mejores-wallets\/tron\/#primaryimage\"},\"thumbnailUrl\":\"https:\/\/99bitcoins.com\/es\/wp-content\/uploads\/sites\/5\/2025\/01\/tron-wallet.webp\",\"datePublished\":\"2025-01-23T02:21:43+00:00\",\"dateModified\":\"2025-04-16T13:56:18+00:00\",\"description\":\"En esta gu\u00eda, hemos analizado las mejores wallets para Tron que hemos logrado encontrar, fij\u00e1ndonos en c\u00f3mo es su seguridad.\",\"breadcrumb\":{\"@id\":\"https:\/\/99bitcoins.com\/es\/mejores-wallets\/tron\/#breadcrumb\"},\"inLanguage\":\"es\",\"potentialAction\":[{\"@type\":\"ReadAction\",\"target\":[\"https:\/\/99bitcoins.com\/es\/mejores-wallets\/tron\/\"]}]},{\"@type\":\"ImageObject\",\"inLanguage\":\"es\",\"@id\":\"https:\/\/99bitcoins.com\/es\/mejores-wallets\/tron\/#primaryimage\",\"url\":\"https:\/\/99bitcoins.com\/es\/wp-content\/uploads\/sites\/5\/2025\/01\/tron-wallet.webp\",\"contentUrl\":\"https:\/\/99bitcoins.com\/es\/wp-content\/uploads\/sites\/5\/2025\/01\/tron-wallet.webp\",\"width\":1201,\"height\":638,\"caption\":\"tron wallet trc20\"},{\"@type\":\"BreadcrumbList\",\"@id\":\"https:\/\/99bitcoins.com\/es\/mejores-wallets\/tron\/#breadcrumb\",\"itemListElement\":[{\"@type\":\"ListItem\",\"position\":1,\"name\":\"Home\",\"item\":\"https:\/\/99bitcoins.com\/es\/\"},{\"@type\":\"ListItem\",\"position\":2,\"name\":\"Wallets Crypto\",\"item\":\"https:\/\/99bitcoins.com\/es\/mejores-wallets\/\"},{\"@type\":\"ListItem\",\"position\":3,\"name\":\"Wallets compatibles con Tron: an\u00e1lisis y comparativa de las mejores\"}]},{\"@type\":\"WebSite\",\"@id\":\"https:\/\/99bitcoins.com\/es\/#website\",\"url\":\"https:\/\/99bitcoins.com\/es\/\",\"name\":\"99bitcoins ES\",\"description\":\"\",\"publisher\":{\"@id\":\"https:\/\/99bitcoins.com\/es\/#organization\"},\"potentialAction\":[{\"@type\":\"SearchAction\",\"target\":{\"@type\":\"EntryPoint\",\"urlTemplate\":\"https:\/\/99bitcoins.com\/es\/?s={search_term_string}\"},\"query-input\":{\"@type\":\"PropertyValueSpecification\",\"valueRequired\":true,\"valueName\":\"search_term_string\"}}],\"inLanguage\":\"es\"},{\"@type\":\"Organization\",\"@id\":\"https:\/\/99bitcoins.com\/es\/#organization\",\"name\":\"99bitcoins\",\"alternateName\":\"99bitcoins\",\"url\":\"https:\/\/99bitcoins.com\/es\/\",\"logo\":{\"@type\":\"ImageObject\",\"inLanguage\":\"es\",\"@id\":\"https:\/\/99bitcoins.com\/es\/#\/schema\/logo\/image\/\",\"url\":\"https:\/\/99bitcoins.com\/es\/wp-content\/uploads\/sites\/5\/2024\/10\/99bitcoins-logo.svg\",\"contentUrl\":\"https:\/\/99bitcoins.com\/es\/wp-content\/uploads\/sites\/5\/2024\/10\/99bitcoins-logo.svg\",\"width\":201,\"height\":43,\"caption\":\"99bitcoins\"},\"image\":{\"@id\":\"https:\/\/99bitcoins.com\/es\/#\/schema\/logo\/image\/\"}}]}<\/script>\n<!-- \/ Yoast SEO plugin. -->","yoast_head_json":{"title":"Wallets compatibles con Tron: an\u00e1lisis y comparativa completa","description":"En esta gu\u00eda, hemos analizado las mejores wallets para Tron que hemos logrado encontrar, fij\u00e1ndonos en c\u00f3mo es su seguridad.","robots":{"index":"index","follow":"follow","max-snippet":"max-snippet:-1","max-image-preview":"max-image-preview:large","max-video-preview":"max-video-preview:-1"},"canonical":"https:\/\/99bitcoins.com\/es\/mejores-wallets\/tron\/","og_locale":"es_ES","og_type":"article","og_title":"Wallets compatibles con Tron: an\u00e1lisis y comparativa completa","og_description":"En esta gu\u00eda, hemos analizado las mejores wallets para Tron que hemos logrado encontrar, fij\u00e1ndonos en c\u00f3mo es su seguridad.","og_url":"https:\/\/99bitcoins.com\/es\/mejores-wallets\/tron\/","og_site_name":"99bitcoins ES","article_modified_time":"2025-04-16T13:56:18+00:00","og_image":[{"width":1201,"height":638,"url":"https:\/\/99bitcoins.com\/es\/wp-content\/uploads\/sites\/5\/2025\/01\/tron-wallet.webp","type":"image\/webp"}],"twitter_card":"summary_large_image","twitter_misc":{"Est. reading time":"9 minutos"},"schema":{"@context":"https:\/\/schema.org","@graph":[{"@type":"WebPage","@id":"https:\/\/99bitcoins.com\/es\/mejores-wallets\/tron\/","url":"https:\/\/99bitcoins.com\/es\/mejores-wallets\/tron\/","name":"Wallets compatibles con Tron: an\u00e1lisis y comparativa completa","isPartOf":{"@id":"https:\/\/99bitcoins.com\/es\/#website"},"primaryImageOfPage":{"@id":"https:\/\/99bitcoins.com\/es\/mejores-wallets\/tron\/#primaryimage"},"image":{"@id":"https:\/\/99bitcoins.com\/es\/mejores-wallets\/tron\/#primaryimage"},"thumbnailUrl":"https:\/\/99bitcoins.com\/es\/wp-content\/uploads\/sites\/5\/2025\/01\/tron-wallet.webp","datePublished":"2025-01-23T02:21:43+00:00","dateModified":"2025-04-16T13:56:18+00:00","description":"En esta gu\u00eda, hemos analizado las mejores wallets para Tron que hemos logrado encontrar, fij\u00e1ndonos en c\u00f3mo es su seguridad.","breadcrumb":{"@id":"https:\/\/99bitcoins.com\/es\/mejores-wallets\/tron\/#breadcrumb"},"inLanguage":"es","potentialAction":[{"@type":"ReadAction","target":["https:\/\/99bitcoins.com\/es\/mejores-wallets\/tron\/"]}]},{"@type":"ImageObject","inLanguage":"es","@id":"https:\/\/99bitcoins.com\/es\/mejores-wallets\/tron\/#primaryimage","url":"https:\/\/99bitcoins.com\/es\/wp-content\/uploads\/sites\/5\/2025\/01\/tron-wallet.webp","contentUrl":"https:\/\/99bitcoins.com\/es\/wp-content\/uploads\/sites\/5\/2025\/01\/tron-wallet.webp","width":1201,"height":638,"caption":"tron wallet trc20"},{"@type":"BreadcrumbList","@id":"https:\/\/99bitcoins.com\/es\/mejores-wallets\/tron\/#breadcrumb","itemListElement":[{"@type":"ListItem","position":1,"name":"Home","item":"https:\/\/99bitcoins.com\/es\/"},{"@type":"ListItem","position":2,"name":"Wallets Crypto","item":"https:\/\/99bitcoins.com\/es\/mejores-wallets\/"},{"@type":"ListItem","position":3,"name":"Wallets compatibles con Tron: an\u00e1lisis y comparativa de las mejores"}]},{"@type":"WebSite","@id":"https:\/\/99bitcoins.com\/es\/#website","url":"https:\/\/99bitcoins.com\/es\/","name":"99bitcoins ES","description":"","publisher":{"@id":"https:\/\/99bitcoins.com\/es\/#organization"},"potentialAction":[{"@type":"SearchAction","target":{"@type":"EntryPoint","urlTemplate":"https:\/\/99bitcoins.com\/es\/?s={search_term_string}"},"query-input":{"@type":"PropertyValueSpecification","valueRequired":true,"valueName":"search_term_string"}}],"inLanguage":"es"},{"@type":"Organization","@id":"https:\/\/99bitcoins.com\/es\/#organization","name":"99bitcoins","alternateName":"99bitcoins","url":"https:\/\/99bitcoins.com\/es\/","logo":{"@type":"ImageObject","inLanguage":"es","@id":"https:\/\/99bitcoins.com\/es\/#\/schema\/logo\/image\/","url":"https:\/\/99bitcoins.com\/es\/wp-content\/uploads\/sites\/5\/2024\/10\/99bitcoins-logo.svg","contentUrl":"https:\/\/99bitcoins.com\/es\/wp-content\/uploads\/sites\/5\/2024\/10\/99bitcoins-logo.svg","width":201,"height":43,"caption":"99bitcoins"},"image":{"@id":"https:\/\/99bitcoins.com\/es\/#\/schema\/logo\/image\/"}}]}},"_links":{"self":[{"href":"https:\/\/99bitcoins.com\/es\/wp-json\/wp\/v2\/pages\/10876","targetHints":{"allow":["GET"]}}],"collection":[{"href":"https:\/\/99bitcoins.com\/es\/wp-json\/wp\/v2\/pages"}],"about":[{"href":"https:\/\/99bitcoins.com\/es\/wp-json\/wp\/v2\/types\/page"}],"author":[{"embeddable":true,"href":"https:\/\/99bitcoins.com\/es\/wp-json\/wp\/v2\/users\/135885"}],"replies":[{"embeddable":true,"href":"https:\/\/99bitcoins.com\/es\/wp-json\/wp\/v2\/comments?post=10876"}],"version-history":[{"count":5,"href":"https:\/\/99bitcoins.com\/es\/wp-json\/wp\/v2\/pages\/10876\/revisions"}],"predecessor-version":[{"id":14326,"href":"https:\/\/99bitcoins.com\/es\/wp-json\/wp\/v2\/pages\/10876\/revisions\/14326"}],"up":[{"embeddable":true,"href":"https:\/\/99bitcoins.com\/es\/wp-json\/wp\/v2\/pages\/346"}],"wp:featuredmedia":[{"embeddable":true,"href":"https:\/\/99bitcoins.com\/es\/wp-json\/wp\/v2\/media\/10880"}],"wp:attachment":[{"href":"https:\/\/99bitcoins.com\/es\/wp-json\/wp\/v2\/media?parent=10876"}],"curies":[{"name":"wp","href":"https:\/\/api.w.org\/{rel}","templated":true}]}}