{"id":11940,"date":"2024-12-30T17:12:54","date_gmt":"2024-12-30T17:12:54","guid":{"rendered":"https:\/\/99bitcoins.com\/de\/?page_id=11940"},"modified":"2025-10-29T20:40:55","modified_gmt":"2025-10-29T20:40:55","slug":"helium-mining","status":"publish","type":"page","link":"https:\/\/99bitcoins.com\/de\/wiki\/helium-mining\/","title":{"rendered":"Was ist Helium Mining? Grundlagen verst\u00e4ndlich erkl\u00e4rt"},"content":{"rendered":"<p>Helium Mining ist ein dezentrales Netzwerk, das 2019 gestartet wurde. <strong>Es erm\u00f6glicht drahtlose Ger\u00e4te mit wenig Strom zu verbinden<\/strong>. Wenn Sie sich fragen, &#8222;W<i>as ist Helium Mining?&#8220;<\/i> und wie man den Helium Mining Standort pr\u00fcfen kann, um die Rentabilit\u00e4t einzusch\u00e4tzen, dann sind Sie hier richtig.<\/p>\n<div class=\"su-youtube su-u-responsive-media-yes\"><iframe loading=\"lazy\" width=\"600\" height=\"400\" src=\"https:\/\/www.youtube.com\/embed\/ZFfYSMKADzw?\" frameborder=\"0\" allowfullscreen allow=\"autoplay; encrypted-media; picture-in-picture\" title=\"\"><\/iframe><\/div>\n    <div class=\"nnbtc-key-takeaways\">\r\n        <h2 class=\"nnbtc-key-takeaways__title\">Schl\u00fcsselpunkte<\/h2>\r\n        \n    <ul class=\"nnbtc-key-takeaways__list\">\r\n        \n    <li class=\"nnbtc-key-takeaways__list-item\">\r\n        Helium Mining ist ein dezentrales Netzwerk f\u00fcr drahtlose Ger\u00e4te.    <\/li>\r\n    \n    <li class=\"nnbtc-key-takeaways__list-item\">\r\n        Das Netzwerk bietet eine drahtlose Konnektivit\u00e4t durch Hotspots mit bis zu 200-mal gr\u00f6\u00dferer Reichweite als WiFi.    <\/li>\r\n    \n    <li class=\"nnbtc-key-takeaways__list-item\">\r\n        Nutzer werden mit Helium Mining-Belohnungen in Form des nativen Tokens HNT belohnt.    <\/li>\r\n    \n    <li class=\"nnbtc-key-takeaways__list-item\">\r\n        Das Mining mit Helium ist viel weniger energieintensiv als das Mining von Bitcoin.    <\/li>\r\n    \n    <li class=\"nnbtc-key-takeaways__list-item\">\r\n        Helium bietet eine sicherere, skalierbare und erschwingliche L\u00f6sung im Vergleich zur herk\u00f6mmlichen Netzwerkkonnektivit\u00e4t.    <\/li>\r\n    \n    <li class=\"nnbtc-key-takeaways__list-item\">\r\n        Die HNT-Belohnungen werden auf der Grundlage der Hotspot-Dichte in einem bestimmten Gebiet berechnet.    <\/li>\r\n    \n    <li class=\"nnbtc-key-takeaways__list-item\">\r\n        Um die Rentabilit\u00e4t einzusch\u00e4tzen, kann man den <i>Helium Mining Standort pr\u00fcfen<\/i> und sich informieren, <i>was ist Helium Mining<\/i>.    <\/li>\r\n    \n    <\/ul>\r\n    \n    <\/div>\r\n    \n<h2>Was ist Helium Mining und wie funktioniert es?<\/h2>\n<p><img decoding=\"async\" class=\"aligncenter wp-image-11965 size-full\" src=\"https:\/\/99bitcoins.com\/de\/wp-content\/uploads\/sites\/3\/2024\/12\/helium-miners.png\" alt=\"helium miners\" width=\"640\" height=\"589\" srcset=\"https:\/\/99bitcoins.com\/de\/wp-content\/uploads\/sites\/3\/2024\/12\/helium-miners.png 640w, https:\/\/99bitcoins.com\/de\/wp-content\/uploads\/sites\/3\/2024\/12\/helium-miners-300x276.png 300w\" sizes=\"(max-width: 640px) 100vw, 640px\" \/><\/p>\n<p>Helium Mining erlaubt es, das Helium-Netzwerk zu erweitern und zu st\u00e4rken. <strong>Es basiert auf der Technologie Proof of Coverage (PoC)<\/strong>. Dieser Mechanismus \u00fcberpr\u00fcft die Abdeckung und Konnektivit\u00e4t des Netzwerks.<\/p>\n<div class=\"su-tabs su-tabs-style-default su-tabs-mobile-stack\" data-active=\"1\" data-scroll-offset=\"0\" data-anchor-in-url=\"no\"><div class=\"su-tabs-nav\"><span class=\"\" data-url=\"\" data-target=\"blank\" tabindex=\"0\" role=\"button\">Die Technologie hinter dem Helium-Netzwerk<\/span><span class=\"\" data-url=\"\" data-target=\"blank\" tabindex=\"0\" role=\"button\">Der Unterschied zu traditionellem Krypto-Mining<\/span><\/div><div class=\"su-tabs-panes\"><div class=\"su-tabs-pane su-u-clearfix su-u-trim\" data-title=\"Die Technologie hinter dem Helium-Netzwerk\">\n<h3>Die Technologie hinter dem Helium-Netzwerk<\/h3>\n<p>Das Helium-Netzwerk nutzt LongFi-Technologie. <strong>Sie bietet eine bis zu 200-fache gr\u00f6\u00dfere Konnektivit\u00e4t als WLAN<\/strong>. So k\u00f6nnen viele Ger\u00e4te sicher verbunden werden.<\/p>\n<\/div>\n<div class=\"su-tabs-pane su-u-clearfix su-u-trim\" data-title=\"Der Unterschied zu traditionellem Krypto-Mining\">\n<h3>Der Unterschied zu traditionellem Krypto-Mining<\/h3>\n<p>Helium Mining nutzt den Proof-of-Coverage-Algorithmus. Im Gegensatz zu traditionellem Krypto-Mining, das auf <a href=\"https:\/\/99bitcoins.com\/de\/wiki\/proof-of-work\/\">Proof-of-Work<\/a> oder Proof-of-Stake basiert. Die Frage, ob sich helium mining lohnt, <strong>h\u00e4ngt von Kosten und Netzwerkabdeckung ab<\/strong>.<\/p>\n<p>Helium Mining ist g\u00fcnstiger in Bezug auf Energiekosten im Vergleich zu Bitcoin-Mining. <strong>So kann man Einnahmen ohne aktive Arbeit erzielen<\/strong>. Es ist wichtig, sich \u00fcber die Entwicklung des Helium-Netzwerks zu informieren.<\/p>\n<\/div><\/div><\/div>\n<h2>Praktische Aspekte des Helium Minings<\/h2>\n<p>Beim Helium Mining sind praktische Dinge sehr wichtig. Ein wichtiger Punkt ist der Energieverbrauch der Helium-Router. <strong>Sie brauchen nur maximal 5 Watt<\/strong>. Das bedeutet, dass sie in den USA f\u00fcr ein Jahr nur etwa 5 US-Dollar kosten.<\/p>\n<p>Ein weiterer wichtiger Punkt ist, wo man den Hotspot aufstellt.\u00a0 <strong>Die <a href=\"https:\/\/explorer.helium.com\/\" rel=\"nofollow\" target=\"_blank\">Helium Mining Map<\/a> hilft dabei, den besten Ort zu finden<\/strong>. Eine gute Position und stabiles Internet sind sehr wichtig.<\/p>\n<p><strong>Um mehr zu verdienen, kann man den Hotspot gut platzieren<\/strong>. Eine gute Internetverbindung ist auch wichtig. Cloud-Mining-Dienste k\u00f6nnen auch helfen, ohne viel Wissen oder Geld.<\/p>\n<div class=\"su-youtube su-u-responsive-media-yes\"><iframe loading=\"lazy\" width=\"600\" height=\"400\" src=\"https:\/\/www.youtube.com\/embed\/7pJfpDf_gdk?\" frameborder=\"0\" allowfullscreen allow=\"autoplay; encrypted-media; picture-in-picture\" title=\"\"><\/iframe><\/div>\n<p>Cloud Mining spart Geld, weil man keine Hardware kaufen muss. Man muss sich auch nicht um Wartung und Strom k\u00fcmmern. <strong>Die Anbieter k\u00fcmmern sich um alles.<\/strong><\/p>\n<div class=\"su-table su-table-responsive su-table-alternate\">\n<div class=\"nnbtc-table-wrapper\"><table>\n<tbody>\n<tr>\n<th>Vorteile von Cloud Mining<\/th>\n<th>Beschreibung<\/th>\n<\/tr>\n<tr>\n<td>Kosteneffizienz<\/td>\n<td>Eliminiert Gemeinkosten f\u00fcr Hardwarekauf, Wartung und Stromrechnungen<\/td>\n<\/tr>\n<tr>\n<td>Reduzierter Wartungsaufwand<\/td>\n<td>Anbieter k\u00fcmmern sich um Ger\u00e4te-Wartung, Fehlerbehebung und Software-Updates<\/td>\n<\/tr>\n<tr>\n<td>Zugang zum Kryptow\u00e4hrungs-Mining<\/td>\n<td>Erleichtert den Zugang zum Mining f\u00fcr Personen ohne technisches Fachwissen oder finanzielle Mittel<\/td>\n<\/tr>\n<\/tbody>\n<\/table><\/div>\n<\/div>\n<div class=\"su-note\"  style=\"border-color:#e5d4d6;border-radius:10px;-moz-border-radius:10px;-webkit-border-radius:10px;\"><div class=\"su-note-inner su-u-clearfix su-u-trim\" style=\"background-color:#FFEEF0;border-color:#ffffff;color:#333333;border-radius:10px;-moz-border-radius:10px;-webkit-border-radius:10px;\">\n<p><strong>Mehr Einblicke in verwandte Themen:<\/strong><\/p>\n<ul>\n<li><a href=\"https:\/\/99bitcoins.com\/de\/wiki\/guenstige-vpn\/\"><strong>G\u00fcnstige VPNs<\/strong><\/a>: Sicheres Surfen ohne hohe Kosten<\/li>\n<li><a href=\"https:\/\/99bitcoins.com\/de\/wiki\/fiatgeld\/\"><strong>Fiatgeld<\/strong><\/a>: Die traditionelle W\u00e4hrung im digitalen Zeitalter<\/li>\n<li><a href=\"https:\/\/99bitcoins.com\/de\/wiki\/yield-farming\/\"><strong>Yield Farming<\/strong><\/a>: Renditeoptimierung durch Liquidity Pools<\/li>\n<\/ul>\n<\/div><\/div>\n<h2>Fazit: Chancen und Risiken des Helium Minings<\/h2>\n<p><img decoding=\"async\" class=\"wp-image-11964 alignleft\" src=\"https:\/\/99bitcoins.com\/de\/wp-content\/uploads\/sites\/3\/2024\/12\/helium-coin.png\" alt=\"helium coin\" width=\"100\" height=\"100\" srcset=\"https:\/\/99bitcoins.com\/de\/wp-content\/uploads\/sites\/3\/2024\/12\/helium-coin.png 200w, https:\/\/99bitcoins.com\/de\/wp-content\/uploads\/sites\/3\/2024\/12\/helium-coin-150x150.png 150w, https:\/\/99bitcoins.com\/de\/wp-content\/uploads\/sites\/3\/2024\/12\/helium-coin-64x64.png 64w\" sizes=\"(max-width: 100px) 100vw, 100px\" \/>Das Helium-Netzwerk bietet tolle Chancen f\u00fcr Anbieter und Nutzer von IoT-Ger\u00e4ten. <b>Helium-Miner<\/b> k\u00f6nnen durch Hotspots ein Einkommen erzielen. Sie tragen auch zum Aufbau eines dezentralen LoRaWAN-Netzwerks bei.<\/p>\n<p>IoT-Anbieter <strong>profitieren von kosteng\u00fcnstiger und energieeffizienter Konnektivit\u00e4t<\/strong>. Endnutzer haben neue M\u00f6glichkeiten, ihre Ger\u00e4te zu betreiben.<\/p>\n<p>Im Vergleich zum <a href=\"https:\/\/99bitcoins.com\/de\/wiki\/bitcoin-stromverbrauch\/\">Bitcoin-Stromverbrauch<\/a> ist Helium Mining deutlich energieeffizienter, <strong>da ein Helium-Hotspot nur maximal 5 Watt ben\u00f6tigt.<\/strong><\/p>\n<p>Das <b>Helium Mining<\/b> birgt jedoch Risiken. Dazu z\u00e4hlen die Volatilit\u00e4t des HNT-Tokens und regulatorische Unsicherheiten. Auch Lieferengp\u00e4sse und hohe Anschaffungskosten sind Herausforderungen.<\/p>\n<p>Die Attraktivit\u00e4t h\u00e4ngt von Standort, Investitionskosten und der Entwicklung des Projekts ab. Trotzdem zeigt das Helium-Netzwerk gro\u00dfes Potenzial f\u00fcr das Internet der Dinge.<\/p>\n<p>In der Zukunft k\u00f6nnte es Ger\u00e4ten energiesparende und kosteng\u00fcnstige Konnektivit\u00e4t bieten. Das <b>Helium Mining<\/b> ist daher f\u00fcr Krypto-Enthusiasten und IoT-Interessierte interessant.<\/p>\n<p><strong>\ud83d\udca1 Ihr <a href=\"https:\/\/99bitcoins.com\/de\/wiki\/\">Krypto-Wiki<\/a>: <\/strong>Analysen, Insights und alles Wichtige auf einen Blick!<\/p>\n","protected":false},"excerpt":{"rendered":"<p>Helium Mining ist ein dezentrales Netzwerk, das 2019 gestartet wurde. Es erm\u00f6glicht drahtlose Ger\u00e4te mit wenig Strom zu verbinden. Wenn Sie sich fragen, &#8222;Was ist Helium Mining?&#8220; und wie man den Helium Mining Standort pr\u00fcfen kann, um die Rentabilit\u00e4t einzusch\u00e4tzen, dann sind Sie hier richtig. Was ist Helium Mining und wie funktioniert es? Helium Mining..<\/p>\n","protected":false},"author":135847,"featured_media":11963,"parent":2287,"menu_order":0,"comment_status":"closed","ping_status":"closed","template":"","meta":{"_acf_changed":false,"inline_featured_image":false,"footnotes":""},"class_list":["post-11940","page","type-page","status-publish","has-post-thumbnail","hentry"],"acf":[],"yoast_head":"<!-- This site is optimized with the Yoast SEO plugin v27.2 - https:\/\/yoast.com\/product\/yoast-seo-wordpress\/ -->\n<title>Helium Mining erkl\u00e4rt: Chancen, Risiken und Anleitung<\/title>\n<meta name=\"description\" content=\"Alles \u00fcber Helium Mining: Funktionsweise, Standortwahl und HNT-Verdienstm\u00f6glichkeiten. Chancen nutzen, Risiken kennen!\" \/>\n<meta name=\"robots\" content=\"index, follow, max-snippet:-1, max-image-preview:large, max-video-preview:-1\" \/>\n<link rel=\"canonical\" href=\"https:\/\/99bitcoins.com\/de\/wiki\/helium-mining\/\" \/>\n<meta property=\"og:locale\" content=\"de_DE\" \/>\n<meta property=\"og:type\" content=\"article\" \/>\n<meta property=\"og:title\" content=\"Helium Mining erkl\u00e4rt: Chancen, Risiken und Anleitung\" \/>\n<meta property=\"og:description\" content=\"Alles \u00fcber Helium Mining: Funktionsweise, Standortwahl und HNT-Verdienstm\u00f6glichkeiten. Chancen nutzen, Risiken kennen!\" \/>\n<meta property=\"og:url\" content=\"https:\/\/99bitcoins.com\/de\/wiki\/helium-mining\/\" \/>\n<meta property=\"og:site_name\" content=\"99bitcoins DE\" \/>\n<meta property=\"article:modified_time\" content=\"2025-10-29T20:40:55+00:00\" \/>\n<meta property=\"og:image\" content=\"https:\/\/99bitcoins.com\/de\/wp-content\/uploads\/sites\/3\/2024\/12\/helium-mining.webp\" \/>\n\t<meta property=\"og:image:width\" content=\"1440\" \/>\n\t<meta property=\"og:image:height\" content=\"810\" \/>\n\t<meta property=\"og:image:type\" content=\"image\/webp\" \/>\n<meta name=\"twitter:card\" content=\"summary_large_image\" \/>\n<meta name=\"twitter:label1\" content=\"Est. reading time\" \/>\n\t<meta name=\"twitter:data1\" content=\"5\u00a0Minuten\" \/>\n<script type=\"application\/ld+json\" class=\"yoast-schema-graph\">{\"@context\":\"https:\/\/schema.org\",\"@graph\":[{\"@type\":\"Article\",\"@id\":\"https:\/\/99bitcoins.com\/de\/wiki\/helium-mining\/#article\",\"isPartOf\":{\"@id\":\"https:\/\/99bitcoins.com\/de\/wiki\/helium-mining\/\"},\"author\":{\"name\":\"Laura Gentile\",\"@id\":\"https:\/\/99bitcoins.com\/de\/#\/schema\/person\/eac03a60b740f60e39f8f81398b1fc2f\"},\"headline\":\"Was ist Helium Mining? Grundlagen verst\u00e4ndlich erkl\u00e4rt\",\"datePublished\":\"2024-12-30T17:12:54+00:00\",\"dateModified\":\"2025-10-29T20:40:55+00:00\",\"mainEntityOfPage\":{\"@id\":\"https:\/\/99bitcoins.com\/de\/wiki\/helium-mining\/\"},\"wordCount\":772,\"publisher\":{\"@id\":\"https:\/\/99bitcoins.com\/de\/#organization\"},\"image\":{\"@id\":\"https:\/\/99bitcoins.com\/de\/wiki\/helium-mining\/#primaryimage\"},\"thumbnailUrl\":\"https:\/\/99bitcoins.com\/de\/wp-content\/uploads\/sites\/3\/2024\/12\/helium-mining.webp\",\"inLanguage\":\"de\"},{\"@type\":\"WebPage\",\"@id\":\"https:\/\/99bitcoins.com\/de\/wiki\/helium-mining\/\",\"url\":\"https:\/\/99bitcoins.com\/de\/wiki\/helium-mining\/\",\"name\":\"Helium Mining erkl\u00e4rt: Chancen, Risiken und Anleitung\",\"isPartOf\":{\"@id\":\"https:\/\/99bitcoins.com\/de\/#website\"},\"primaryImageOfPage\":{\"@id\":\"https:\/\/99bitcoins.com\/de\/wiki\/helium-mining\/#primaryimage\"},\"image\":{\"@id\":\"https:\/\/99bitcoins.com\/de\/wiki\/helium-mining\/#primaryimage\"},\"thumbnailUrl\":\"https:\/\/99bitcoins.com\/de\/wp-content\/uploads\/sites\/3\/2024\/12\/helium-mining.webp\",\"datePublished\":\"2024-12-30T17:12:54+00:00\",\"dateModified\":\"2025-10-29T20:40:55+00:00\",\"description\":\"Alles \u00fcber Helium Mining: Funktionsweise, Standortwahl und HNT-Verdienstm\u00f6glichkeiten. Chancen nutzen, Risiken kennen!\",\"breadcrumb\":{\"@id\":\"https:\/\/99bitcoins.com\/de\/wiki\/helium-mining\/#breadcrumb\"},\"inLanguage\":\"de\",\"potentialAction\":[{\"@type\":\"ReadAction\",\"target\":[\"https:\/\/99bitcoins.com\/de\/wiki\/helium-mining\/\"]}]},{\"@type\":\"ImageObject\",\"inLanguage\":\"de\",\"@id\":\"https:\/\/99bitcoins.com\/de\/wiki\/helium-mining\/#primaryimage\",\"url\":\"https:\/\/99bitcoins.com\/de\/wp-content\/uploads\/sites\/3\/2024\/12\/helium-mining.webp\",\"contentUrl\":\"https:\/\/99bitcoins.com\/de\/wp-content\/uploads\/sites\/3\/2024\/12\/helium-mining.webp\",\"width\":1440,\"height\":810,\"caption\":\"helium mining\"},{\"@type\":\"BreadcrumbList\",\"@id\":\"https:\/\/99bitcoins.com\/de\/wiki\/helium-mining\/#breadcrumb\",\"itemListElement\":[{\"@type\":\"ListItem\",\"position\":1,\"name\":\"Home\",\"item\":\"https:\/\/99bitcoins.com\/de\/\"},{\"@type\":\"ListItem\",\"position\":2,\"name\":\"Krypto Wiki\",\"item\":\"https:\/\/99bitcoins.com\/de\/wiki\/\"},{\"@type\":\"ListItem\",\"position\":3,\"name\":\"Helium Mining\"}]},{\"@type\":\"WebSite\",\"@id\":\"https:\/\/99bitcoins.com\/de\/#website\",\"url\":\"https:\/\/99bitcoins.com\/de\/\",\"name\":\"99bitcoins DE\",\"description\":\"\",\"publisher\":{\"@id\":\"https:\/\/99bitcoins.com\/de\/#organization\"},\"potentialAction\":[{\"@type\":\"SearchAction\",\"target\":{\"@type\":\"EntryPoint\",\"urlTemplate\":\"https:\/\/99bitcoins.com\/de\/?s={search_term_string}\"},\"query-input\":{\"@type\":\"PropertyValueSpecification\",\"valueRequired\":true,\"valueName\":\"search_term_string\"}}],\"inLanguage\":\"de\"},{\"@type\":\"Organization\",\"@id\":\"https:\/\/99bitcoins.com\/de\/#organization\",\"name\":\"99bitcoins\",\"alternateName\":\"99bitcoins\",\"url\":\"https:\/\/99bitcoins.com\/de\/\",\"logo\":{\"@type\":\"ImageObject\",\"inLanguage\":\"de\",\"@id\":\"https:\/\/99bitcoins.com\/de\/#\/schema\/logo\/image\/\",\"url\":\"https:\/\/99bitcoins.com\/de\/wp-content\/uploads\/sites\/3\/2024\/05\/99Bitcoins-Logo.png\",\"contentUrl\":\"https:\/\/99bitcoins.com\/de\/wp-content\/uploads\/sites\/3\/2024\/05\/99Bitcoins-Logo.png\",\"width\":327,\"height\":276,\"caption\":\"99bitcoins\"},\"image\":{\"@id\":\"https:\/\/99bitcoins.com\/de\/#\/schema\/logo\/image\/\"}},{\"@type\":\"Person\",\"@id\":\"https:\/\/99bitcoins.com\/de\/#\/schema\/person\/eac03a60b740f60e39f8f81398b1fc2f\",\"name\":\"Laura Gentile\",\"image\":{\"@type\":\"ImageObject\",\"inLanguage\":\"de\",\"@id\":\"https:\/\/secure.gravatar.com\/avatar\/5b3e48d7a981e54e157ba79e9e932ba1f16690cc7758c2d35b3402cdb5966935?s=96&d=mm&r=g\",\"url\":\"https:\/\/secure.gravatar.com\/avatar\/5b3e48d7a981e54e157ba79e9e932ba1f16690cc7758c2d35b3402cdb5966935?s=96&d=mm&r=g\",\"contentUrl\":\"https:\/\/secure.gravatar.com\/avatar\/5b3e48d7a981e54e157ba79e9e932ba1f16690cc7758c2d35b3402cdb5966935?s=96&d=mm&r=g\",\"caption\":\"Laura Gentile\"},\"description\":\"Laura Gentile ist Krypto-Autorin bei 99Bitcoins mit einem inhaltlichen Schwerpunkt auf Presale-Coins und fr\u00fchen Krypto-Projekten. Sie analysiert Token-Konzepte, Tokenomics, Roadmaps und Risikofaktoren und bereitet diese Informationen strukturiert, nachvollziehbar und faktenbasiert auf. Als Lead-Autorin f\u00fcr die 99Bitcoins-Wiki-Inhalte verantwortet Laura die Erstellung und Pflege erkl\u00e4render Grundlagenartikel rund um Kryptow\u00e4hrungen. Dabei stellt sie sicher, dass komplexe Sachverhalte verst\u00e4ndlich, pr\u00e4zise und aktuell dargestellt werden. Zus\u00e4tzlich fungiert sie als Faktencheckerin f\u00fcr alle \u201eKrypto kaufen\u201c-Artikel. In dieser Rolle \u00fcberpr\u00fcft sie Informationen zu Kaufprozessen, Zahlungsmethoden, Geb\u00fchren, Risiken und rechtlichen Hinweisen auf Richtigkeit und Transparenz, um Lesern eine verl\u00e4ssliche Entscheidungsgrundlage zu bieten. Durch ihre journalistische Ausbildung, eigene Investmenterfahrung und ihren strukturierten Arbeitsansatz tr\u00e4gt Laura ma\u00dfgeblich zur Qualit\u00e4t, Vertrauensw\u00fcrdigkeit und inhaltlichen Konsistenz der 99Bitcoins-Inhalte bei.\",\"sameAs\":[\"https:\/\/www.linkedin.com\/in\/laura-gentile-designandcoach\/\"],\"url\":\"https:\/\/99bitcoins.com\/de\/author\/lauragentile\/\"}]}<\/script>\n<!-- \/ Yoast SEO plugin. -->","yoast_head_json":{"title":"Helium Mining erkl\u00e4rt: Chancen, Risiken und Anleitung","description":"Alles \u00fcber Helium Mining: Funktionsweise, Standortwahl und HNT-Verdienstm\u00f6glichkeiten. Chancen nutzen, Risiken kennen!","robots":{"index":"index","follow":"follow","max-snippet":"max-snippet:-1","max-image-preview":"max-image-preview:large","max-video-preview":"max-video-preview:-1"},"canonical":"https:\/\/99bitcoins.com\/de\/wiki\/helium-mining\/","og_locale":"de_DE","og_type":"article","og_title":"Helium Mining erkl\u00e4rt: Chancen, Risiken und Anleitung","og_description":"Alles \u00fcber Helium Mining: Funktionsweise, Standortwahl und HNT-Verdienstm\u00f6glichkeiten. Chancen nutzen, Risiken kennen!","og_url":"https:\/\/99bitcoins.com\/de\/wiki\/helium-mining\/","og_site_name":"99bitcoins DE","article_modified_time":"2025-10-29T20:40:55+00:00","og_image":[{"width":1440,"height":810,"url":"https:\/\/99bitcoins.com\/de\/wp-content\/uploads\/sites\/3\/2024\/12\/helium-mining.webp","type":"image\/webp"}],"twitter_card":"summary_large_image","twitter_misc":{"Est. reading time":"5\u00a0Minuten"},"schema":{"@context":"https:\/\/schema.org","@graph":[{"@type":"Article","@id":"https:\/\/99bitcoins.com\/de\/wiki\/helium-mining\/#article","isPartOf":{"@id":"https:\/\/99bitcoins.com\/de\/wiki\/helium-mining\/"},"author":{"name":"Laura Gentile","@id":"https:\/\/99bitcoins.com\/de\/#\/schema\/person\/eac03a60b740f60e39f8f81398b1fc2f"},"headline":"Was ist Helium Mining? Grundlagen verst\u00e4ndlich erkl\u00e4rt","datePublished":"2024-12-30T17:12:54+00:00","dateModified":"2025-10-29T20:40:55+00:00","mainEntityOfPage":{"@id":"https:\/\/99bitcoins.com\/de\/wiki\/helium-mining\/"},"wordCount":772,"publisher":{"@id":"https:\/\/99bitcoins.com\/de\/#organization"},"image":{"@id":"https:\/\/99bitcoins.com\/de\/wiki\/helium-mining\/#primaryimage"},"thumbnailUrl":"https:\/\/99bitcoins.com\/de\/wp-content\/uploads\/sites\/3\/2024\/12\/helium-mining.webp","inLanguage":"de"},{"@type":"WebPage","@id":"https:\/\/99bitcoins.com\/de\/wiki\/helium-mining\/","url":"https:\/\/99bitcoins.com\/de\/wiki\/helium-mining\/","name":"Helium Mining erkl\u00e4rt: Chancen, Risiken und Anleitung","isPartOf":{"@id":"https:\/\/99bitcoins.com\/de\/#website"},"primaryImageOfPage":{"@id":"https:\/\/99bitcoins.com\/de\/wiki\/helium-mining\/#primaryimage"},"image":{"@id":"https:\/\/99bitcoins.com\/de\/wiki\/helium-mining\/#primaryimage"},"thumbnailUrl":"https:\/\/99bitcoins.com\/de\/wp-content\/uploads\/sites\/3\/2024\/12\/helium-mining.webp","datePublished":"2024-12-30T17:12:54+00:00","dateModified":"2025-10-29T20:40:55+00:00","description":"Alles \u00fcber Helium Mining: Funktionsweise, Standortwahl und HNT-Verdienstm\u00f6glichkeiten. Chancen nutzen, Risiken kennen!","breadcrumb":{"@id":"https:\/\/99bitcoins.com\/de\/wiki\/helium-mining\/#breadcrumb"},"inLanguage":"de","potentialAction":[{"@type":"ReadAction","target":["https:\/\/99bitcoins.com\/de\/wiki\/helium-mining\/"]}]},{"@type":"ImageObject","inLanguage":"de","@id":"https:\/\/99bitcoins.com\/de\/wiki\/helium-mining\/#primaryimage","url":"https:\/\/99bitcoins.com\/de\/wp-content\/uploads\/sites\/3\/2024\/12\/helium-mining.webp","contentUrl":"https:\/\/99bitcoins.com\/de\/wp-content\/uploads\/sites\/3\/2024\/12\/helium-mining.webp","width":1440,"height":810,"caption":"helium mining"},{"@type":"BreadcrumbList","@id":"https:\/\/99bitcoins.com\/de\/wiki\/helium-mining\/#breadcrumb","itemListElement":[{"@type":"ListItem","position":1,"name":"Home","item":"https:\/\/99bitcoins.com\/de\/"},{"@type":"ListItem","position":2,"name":"Krypto Wiki","item":"https:\/\/99bitcoins.com\/de\/wiki\/"},{"@type":"ListItem","position":3,"name":"Helium Mining"}]},{"@type":"WebSite","@id":"https:\/\/99bitcoins.com\/de\/#website","url":"https:\/\/99bitcoins.com\/de\/","name":"99bitcoins DE","description":"","publisher":{"@id":"https:\/\/99bitcoins.com\/de\/#organization"},"potentialAction":[{"@type":"SearchAction","target":{"@type":"EntryPoint","urlTemplate":"https:\/\/99bitcoins.com\/de\/?s={search_term_string}"},"query-input":{"@type":"PropertyValueSpecification","valueRequired":true,"valueName":"search_term_string"}}],"inLanguage":"de"},{"@type":"Organization","@id":"https:\/\/99bitcoins.com\/de\/#organization","name":"99bitcoins","alternateName":"99bitcoins","url":"https:\/\/99bitcoins.com\/de\/","logo":{"@type":"ImageObject","inLanguage":"de","@id":"https:\/\/99bitcoins.com\/de\/#\/schema\/logo\/image\/","url":"https:\/\/99bitcoins.com\/de\/wp-content\/uploads\/sites\/3\/2024\/05\/99Bitcoins-Logo.png","contentUrl":"https:\/\/99bitcoins.com\/de\/wp-content\/uploads\/sites\/3\/2024\/05\/99Bitcoins-Logo.png","width":327,"height":276,"caption":"99bitcoins"},"image":{"@id":"https:\/\/99bitcoins.com\/de\/#\/schema\/logo\/image\/"}},{"@type":"Person","@id":"https:\/\/99bitcoins.com\/de\/#\/schema\/person\/eac03a60b740f60e39f8f81398b1fc2f","name":"Laura Gentile","image":{"@type":"ImageObject","inLanguage":"de","@id":"https:\/\/secure.gravatar.com\/avatar\/5b3e48d7a981e54e157ba79e9e932ba1f16690cc7758c2d35b3402cdb5966935?s=96&d=mm&r=g","url":"https:\/\/secure.gravatar.com\/avatar\/5b3e48d7a981e54e157ba79e9e932ba1f16690cc7758c2d35b3402cdb5966935?s=96&d=mm&r=g","contentUrl":"https:\/\/secure.gravatar.com\/avatar\/5b3e48d7a981e54e157ba79e9e932ba1f16690cc7758c2d35b3402cdb5966935?s=96&d=mm&r=g","caption":"Laura Gentile"},"description":"Laura Gentile ist Krypto-Autorin bei 99Bitcoins mit einem inhaltlichen Schwerpunkt auf Presale-Coins und fr\u00fchen Krypto-Projekten. Sie analysiert Token-Konzepte, Tokenomics, Roadmaps und Risikofaktoren und bereitet diese Informationen strukturiert, nachvollziehbar und faktenbasiert auf. Als Lead-Autorin f\u00fcr die 99Bitcoins-Wiki-Inhalte verantwortet Laura die Erstellung und Pflege erkl\u00e4render Grundlagenartikel rund um Kryptow\u00e4hrungen. Dabei stellt sie sicher, dass komplexe Sachverhalte verst\u00e4ndlich, pr\u00e4zise und aktuell dargestellt werden. Zus\u00e4tzlich fungiert sie als Faktencheckerin f\u00fcr alle \u201eKrypto kaufen\u201c-Artikel. In dieser Rolle \u00fcberpr\u00fcft sie Informationen zu Kaufprozessen, Zahlungsmethoden, Geb\u00fchren, Risiken und rechtlichen Hinweisen auf Richtigkeit und Transparenz, um Lesern eine verl\u00e4ssliche Entscheidungsgrundlage zu bieten. Durch ihre journalistische Ausbildung, eigene Investmenterfahrung und ihren strukturierten Arbeitsansatz tr\u00e4gt Laura ma\u00dfgeblich zur Qualit\u00e4t, Vertrauensw\u00fcrdigkeit und inhaltlichen Konsistenz der 99Bitcoins-Inhalte bei.","sameAs":["https:\/\/www.linkedin.com\/in\/laura-gentile-designandcoach\/"],"url":"https:\/\/99bitcoins.com\/de\/author\/lauragentile\/"}]}},"_links":{"self":[{"href":"https:\/\/99bitcoins.com\/de\/wp-json\/wp\/v2\/pages\/11940","targetHints":{"allow":["GET"]}}],"collection":[{"href":"https:\/\/99bitcoins.com\/de\/wp-json\/wp\/v2\/pages"}],"about":[{"href":"https:\/\/99bitcoins.com\/de\/wp-json\/wp\/v2\/types\/page"}],"author":[{"embeddable":true,"href":"https:\/\/99bitcoins.com\/de\/wp-json\/wp\/v2\/users\/135847"}],"replies":[{"embeddable":true,"href":"https:\/\/99bitcoins.com\/de\/wp-json\/wp\/v2\/comments?post=11940"}],"version-history":[{"count":5,"href":"https:\/\/99bitcoins.com\/de\/wp-json\/wp\/v2\/pages\/11940\/revisions"}],"predecessor-version":[{"id":50056,"href":"https:\/\/99bitcoins.com\/de\/wp-json\/wp\/v2\/pages\/11940\/revisions\/50056"}],"up":[{"embeddable":true,"href":"https:\/\/99bitcoins.com\/de\/wp-json\/wp\/v2\/pages\/2287"}],"wp:featuredmedia":[{"embeddable":true,"href":"https:\/\/99bitcoins.com\/de\/wp-json\/wp\/v2\/media\/11963"}],"wp:attachment":[{"href":"https:\/\/99bitcoins.com\/de\/wp-json\/wp\/v2\/media?parent=11940"}],"curies":[{"name":"wp","href":"https:\/\/api.w.org\/{rel}","templated":true}]}}