{"id":19,"date":"2025-01-28T14:45:27","date_gmt":"2025-01-28T14:45:27","guid":{"rendered":"https:\/\/99bitcoins.com\/br\/?page_id=19"},"modified":"2025-04-28T21:43:40","modified_gmt":"2025-04-28T21:43:40","slug":"home","status":"publish","type":"page","link":"https:\/\/99bitcoins.com\/br\/","title":{"rendered":"Home"},"content":{"rendered":"<p>&nbsp;<\/p>\n<div id=\"acfifjfajpekbmhmjppnmmjgmhjkildl\" class=\"acfifjfajpekbmhmjppnmmjgmhjkildl\"><\/div>\n<div id=\"acfifjfajpekbmhmjppnmmjgmhjkildl\" class=\"acfifjfajpekbmhmjppnmmjgmhjkildl\"><\/div>\n<div id=\"acfifjfajpekbmhmjppnmmjgmhjkildl\" class=\"acfifjfajpekbmhmjppnmmjgmhjkildl\"><\/div>\n<div id=\"acfifjfajpekbmhmjppnmmjgmhjkildl\" class=\"acfifjfajpekbmhmjppnmmjgmhjkildl\"><\/div>\n<div id=\"acfifjfajpekbmhmjppnmmjgmhjkildl\" class=\"acfifjfajpekbmhmjppnmmjgmhjkildl\"><\/div>\n<div id=\"acfifjfajpekbmhmjppnmmjgmhjkildl\" class=\"acfifjfajpekbmhmjppnmmjgmhjkildl\"><\/div>\n<div id=\"acfifjfajpekbmhmjppnmmjgmhjkildl\" class=\"acfifjfajpekbmhmjppnmmjgmhjkildl\"><\/div>\n<div id=\"acfifjfajpekbmhmjppnmmjgmhjkildl\" class=\"acfifjfajpekbmhmjppnmmjgmhjkildl\"><\/div>\n<div id=\"acfifjfajpekbmhmjppnmmjgmhjkildl\" class=\"acfifjfajpekbmhmjppnmmjgmhjkildl\"><\/div>\n<div id=\"acfifjfajpekbmhmjppnmmjgmhjkildl\" class=\"acfifjfajpekbmhmjppnmmjgmhjkildl\"><\/div>\n<div id=\"acfifjfajpekbmhmjppnmmjgmhjkildl\" class=\"acfifjfajpekbmhmjppnmmjgmhjkildl\"><\/div>\n<div id=\"acfifjfajpekbmhmjppnmmjgmhjkildl\" class=\"acfifjfajpekbmhmjppnmmjgmhjkildl\"><\/div>\n<div id=\"acfifjfajpekbmhmjppnmmjgmhjkildl\" class=\"acfifjfajpekbmhmjppnmmjgmhjkildl\"><\/div>\n<div id=\"acfifjfajpekbmhmjppnmmjgmhjkildl\" class=\"acfifjfajpekbmhmjppnmmjgmhjkildl\"><\/div>\n<div id=\"acfifjfajpekbmhmjppnmmjgmhjkildl\" class=\"acfifjfajpekbmhmjppnmmjgmhjkildl\"><\/div>\n<div id=\"acfifjfajpekbmhmjppnmmjgmhjkildl\" class=\"acfifjfajpekbmhmjppnmmjgmhjkildl\"><\/div>\n<div id=\"acfifjfajpekbmhmjppnmmjgmhjkildl\" class=\"acfifjfajpekbmhmjppnmmjgmhjkildl\"><\/div>\n<div id=\"acfifjfajpekbmhmjppnmmjgmhjkildl\" class=\"acfifjfajpekbmhmjppnmmjgmhjkildl\"><\/div>\n<div id=\"acfifjfajpekbmhmjppnmmjgmhjkildl\" class=\"acfifjfajpekbmhmjppnmmjgmhjkildl\"><\/div>\n<div id=\"acfifjfajpekbmhmjppnmmjgmhjkildl\" class=\"acfifjfajpekbmhmjppnmmjgmhjkildl\"><\/div>\n<div id=\"acfifjfajpekbmhmjppnmmjgmhjkildl\" class=\"acfifjfajpekbmhmjppnmmjgmhjkildl\"><\/div>\n<div id=\"acfifjfajpekbmhmjppnmmjgmhjkildl\" class=\"acfifjfajpekbmhmjppnmmjgmhjkildl\"><\/div>\n<div id=\"acfifjfajpekbmhmjppnmmjgmhjkildl\" class=\"acfifjfajpekbmhmjppnmmjgmhjkildl\"><\/div>\n<div id=\"acfifjfajpekbmhmjppnmmjgmhjkildl\" class=\"acfifjfajpekbmhmjppnmmjgmhjkildl\"><\/div>\n<div id=\"acfifjfajpekbmhmjppnmmjgmhjkildl\" class=\"acfifjfajpekbmhmjppnmmjgmhjkildl\"><\/div>\n","protected":false},"excerpt":{"rendered":"<p>&nbsp;<\/p>\n","protected":false},"author":135846,"featured_media":14955,"parent":0,"menu_order":0,"comment_status":"closed","ping_status":"closed","template":"front-page.php","meta":{"_acf_changed":false,"inline_featured_image":false,"footnotes":""},"class_list":["post-19","page","type-page","status-publish","has-post-thumbnail","hentry"],"acf":[],"yoast_head":"<!-- This site is optimized with the Yoast SEO plugin v27.4 - https:\/\/yoast.com\/product\/yoast-seo-wordpress\/ -->\n<title>99Bitcoins: tudo sobre Bitcoin | Melhores carteiras e corretoras de Bitcoin<\/title>\n<meta name=\"description\" content=\"O 99Bitcoins oferece tutoriais atualizados sobre como comprar Bitcoin, minera\u00e7\u00e3o de Bitcoin, carteiras de Bitcoin e an\u00e1lises sobre as melhores exchanges de Bitcoin.\" \/>\n<meta name=\"robots\" content=\"index, follow, max-snippet:-1, max-image-preview:large, max-video-preview:-1\" \/>\n<link rel=\"canonical\" href=\"https:\/\/99bitcoins.com\/br\/\" \/>\n<meta property=\"og:locale\" content=\"pt_BR\" \/>\n<meta property=\"og:type\" content=\"article\" \/>\n<meta property=\"og:title\" content=\"99Bitcoins: tudo sobre Bitcoin | Melhores carteiras e corretoras de Bitcoin\" \/>\n<meta property=\"og:description\" content=\"O 99Bitcoins oferece tutoriais atualizados sobre como comprar Bitcoin, minera\u00e7\u00e3o de Bitcoin, carteiras de Bitcoin e an\u00e1lises sobre as melhores exchanges de Bitcoin.\" \/>\n<meta property=\"og:url\" content=\"https:\/\/99bitcoins.com\/br\/\" \/>\n<meta property=\"og:site_name\" content=\"99Bitcoins Brasil\" \/>\n<meta property=\"article:modified_time\" content=\"2025-04-28T21:43:40+00:00\" \/>\n<meta property=\"og:image\" content=\"https:\/\/99bitcoins.com\/br\/wp-content\/uploads\/sites\/11\/2025\/06\/capa-99bitcoins.png\" \/>\n\t<meta property=\"og:image:width\" content=\"1200\" \/>\n\t<meta property=\"og:image:height\" content=\"628\" \/>\n\t<meta property=\"og:image:type\" content=\"image\/png\" \/>\n<meta name=\"twitter:card\" content=\"summary_large_image\" \/>\n<meta name=\"twitter:label1\" content=\"Est. reading time\" \/>\n\t<meta name=\"twitter:data1\" content=\"1 minuto\" \/>\n<script type=\"application\/ld+json\" class=\"yoast-schema-graph\">{\"@context\":\"https:\\\/\\\/schema.org\",\"@graph\":[{\"@type\":\"WebPage\",\"@id\":\"https:\\\/\\\/99bitcoins.com\\\/br\\\/\",\"url\":\"https:\\\/\\\/99bitcoins.com\\\/br\\\/\",\"name\":\"99Bitcoins: tudo sobre Bitcoin | Melhores carteiras e corretoras de Bitcoin\",\"isPartOf\":{\"@id\":\"https:\\\/\\\/99bitcoins.com\\\/br\\\/#website\"},\"primaryImageOfPage\":{\"@id\":\"https:\\\/\\\/99bitcoins.com\\\/br\\\/#primaryimage\"},\"image\":{\"@id\":\"https:\\\/\\\/99bitcoins.com\\\/br\\\/#primaryimage\"},\"thumbnailUrl\":\"https:\\\/\\\/99bitcoins.com\\\/br\\\/wp-content\\\/uploads\\\/sites\\\/11\\\/2025\\\/06\\\/capa-99bitcoins.png\",\"datePublished\":\"2025-01-28T14:45:27+00:00\",\"dateModified\":\"2025-04-28T21:43:40+00:00\",\"description\":\"O 99Bitcoins oferece tutoriais atualizados sobre como comprar Bitcoin, minera\u00e7\u00e3o de Bitcoin, carteiras de Bitcoin e an\u00e1lises sobre as melhores exchanges de Bitcoin.\",\"breadcrumb\":{\"@id\":\"https:\\\/\\\/99bitcoins.com\\\/br\\\/#breadcrumb\"},\"inLanguage\":\"pt-BR\",\"potentialAction\":[{\"@type\":\"ReadAction\",\"target\":[\"https:\\\/\\\/99bitcoins.com\\\/br\\\/\"]}]},{\"@type\":\"ImageObject\",\"inLanguage\":\"pt-BR\",\"@id\":\"https:\\\/\\\/99bitcoins.com\\\/br\\\/#primaryimage\",\"url\":\"https:\\\/\\\/99bitcoins.com\\\/br\\\/wp-content\\\/uploads\\\/sites\\\/11\\\/2025\\\/06\\\/capa-99bitcoins.png\",\"contentUrl\":\"https:\\\/\\\/99bitcoins.com\\\/br\\\/wp-content\\\/uploads\\\/sites\\\/11\\\/2025\\\/06\\\/capa-99bitcoins.png\",\"width\":1200,\"height\":628},{\"@type\":\"BreadcrumbList\",\"@id\":\"https:\\\/\\\/99bitcoins.com\\\/br\\\/#breadcrumb\",\"itemListElement\":[{\"@type\":\"ListItem\",\"position\":1,\"name\":\"Home\",\"item\":\"https:\\\/\\\/99bitcoins.com\\\/br\\\/\"},{\"@type\":\"ListItem\",\"position\":2,\"name\":\"Home\"}]},{\"@type\":\"WebSite\",\"@id\":\"https:\\\/\\\/99bitcoins.com\\\/br\\\/#website\",\"url\":\"https:\\\/\\\/99bitcoins.com\\\/br\\\/\",\"name\":\"99Bitcoins Brasil\",\"description\":\"\",\"potentialAction\":[{\"@type\":\"SearchAction\",\"target\":{\"@type\":\"EntryPoint\",\"urlTemplate\":\"https:\\\/\\\/99bitcoins.com\\\/br\\\/?s={search_term_string}\"},\"query-input\":{\"@type\":\"PropertyValueSpecification\",\"valueRequired\":true,\"valueName\":\"search_term_string\"}}],\"inLanguage\":\"pt-BR\"}]}<\/script>\n<!-- \/ Yoast SEO plugin. -->","yoast_head_json":{"title":"99Bitcoins: tudo sobre Bitcoin | Melhores carteiras e corretoras de Bitcoin","description":"O 99Bitcoins oferece tutoriais atualizados sobre como comprar Bitcoin, minera\u00e7\u00e3o de Bitcoin, carteiras de Bitcoin e an\u00e1lises sobre as melhores exchanges de Bitcoin.","robots":{"index":"index","follow":"follow","max-snippet":"max-snippet:-1","max-image-preview":"max-image-preview:large","max-video-preview":"max-video-preview:-1"},"canonical":"https:\/\/99bitcoins.com\/br\/","og_locale":"pt_BR","og_type":"article","og_title":"99Bitcoins: tudo sobre Bitcoin | Melhores carteiras e corretoras de Bitcoin","og_description":"O 99Bitcoins oferece tutoriais atualizados sobre como comprar Bitcoin, minera\u00e7\u00e3o de Bitcoin, carteiras de Bitcoin e an\u00e1lises sobre as melhores exchanges de Bitcoin.","og_url":"https:\/\/99bitcoins.com\/br\/","og_site_name":"99Bitcoins Brasil","article_modified_time":"2025-04-28T21:43:40+00:00","og_image":[{"width":1200,"height":628,"url":"https:\/\/99bitcoins.com\/br\/wp-content\/uploads\/sites\/11\/2025\/06\/capa-99bitcoins.png","type":"image\/png"}],"twitter_card":"summary_large_image","twitter_misc":{"Est. reading time":"1 minuto"},"schema":{"@context":"https:\/\/schema.org","@graph":[{"@type":"WebPage","@id":"https:\/\/99bitcoins.com\/br\/","url":"https:\/\/99bitcoins.com\/br\/","name":"99Bitcoins: tudo sobre Bitcoin | Melhores carteiras e corretoras de Bitcoin","isPartOf":{"@id":"https:\/\/99bitcoins.com\/br\/#website"},"primaryImageOfPage":{"@id":"https:\/\/99bitcoins.com\/br\/#primaryimage"},"image":{"@id":"https:\/\/99bitcoins.com\/br\/#primaryimage"},"thumbnailUrl":"https:\/\/99bitcoins.com\/br\/wp-content\/uploads\/sites\/11\/2025\/06\/capa-99bitcoins.png","datePublished":"2025-01-28T14:45:27+00:00","dateModified":"2025-04-28T21:43:40+00:00","description":"O 99Bitcoins oferece tutoriais atualizados sobre como comprar Bitcoin, minera\u00e7\u00e3o de Bitcoin, carteiras de Bitcoin e an\u00e1lises sobre as melhores exchanges de Bitcoin.","breadcrumb":{"@id":"https:\/\/99bitcoins.com\/br\/#breadcrumb"},"inLanguage":"pt-BR","potentialAction":[{"@type":"ReadAction","target":["https:\/\/99bitcoins.com\/br\/"]}]},{"@type":"ImageObject","inLanguage":"pt-BR","@id":"https:\/\/99bitcoins.com\/br\/#primaryimage","url":"https:\/\/99bitcoins.com\/br\/wp-content\/uploads\/sites\/11\/2025\/06\/capa-99bitcoins.png","contentUrl":"https:\/\/99bitcoins.com\/br\/wp-content\/uploads\/sites\/11\/2025\/06\/capa-99bitcoins.png","width":1200,"height":628},{"@type":"BreadcrumbList","@id":"https:\/\/99bitcoins.com\/br\/#breadcrumb","itemListElement":[{"@type":"ListItem","position":1,"name":"Home","item":"https:\/\/99bitcoins.com\/br\/"},{"@type":"ListItem","position":2,"name":"Home"}]},{"@type":"WebSite","@id":"https:\/\/99bitcoins.com\/br\/#website","url":"https:\/\/99bitcoins.com\/br\/","name":"99Bitcoins Brasil","description":"","potentialAction":[{"@type":"SearchAction","target":{"@type":"EntryPoint","urlTemplate":"https:\/\/99bitcoins.com\/br\/?s={search_term_string}"},"query-input":{"@type":"PropertyValueSpecification","valueRequired":true,"valueName":"search_term_string"}}],"inLanguage":"pt-BR"}]}},"_links":{"self":[{"href":"https:\/\/99bitcoins.com\/br\/wp-json\/wp\/v2\/pages\/19","targetHints":{"allow":["GET"]}}],"collection":[{"href":"https:\/\/99bitcoins.com\/br\/wp-json\/wp\/v2\/pages"}],"about":[{"href":"https:\/\/99bitcoins.com\/br\/wp-json\/wp\/v2\/types\/page"}],"author":[{"embeddable":true,"href":"https:\/\/99bitcoins.com\/br\/wp-json\/wp\/v2\/users\/135846"}],"replies":[{"embeddable":true,"href":"https:\/\/99bitcoins.com\/br\/wp-json\/wp\/v2\/comments?post=19"}],"version-history":[{"count":5,"href":"https:\/\/99bitcoins.com\/br\/wp-json\/wp\/v2\/pages\/19\/revisions"}],"predecessor-version":[{"id":36182,"href":"https:\/\/99bitcoins.com\/br\/wp-json\/wp\/v2\/pages\/19\/revisions\/36182"}],"wp:featuredmedia":[{"embeddable":true,"href":"https:\/\/99bitcoins.com\/br\/wp-json\/wp\/v2\/media\/14955"}],"wp:attachment":[{"href":"https:\/\/99bitcoins.com\/br\/wp-json\/wp\/v2\/media?parent=19"}],"curies":[{"name":"wp","href":"https:\/\/api.w.org\/{rel}","templated":true}]}}